{"id":9011,"date":"2026-01-16T11:08:36","date_gmt":"2026-01-16T11:08:36","guid":{"rendered":"https:\/\/nbcustoms.pt\/?post_type=product&#038;p=9011"},"modified":"2026-03-14T12:22:10","modified_gmt":"2026-03-14T12:22:10","slug":"farois-de-nevoeiro-transparentes-bmw-e90-e92-e93-e60-e61","status":"publish","type":"product","link":"https:\/\/nbcustoms.pt\/en\/product\/farois-de-nevoeiro-transparentes-bmw-e90-e92-e93-e60-e61\/","title":{"rendered":"Far\u00f3is de nevoeiro transparentes BMW E90\/E92\/E93\/ E60\/E61"},"content":{"rendered":"<p><strong><b>FAR\u00d3IS DE NEVOEIRO BMW E90\/E92\/E93\/ E60\/E61<\/b><\/strong><\/p>\n<p><strong><b>Compat\u00edvel:\u00a0<\/b><\/strong>BMW s\u00e9rie 3 E90\/E92\/E93 com para-choques look M3 e s\u00e9rie 5 E60\/E61 (2005-2011) com para-choques look M5<\/p>\n<p><strong>Modelo:<\/strong>\u00a0Transparentes<\/p>\n<p><strong>Inclu\u00ed:<\/strong>\u00a0Farol de nevoeiro direito e esquerdo + l\u00e2mpadas HB4<\/p>\n<p>Plug and play<\/p>\n<p>Caso tenha d\u00favidas na compatibilidade do produto com o seu carro entre em contacto<\/p>\n<p>Os artigos apresentados apenas s\u00e3o adequados para os modelos descritos<\/p>\n<p>Estes n\u00e3o s\u00e3o produtos originais da marca BMW<\/p>","protected":false},"excerpt":{"rendered":"<p>FAR\u00d3IS DE NEVOEIRO BMW E90\/E92\/E93\/ E60\/E61 Compat\u00edvel:\u00a0BMW s\u00e9rie 3 E90\/E92\/E93 com para-choques look M3 e s\u00e9rie 5 E60\/E61 (2005-2011) com para-choques look M5 Modelo:\u00a0Transparentes Inclu\u00ed:\u00a0Farol de nevoeiro direito e esquerdo + l\u00e2mpadas HB4 Plug and play Caso tenha d\u00favidas na compatibilidade do produto com o seu carro entre em contacto Os artigos apresentados apenas s\u00e3o [&hellip;]<\/p>\n","protected":false},"featured_media":9013,"template":"","meta":[],"product_brand":[162],"product_cat":[143,144,117,129],"product_tag":[149],"class_list":{"0":"post-9011","1":"product","2":"type-product","3":"status-publish","4":"has-post-thumbnail","6":"product_brand-bmw","7":"product_cat-e60","8":"product_cat-e61","9":"product_cat-iluminacao","10":"product_cat-serie-5","11":"product_tag-farois-de-nevoeiro","12":"product_shipping_class-xs","14":"first","15":"instock","16":"taxable","17":"shipping-taxable","18":"purchasable","19":"product-type-simple"},"yoast_head":"<!-- This site is optimized with the Yoast SEO Premium plugin v26.6 (Yoast SEO v26.6) - https:\/\/yoast.com\/wordpress\/plugins\/seo\/ -->\n<title>Far\u00f3is de nevoeiro transparentes BMW E90\/E92\/E93\/ E60\/E61 - NB Customs - Personaliza\u00e7\u00f5es BMW<\/title>\n<meta name=\"robots\" content=\"index, follow, max-snippet:-1, max-image-preview:large, max-video-preview:-1\" \/>\n<link rel=\"canonical\" href=\"https:\/\/nbcustoms.pt\/en\/product\/farois-de-nevoeiro-transparentes-bmw-e90-e92-e93-e60-e61\/\" \/>\n<meta property=\"og:locale\" content=\"en_GB\" \/>\n<meta property=\"og:type\" content=\"article\" \/>\n<meta property=\"og:title\" content=\"Far\u00f3is de nevoeiro transparentes BMW E90\/E92\/E93\/ E60\/E61\" \/>\n<meta property=\"og:description\" content=\"FAR\u00d3IS DE NEVOEIRO BMW E90\/E92\/E93\/ E60\/E61 Compat\u00edvel:\u00a0BMW s\u00e9rie 3 E90\/E92\/E93 com para-choques look M3 e s\u00e9rie 5 E60\/E61 (2005-2011) com para-choques look M5 Modelo:\u00a0Transparentes Inclu\u00ed:\u00a0Farol de nevoeiro direito e esquerdo + l\u00e2mpadas HB4 Plug and play Caso tenha d\u00favidas na compatibilidade do produto com o seu carro entre em contacto Os artigos apresentados apenas s\u00e3o [&hellip;]\" \/>\n<meta property=\"og:url\" content=\"https:\/\/nbcustoms.pt\/en\/product\/farois-de-nevoeiro-transparentes-bmw-e90-e92-e93-e60-e61\/\" \/>\n<meta property=\"og:site_name\" content=\"NB Customs - Personaliza\u00e7\u00f5es BMW\" \/>\n<meta property=\"article:modified_time\" content=\"2026-03-14T12:22:10+00:00\" \/>\n<meta property=\"og:image\" content=\"https:\/\/nbcustoms.pt\/wp-content\/uploads\/2026\/01\/7863837783.jpg\" \/>\n\t<meta property=\"og:image:width\" content=\"2000\" \/>\n\t<meta property=\"og:image:height\" content=\"2000\" \/>\n\t<meta property=\"og:image:type\" content=\"image\/jpeg\" \/>\n<meta name=\"twitter:card\" content=\"summary_large_image\" \/>\n<meta name=\"twitter:label1\" content=\"Est. reading time\" \/>\n\t<meta name=\"twitter:data1\" content=\"1 minute\" \/>\n<script type=\"application\/ld+json\" class=\"yoast-schema-graph\">{\"@context\":\"https:\/\/schema.org\",\"@graph\":[{\"@type\":\"WebPage\",\"@id\":\"https:\/\/nbcustoms.pt\/product\/farois-de-nevoeiro-transparentes-bmw-e90-e92-e93-e60-e61\/\",\"url\":\"https:\/\/nbcustoms.pt\/product\/farois-de-nevoeiro-transparentes-bmw-e90-e92-e93-e60-e61\/\",\"name\":\"Far\u00f3is de nevoeiro transparentes BMW E90\/E92\/E93\/ E60\/E61 - NB Customs - Personaliza\u00e7\u00f5es BMW\",\"isPartOf\":{\"@id\":\"https:\/\/nbcustoms.pt\/#website\"},\"primaryImageOfPage\":{\"@id\":\"https:\/\/nbcustoms.pt\/product\/farois-de-nevoeiro-transparentes-bmw-e90-e92-e93-e60-e61\/#primaryimage\"},\"image\":{\"@id\":\"https:\/\/nbcustoms.pt\/product\/farois-de-nevoeiro-transparentes-bmw-e90-e92-e93-e60-e61\/#primaryimage\"},\"thumbnailUrl\":\"https:\/\/nbcustoms.pt\/wp-content\/uploads\/2026\/01\/7863837783.jpg\",\"datePublished\":\"2026-01-16T11:08:36+00:00\",\"dateModified\":\"2026-03-14T12:22:10+00:00\",\"breadcrumb\":{\"@id\":\"https:\/\/nbcustoms.pt\/product\/farois-de-nevoeiro-transparentes-bmw-e90-e92-e93-e60-e61\/#breadcrumb\"},\"inLanguage\":\"en-GB\",\"potentialAction\":[{\"@type\":\"ReadAction\",\"target\":[\"https:\/\/nbcustoms.pt\/product\/farois-de-nevoeiro-transparentes-bmw-e90-e92-e93-e60-e61\/\"]}]},{\"@type\":\"ImageObject\",\"inLanguage\":\"en-GB\",\"@id\":\"https:\/\/nbcustoms.pt\/product\/farois-de-nevoeiro-transparentes-bmw-e90-e92-e93-e60-e61\/#primaryimage\",\"url\":\"https:\/\/nbcustoms.pt\/wp-content\/uploads\/2026\/01\/7863837783.jpg\",\"contentUrl\":\"https:\/\/nbcustoms.pt\/wp-content\/uploads\/2026\/01\/7863837783.jpg\",\"width\":2000,\"height\":2000},{\"@type\":\"BreadcrumbList\",\"@id\":\"https:\/\/nbcustoms.pt\/product\/farois-de-nevoeiro-transparentes-bmw-e90-e92-e93-e60-e61\/#breadcrumb\",\"itemListElement\":[{\"@type\":\"ListItem\",\"position\":1,\"name\":\"Home\",\"item\":\"https:\/\/nbcustoms.pt\/\"},{\"@type\":\"ListItem\",\"position\":2,\"name\":\"Loja\",\"item\":\"https:\/\/nbcustoms.pt\/loja\/\"},{\"@type\":\"ListItem\",\"position\":3,\"name\":\"Far\u00f3is de nevoeiro transparentes BMW E90\/E92\/E93\/ E60\/E61\"}]},{\"@type\":\"WebSite\",\"@id\":\"https:\/\/nbcustoms.pt\/#website\",\"url\":\"https:\/\/nbcustoms.pt\/\",\"name\":\"NB Customs - Personaliza\u00e7\u00f5es BMW\",\"description\":\"Transforma o teu BMW com especialistas.\",\"publisher\":{\"@id\":\"https:\/\/nbcustoms.pt\/#organization\"},\"potentialAction\":[{\"@type\":\"SearchAction\",\"target\":{\"@type\":\"EntryPoint\",\"urlTemplate\":\"https:\/\/nbcustoms.pt\/?s={search_term_string}\"},\"query-input\":{\"@type\":\"PropertyValueSpecification\",\"valueRequired\":true,\"valueName\":\"search_term_string\"}}],\"inLanguage\":\"en-GB\"},{\"@type\":\"Organization\",\"@id\":\"https:\/\/nbcustoms.pt\/#organization\",\"name\":\"NB Customs - Personaliza\u00e7\u00f5es BMW\",\"url\":\"https:\/\/nbcustoms.pt\/\",\"logo\":{\"@type\":\"ImageObject\",\"inLanguage\":\"en-GB\",\"@id\":\"https:\/\/nbcustoms.pt\/#\/schema\/logo\/image\/\",\"url\":\"https:\/\/nbcustoms.pt\/wp-content\/uploads\/2025\/12\/logo.jpg\",\"contentUrl\":\"https:\/\/nbcustoms.pt\/wp-content\/uploads\/2025\/12\/logo.jpg\",\"width\":450,\"height\":450,\"caption\":\"NB Customs - Personaliza\u00e7\u00f5es BMW\"},\"image\":{\"@id\":\"https:\/\/nbcustoms.pt\/#\/schema\/logo\/image\/\"},\"sameAs\":[\"https:\/\/www.instagram.com\/nb_customs__\/\"]}]}<\/script>\n<!-- \/ Yoast SEO Premium plugin. -->","yoast_head_json":{"title":"Far\u00f3is de nevoeiro transparentes BMW E90\/E92\/E93\/ E60\/E61 - NB Customs - Personaliza\u00e7\u00f5es BMW","robots":{"index":"index","follow":"follow","max-snippet":"max-snippet:-1","max-image-preview":"max-image-preview:large","max-video-preview":"max-video-preview:-1"},"canonical":"https:\/\/nbcustoms.pt\/en\/product\/farois-de-nevoeiro-transparentes-bmw-e90-e92-e93-e60-e61\/","og_locale":"en_GB","og_type":"article","og_title":"Far\u00f3is de nevoeiro transparentes BMW E90\/E92\/E93\/ E60\/E61","og_description":"FAR\u00d3IS DE NEVOEIRO BMW E90\/E92\/E93\/ E60\/E61 Compat\u00edvel:\u00a0BMW s\u00e9rie 3 E90\/E92\/E93 com para-choques look M3 e s\u00e9rie 5 E60\/E61 (2005-2011) com para-choques look M5 Modelo:\u00a0Transparentes Inclu\u00ed:\u00a0Farol de nevoeiro direito e esquerdo + l\u00e2mpadas HB4 Plug and play Caso tenha d\u00favidas na compatibilidade do produto com o seu carro entre em contacto Os artigos apresentados apenas s\u00e3o [&hellip;]","og_url":"https:\/\/nbcustoms.pt\/en\/product\/farois-de-nevoeiro-transparentes-bmw-e90-e92-e93-e60-e61\/","og_site_name":"NB Customs - Personaliza\u00e7\u00f5es BMW","article_modified_time":"2026-03-14T12:22:10+00:00","og_image":[{"width":2000,"height":2000,"url":"https:\/\/nbcustoms.pt\/wp-content\/uploads\/2026\/01\/7863837783.jpg","type":"image\/jpeg"}],"twitter_card":"summary_large_image","twitter_misc":{"Est. reading time":"1 minute"},"schema":{"@context":"https:\/\/schema.org","@graph":[{"@type":"WebPage","@id":"https:\/\/nbcustoms.pt\/product\/farois-de-nevoeiro-transparentes-bmw-e90-e92-e93-e60-e61\/","url":"https:\/\/nbcustoms.pt\/product\/farois-de-nevoeiro-transparentes-bmw-e90-e92-e93-e60-e61\/","name":"Far\u00f3is de nevoeiro transparentes BMW E90\/E92\/E93\/ E60\/E61 - NB Customs - Personaliza\u00e7\u00f5es BMW","isPartOf":{"@id":"https:\/\/nbcustoms.pt\/#website"},"primaryImageOfPage":{"@id":"https:\/\/nbcustoms.pt\/product\/farois-de-nevoeiro-transparentes-bmw-e90-e92-e93-e60-e61\/#primaryimage"},"image":{"@id":"https:\/\/nbcustoms.pt\/product\/farois-de-nevoeiro-transparentes-bmw-e90-e92-e93-e60-e61\/#primaryimage"},"thumbnailUrl":"https:\/\/nbcustoms.pt\/wp-content\/uploads\/2026\/01\/7863837783.jpg","datePublished":"2026-01-16T11:08:36+00:00","dateModified":"2026-03-14T12:22:10+00:00","breadcrumb":{"@id":"https:\/\/nbcustoms.pt\/product\/farois-de-nevoeiro-transparentes-bmw-e90-e92-e93-e60-e61\/#breadcrumb"},"inLanguage":"en-GB","potentialAction":[{"@type":"ReadAction","target":["https:\/\/nbcustoms.pt\/product\/farois-de-nevoeiro-transparentes-bmw-e90-e92-e93-e60-e61\/"]}]},{"@type":"ImageObject","inLanguage":"en-GB","@id":"https:\/\/nbcustoms.pt\/product\/farois-de-nevoeiro-transparentes-bmw-e90-e92-e93-e60-e61\/#primaryimage","url":"https:\/\/nbcustoms.pt\/wp-content\/uploads\/2026\/01\/7863837783.jpg","contentUrl":"https:\/\/nbcustoms.pt\/wp-content\/uploads\/2026\/01\/7863837783.jpg","width":2000,"height":2000},{"@type":"BreadcrumbList","@id":"https:\/\/nbcustoms.pt\/product\/farois-de-nevoeiro-transparentes-bmw-e90-e92-e93-e60-e61\/#breadcrumb","itemListElement":[{"@type":"ListItem","position":1,"name":"Home","item":"https:\/\/nbcustoms.pt\/"},{"@type":"ListItem","position":2,"name":"Loja","item":"https:\/\/nbcustoms.pt\/loja\/"},{"@type":"ListItem","position":3,"name":"Far\u00f3is de nevoeiro transparentes BMW E90\/E92\/E93\/ E60\/E61"}]},{"@type":"WebSite","@id":"https:\/\/nbcustoms.pt\/#website","url":"https:\/\/nbcustoms.pt\/","name":"NB Customs - Personaliza\u00e7\u00f5es BMW","description":"Transforma o teu BMW com especialistas.","publisher":{"@id":"https:\/\/nbcustoms.pt\/#organization"},"potentialAction":[{"@type":"SearchAction","target":{"@type":"EntryPoint","urlTemplate":"https:\/\/nbcustoms.pt\/?s={search_term_string}"},"query-input":{"@type":"PropertyValueSpecification","valueRequired":true,"valueName":"search_term_string"}}],"inLanguage":"en-GB"},{"@type":"Organization","@id":"https:\/\/nbcustoms.pt\/#organization","name":"NB Customs - Personaliza\u00e7\u00f5es BMW","url":"https:\/\/nbcustoms.pt\/","logo":{"@type":"ImageObject","inLanguage":"en-GB","@id":"https:\/\/nbcustoms.pt\/#\/schema\/logo\/image\/","url":"https:\/\/nbcustoms.pt\/wp-content\/uploads\/2025\/12\/logo.jpg","contentUrl":"https:\/\/nbcustoms.pt\/wp-content\/uploads\/2025\/12\/logo.jpg","width":450,"height":450,"caption":"NB Customs - Personaliza\u00e7\u00f5es BMW"},"image":{"@id":"https:\/\/nbcustoms.pt\/#\/schema\/logo\/image\/"},"sameAs":["https:\/\/www.instagram.com\/nb_customs__\/"]}]}},"jetpack_sharing_enabled":true,"_links":{"self":[{"href":"https:\/\/nbcustoms.pt\/en\/wp-json\/wp\/v2\/product\/9011","targetHints":{"allow":["GET"]}}],"collection":[{"href":"https:\/\/nbcustoms.pt\/en\/wp-json\/wp\/v2\/product"}],"about":[{"href":"https:\/\/nbcustoms.pt\/en\/wp-json\/wp\/v2\/types\/product"}],"wp:featuredmedia":[{"embeddable":true,"href":"https:\/\/nbcustoms.pt\/en\/wp-json\/wp\/v2\/media\/9013"}],"wp:attachment":[{"href":"https:\/\/nbcustoms.pt\/en\/wp-json\/wp\/v2\/media?parent=9011"}],"wp:term":[{"taxonomy":"product_brand","embeddable":true,"href":"https:\/\/nbcustoms.pt\/en\/wp-json\/wp\/v2\/product_brand?post=9011"},{"taxonomy":"product_cat","embeddable":true,"href":"https:\/\/nbcustoms.pt\/en\/wp-json\/wp\/v2\/product_cat?post=9011"},{"taxonomy":"product_tag","embeddable":true,"href":"https:\/\/nbcustoms.pt\/en\/wp-json\/wp\/v2\/product_tag?post=9011"}],"curies":[{"name":"wp","href":"https:\/\/api.w.org\/{rel}","templated":true}]}}