{"id":8576,"date":"2026-01-13T14:31:50","date_gmt":"2026-01-13T14:31:50","guid":{"rendered":"https:\/\/nbcustoms.pt\/?post_type=product&#038;p=8576"},"modified":"2026-03-14T12:09:20","modified_gmt":"2026-03-14T12:09:20","slug":"laminas-laterais-bmw-f06","status":"publish","type":"product","link":"https:\/\/nbcustoms.pt\/en\/product\/laminas-laterais-bmw-f06\/","title":{"rendered":"L\u00e2minas laterais BMW F06"},"content":{"rendered":"<p><strong><b>L\u00c2MINAS LATERAIS BMW F06<\/b><\/strong><\/p>\n<p><strong><b>Compat\u00edvel:\u00a0<\/b><\/strong>BMW s\u00e9rie 6 F06 gran coupe (2011-2018)<\/p>\n<p><strong><b>Material:<\/b><\/strong> Pl\u00e1stico ABS<\/p>\n<p><strong>Cor:<\/strong>\u00a0Preto brilhante<\/p>\n<p>Plug and play<\/p>\n<p>Caso tenha d\u00favidas na compatibilidade do produto com o seu carro entre em contacto<\/p>\n<p>Os artigos apresentados apenas s\u00e3o adequados para os modelos descritos<\/p>\n<p>Estes n\u00e3o s\u00e3o produtos originais da marca BMW<\/p>","protected":false},"excerpt":{"rendered":"<p>L\u00c2MINAS LATERAIS BMW F06 Compat\u00edvel:\u00a0BMW s\u00e9rie 6 F06 gran coupe (2011-2018) Material: Pl\u00e1stico ABS Cor:\u00a0Preto brilhante Plug and play Caso tenha d\u00favidas na compatibilidade do produto com o seu carro entre em contacto Os artigos apresentados apenas s\u00e3o adequados para os modelos descritos Estes n\u00e3o s\u00e3o produtos originais da marca BMW<\/p>","protected":false},"featured_media":8577,"template":"","meta":[],"product_brand":[162],"product_cat":[261,258],"product_tag":[115],"class_list":{"0":"post-8576","1":"product","2":"type-product","3":"status-publish","4":"has-post-thumbnail","6":"product_brand-bmw","7":"product_cat-f06-f12-f13","8":"product_cat-serie-6","9":"product_tag-laminas-laterais","10":"product_shipping_class-xl","12":"first","13":"instock","14":"taxable","15":"shipping-taxable","16":"purchasable","17":"product-type-simple"},"yoast_head":"<!-- This site is optimized with the Yoast SEO Premium plugin v26.6 (Yoast SEO v26.6) - https:\/\/yoast.com\/wordpress\/plugins\/seo\/ -->\n<title>L\u00e2minas laterais BMW F06 - NB Customs - Personaliza\u00e7\u00f5es BMW<\/title>\n<meta name=\"robots\" content=\"index, follow, max-snippet:-1, max-image-preview:large, max-video-preview:-1\" \/>\n<link rel=\"canonical\" href=\"https:\/\/nbcustoms.pt\/en\/product\/laminas-laterais-bmw-f06\/\" \/>\n<meta property=\"og:locale\" content=\"en_GB\" \/>\n<meta property=\"og:type\" content=\"article\" \/>\n<meta property=\"og:title\" content=\"L\u00e2minas laterais BMW F06\" \/>\n<meta property=\"og:description\" content=\"L\u00c2MINAS LATERAIS BMW F06 Compat\u00edvel:\u00a0BMW s\u00e9rie 6 F06 gran coupe (2011-2018) Material: Pl\u00e1stico ABS Cor:\u00a0Preto brilhante Plug and play Caso tenha d\u00favidas na compatibilidade do produto com o seu carro entre em contacto Os artigos apresentados apenas s\u00e3o adequados para os modelos descritos Estes n\u00e3o s\u00e3o produtos originais da marca BMW\" \/>\n<meta property=\"og:url\" content=\"https:\/\/nbcustoms.pt\/en\/product\/laminas-laterais-bmw-f06\/\" \/>\n<meta property=\"og:site_name\" content=\"NB Customs - Personaliza\u00e7\u00f5es BMW\" \/>\n<meta property=\"article:modified_time\" content=\"2026-03-14T12:09:20+00:00\" \/>\n<meta property=\"og:image\" content=\"https:\/\/nbcustoms.pt\/wp-content\/uploads\/2026\/01\/Gemini_Generated_Image_fyut0kfyut0kfyut.png\" \/>\n\t<meta property=\"og:image:width\" content=\"2048\" \/>\n\t<meta property=\"og:image:height\" content=\"1676\" \/>\n\t<meta property=\"og:image:type\" content=\"image\/png\" \/>\n<meta name=\"twitter:card\" content=\"summary_large_image\" \/>\n<meta name=\"twitter:label1\" content=\"Est. reading time\" \/>\n\t<meta name=\"twitter:data1\" content=\"1 minute\" \/>\n<script type=\"application\/ld+json\" class=\"yoast-schema-graph\">{\"@context\":\"https:\/\/schema.org\",\"@graph\":[{\"@type\":\"WebPage\",\"@id\":\"https:\/\/nbcustoms.pt\/product\/laminas-laterais-bmw-f06\/\",\"url\":\"https:\/\/nbcustoms.pt\/product\/laminas-laterais-bmw-f06\/\",\"name\":\"L\u00e2minas laterais BMW F06 - NB Customs - Personaliza\u00e7\u00f5es BMW\",\"isPartOf\":{\"@id\":\"https:\/\/nbcustoms.pt\/#website\"},\"primaryImageOfPage\":{\"@id\":\"https:\/\/nbcustoms.pt\/product\/laminas-laterais-bmw-f06\/#primaryimage\"},\"image\":{\"@id\":\"https:\/\/nbcustoms.pt\/product\/laminas-laterais-bmw-f06\/#primaryimage\"},\"thumbnailUrl\":\"https:\/\/nbcustoms.pt\/wp-content\/uploads\/2026\/01\/Gemini_Generated_Image_fyut0kfyut0kfyut.png\",\"datePublished\":\"2026-01-13T14:31:50+00:00\",\"dateModified\":\"2026-03-14T12:09:20+00:00\",\"breadcrumb\":{\"@id\":\"https:\/\/nbcustoms.pt\/product\/laminas-laterais-bmw-f06\/#breadcrumb\"},\"inLanguage\":\"en-GB\",\"potentialAction\":[{\"@type\":\"ReadAction\",\"target\":[\"https:\/\/nbcustoms.pt\/product\/laminas-laterais-bmw-f06\/\"]}]},{\"@type\":\"ImageObject\",\"inLanguage\":\"en-GB\",\"@id\":\"https:\/\/nbcustoms.pt\/product\/laminas-laterais-bmw-f06\/#primaryimage\",\"url\":\"https:\/\/nbcustoms.pt\/wp-content\/uploads\/2026\/01\/Gemini_Generated_Image_fyut0kfyut0kfyut.png\",\"contentUrl\":\"https:\/\/nbcustoms.pt\/wp-content\/uploads\/2026\/01\/Gemini_Generated_Image_fyut0kfyut0kfyut.png\",\"width\":2048,\"height\":1676},{\"@type\":\"BreadcrumbList\",\"@id\":\"https:\/\/nbcustoms.pt\/product\/laminas-laterais-bmw-f06\/#breadcrumb\",\"itemListElement\":[{\"@type\":\"ListItem\",\"position\":1,\"name\":\"Home\",\"item\":\"https:\/\/nbcustoms.pt\/\"},{\"@type\":\"ListItem\",\"position\":2,\"name\":\"Loja\",\"item\":\"https:\/\/nbcustoms.pt\/loja\/\"},{\"@type\":\"ListItem\",\"position\":3,\"name\":\"L\u00e2minas laterais BMW F06\"}]},{\"@type\":\"WebSite\",\"@id\":\"https:\/\/nbcustoms.pt\/#website\",\"url\":\"https:\/\/nbcustoms.pt\/\",\"name\":\"NB Customs - Personaliza\u00e7\u00f5es BMW\",\"description\":\"Transforma o teu BMW com especialistas.\",\"publisher\":{\"@id\":\"https:\/\/nbcustoms.pt\/#organization\"},\"potentialAction\":[{\"@type\":\"SearchAction\",\"target\":{\"@type\":\"EntryPoint\",\"urlTemplate\":\"https:\/\/nbcustoms.pt\/?s={search_term_string}\"},\"query-input\":{\"@type\":\"PropertyValueSpecification\",\"valueRequired\":true,\"valueName\":\"search_term_string\"}}],\"inLanguage\":\"en-GB\"},{\"@type\":\"Organization\",\"@id\":\"https:\/\/nbcustoms.pt\/#organization\",\"name\":\"NB Customs - Personaliza\u00e7\u00f5es BMW\",\"url\":\"https:\/\/nbcustoms.pt\/\",\"logo\":{\"@type\":\"ImageObject\",\"inLanguage\":\"en-GB\",\"@id\":\"https:\/\/nbcustoms.pt\/#\/schema\/logo\/image\/\",\"url\":\"https:\/\/nbcustoms.pt\/wp-content\/uploads\/2025\/12\/logo.jpg\",\"contentUrl\":\"https:\/\/nbcustoms.pt\/wp-content\/uploads\/2025\/12\/logo.jpg\",\"width\":450,\"height\":450,\"caption\":\"NB Customs - Personaliza\u00e7\u00f5es BMW\"},\"image\":{\"@id\":\"https:\/\/nbcustoms.pt\/#\/schema\/logo\/image\/\"},\"sameAs\":[\"https:\/\/www.instagram.com\/nb_customs__\/\"]}]}<\/script>\n<!-- \/ Yoast SEO Premium plugin. -->","yoast_head_json":{"title":"L\u00e2minas laterais BMW F06 - NB Customs - Personaliza\u00e7\u00f5es BMW","robots":{"index":"index","follow":"follow","max-snippet":"max-snippet:-1","max-image-preview":"max-image-preview:large","max-video-preview":"max-video-preview:-1"},"canonical":"https:\/\/nbcustoms.pt\/en\/product\/laminas-laterais-bmw-f06\/","og_locale":"en_GB","og_type":"article","og_title":"L\u00e2minas laterais BMW F06","og_description":"L\u00c2MINAS LATERAIS BMW F06 Compat\u00edvel:\u00a0BMW s\u00e9rie 6 F06 gran coupe (2011-2018) Material: Pl\u00e1stico ABS Cor:\u00a0Preto brilhante Plug and play Caso tenha d\u00favidas na compatibilidade do produto com o seu carro entre em contacto Os artigos apresentados apenas s\u00e3o adequados para os modelos descritos Estes n\u00e3o s\u00e3o produtos originais da marca BMW","og_url":"https:\/\/nbcustoms.pt\/en\/product\/laminas-laterais-bmw-f06\/","og_site_name":"NB Customs - Personaliza\u00e7\u00f5es BMW","article_modified_time":"2026-03-14T12:09:20+00:00","og_image":[{"width":2048,"height":1676,"url":"https:\/\/nbcustoms.pt\/wp-content\/uploads\/2026\/01\/Gemini_Generated_Image_fyut0kfyut0kfyut.png","type":"image\/png"}],"twitter_card":"summary_large_image","twitter_misc":{"Est. reading time":"1 minute"},"schema":{"@context":"https:\/\/schema.org","@graph":[{"@type":"WebPage","@id":"https:\/\/nbcustoms.pt\/product\/laminas-laterais-bmw-f06\/","url":"https:\/\/nbcustoms.pt\/product\/laminas-laterais-bmw-f06\/","name":"L\u00e2minas laterais BMW F06 - NB Customs - Personaliza\u00e7\u00f5es BMW","isPartOf":{"@id":"https:\/\/nbcustoms.pt\/#website"},"primaryImageOfPage":{"@id":"https:\/\/nbcustoms.pt\/product\/laminas-laterais-bmw-f06\/#primaryimage"},"image":{"@id":"https:\/\/nbcustoms.pt\/product\/laminas-laterais-bmw-f06\/#primaryimage"},"thumbnailUrl":"https:\/\/nbcustoms.pt\/wp-content\/uploads\/2026\/01\/Gemini_Generated_Image_fyut0kfyut0kfyut.png","datePublished":"2026-01-13T14:31:50+00:00","dateModified":"2026-03-14T12:09:20+00:00","breadcrumb":{"@id":"https:\/\/nbcustoms.pt\/product\/laminas-laterais-bmw-f06\/#breadcrumb"},"inLanguage":"en-GB","potentialAction":[{"@type":"ReadAction","target":["https:\/\/nbcustoms.pt\/product\/laminas-laterais-bmw-f06\/"]}]},{"@type":"ImageObject","inLanguage":"en-GB","@id":"https:\/\/nbcustoms.pt\/product\/laminas-laterais-bmw-f06\/#primaryimage","url":"https:\/\/nbcustoms.pt\/wp-content\/uploads\/2026\/01\/Gemini_Generated_Image_fyut0kfyut0kfyut.png","contentUrl":"https:\/\/nbcustoms.pt\/wp-content\/uploads\/2026\/01\/Gemini_Generated_Image_fyut0kfyut0kfyut.png","width":2048,"height":1676},{"@type":"BreadcrumbList","@id":"https:\/\/nbcustoms.pt\/product\/laminas-laterais-bmw-f06\/#breadcrumb","itemListElement":[{"@type":"ListItem","position":1,"name":"Home","item":"https:\/\/nbcustoms.pt\/"},{"@type":"ListItem","position":2,"name":"Loja","item":"https:\/\/nbcustoms.pt\/loja\/"},{"@type":"ListItem","position":3,"name":"L\u00e2minas laterais BMW F06"}]},{"@type":"WebSite","@id":"https:\/\/nbcustoms.pt\/#website","url":"https:\/\/nbcustoms.pt\/","name":"NB Customs - Personaliza\u00e7\u00f5es BMW","description":"Transforma o teu BMW com especialistas.","publisher":{"@id":"https:\/\/nbcustoms.pt\/#organization"},"potentialAction":[{"@type":"SearchAction","target":{"@type":"EntryPoint","urlTemplate":"https:\/\/nbcustoms.pt\/?s={search_term_string}"},"query-input":{"@type":"PropertyValueSpecification","valueRequired":true,"valueName":"search_term_string"}}],"inLanguage":"en-GB"},{"@type":"Organization","@id":"https:\/\/nbcustoms.pt\/#organization","name":"NB Customs - Personaliza\u00e7\u00f5es BMW","url":"https:\/\/nbcustoms.pt\/","logo":{"@type":"ImageObject","inLanguage":"en-GB","@id":"https:\/\/nbcustoms.pt\/#\/schema\/logo\/image\/","url":"https:\/\/nbcustoms.pt\/wp-content\/uploads\/2025\/12\/logo.jpg","contentUrl":"https:\/\/nbcustoms.pt\/wp-content\/uploads\/2025\/12\/logo.jpg","width":450,"height":450,"caption":"NB Customs - Personaliza\u00e7\u00f5es BMW"},"image":{"@id":"https:\/\/nbcustoms.pt\/#\/schema\/logo\/image\/"},"sameAs":["https:\/\/www.instagram.com\/nb_customs__\/"]}]}},"jetpack_sharing_enabled":true,"_links":{"self":[{"href":"https:\/\/nbcustoms.pt\/en\/wp-json\/wp\/v2\/product\/8576","targetHints":{"allow":["GET"]}}],"collection":[{"href":"https:\/\/nbcustoms.pt\/en\/wp-json\/wp\/v2\/product"}],"about":[{"href":"https:\/\/nbcustoms.pt\/en\/wp-json\/wp\/v2\/types\/product"}],"wp:featuredmedia":[{"embeddable":true,"href":"https:\/\/nbcustoms.pt\/en\/wp-json\/wp\/v2\/media\/8577"}],"wp:attachment":[{"href":"https:\/\/nbcustoms.pt\/en\/wp-json\/wp\/v2\/media?parent=8576"}],"wp:term":[{"taxonomy":"product_brand","embeddable":true,"href":"https:\/\/nbcustoms.pt\/en\/wp-json\/wp\/v2\/product_brand?post=8576"},{"taxonomy":"product_cat","embeddable":true,"href":"https:\/\/nbcustoms.pt\/en\/wp-json\/wp\/v2\/product_cat?post=8576"},{"taxonomy":"product_tag","embeddable":true,"href":"https:\/\/nbcustoms.pt\/en\/wp-json\/wp\/v2\/product_tag?post=8576"}],"curies":[{"name":"wp","href":"https:\/\/api.w.org\/{rel}","templated":true}]}}