{"id":8565,"date":"2026-01-13T14:07:30","date_gmt":"2026-01-13T14:07:30","guid":{"rendered":"https:\/\/nbcustoms.pt\/?post_type=product&#038;p=8565"},"modified":"2026-03-09T11:38:11","modified_gmt":"2026-03-09T11:38:11","slug":"laminas-laterais-look-mx-bmw-e90-e91","status":"publish","type":"product","link":"https:\/\/nbcustoms.pt\/en\/product\/laminas-laterais-look-mx-bmw-e90-e91\/","title":{"rendered":"L\u00e2minas laterais look mx BMW E90\/ E91"},"content":{"rendered":"<p><strong><b>L\u00c2MINAS LATERAIS LOOK MX BMW E90\/E91<\/b><\/strong><\/p>\n<div id=\"product-tab\" class=\"woocommerce-tabs woocommerce-tabs-1ppdjjup resp-htabs\">\n<div class=\"resp-tabs-container\">\n<div id=\"tab-description\" class=\"tab-content resp-tab-content resp-tab-content-active\" aria-labelledby=\"tab_item-1\">\n<p><strong><b>Compat\u00edvel:\u00a0<\/b><\/strong>BMW s\u00e9rie 3 E90\/E91\u00a0 (2005-2011)<\/p>\n<p><strong><b>Material:<\/b><\/strong> Fibra de vidro<\/p>\n<p><strong>Cor:<\/strong> Preto brilhante<\/p>\n<p>Plug and play<\/p>\n<p>Parafusos para aplica\u00e7\u00e3o incluidos<\/p>\n<p>Caso tenha d\u00favidas na compatibilidade do produto com o seu carro entre em contacto<\/p>\n<p>Os artigos apresentados apenas s\u00e3o adequados para os modelos descritos<\/p>\n<p>Estes n\u00e3o s\u00e3o produtos originais da marca BMW<\/p>\n<\/div>\n<\/div>\n<\/div>","protected":false},"excerpt":{"rendered":"<p>L\u00c2MINAS LATERAIS LOOK MX BMW E90\/E91 Compat\u00edvel:\u00a0BMW s\u00e9rie 3 E90\/E91\u00a0 (2005-2011) Material: Fibra de vidro Cor: Preto brilhante Plug and play Parafusos para aplica\u00e7\u00e3o incluidos Caso tenha d\u00favidas na compatibilidade do produto com o seu carro entre em contacto Os artigos apresentados apenas s\u00e3o adequados para os modelos descritos Estes n\u00e3o s\u00e3o produtos originais da [&hellip;]<\/p>\n","protected":false},"featured_media":8567,"template":"","meta":[],"product_brand":[162],"product_cat":[188,187,119],"product_tag":[115],"class_list":{"0":"post-8565","1":"product","2":"type-product","3":"status-publish","4":"has-post-thumbnail","6":"product_brand-bmw","7":"product_cat-e90","8":"product_cat-e91","9":"product_cat-serie-3","10":"product_tag-laminas-laterais","11":"product_shipping_class-xl","13":"first","14":"instock","15":"taxable","16":"shipping-taxable","17":"purchasable","18":"product-type-simple"},"yoast_head":"<!-- This site is optimized with the Yoast SEO Premium plugin v26.6 (Yoast SEO v26.6) - https:\/\/yoast.com\/wordpress\/plugins\/seo\/ -->\n<title>L\u00e2minas laterais look mx BMW E90\/ E91 - NB Customs - Personaliza\u00e7\u00f5es BMW<\/title>\n<meta name=\"robots\" content=\"index, follow, max-snippet:-1, max-image-preview:large, max-video-preview:-1\" \/>\n<link rel=\"canonical\" href=\"https:\/\/nbcustoms.pt\/en\/product\/laminas-laterais-look-mx-bmw-e90-e91\/\" \/>\n<meta property=\"og:locale\" content=\"en_GB\" \/>\n<meta property=\"og:type\" content=\"article\" \/>\n<meta property=\"og:title\" content=\"L\u00e2minas laterais look mx BMW E90\/ E91\" \/>\n<meta property=\"og:description\" content=\"L\u00c2MINAS LATERAIS LOOK MX BMW E90\/E91 Compat\u00edvel:\u00a0BMW s\u00e9rie 3 E90\/E91\u00a0 (2005-2011) Material: Fibra de vidro Cor: Preto brilhante Plug and play Parafusos para aplica\u00e7\u00e3o incluidos Caso tenha d\u00favidas na compatibilidade do produto com o seu carro entre em contacto Os artigos apresentados apenas s\u00e3o adequados para os modelos descritos Estes n\u00e3o s\u00e3o produtos originais da [&hellip;]\" \/>\n<meta property=\"og:url\" content=\"https:\/\/nbcustoms.pt\/en\/product\/laminas-laterais-look-mx-bmw-e90-e91\/\" \/>\n<meta property=\"og:site_name\" content=\"NB Customs - Personaliza\u00e7\u00f5es BMW\" \/>\n<meta property=\"article:modified_time\" content=\"2026-03-09T11:38:11+00:00\" \/>\n<meta property=\"og:image\" content=\"https:\/\/nbcustoms.pt\/wp-content\/uploads\/2026\/01\/adicoes-laterais-para-bmw-serie-3-e92-pack-m-2006-2010-1.jpg\" \/>\n\t<meta property=\"og:image:width\" content=\"800\" \/>\n\t<meta property=\"og:image:height\" content=\"600\" \/>\n\t<meta property=\"og:image:type\" content=\"image\/jpeg\" \/>\n<meta name=\"twitter:card\" content=\"summary_large_image\" \/>\n<meta name=\"twitter:label1\" content=\"Est. reading time\" \/>\n\t<meta name=\"twitter:data1\" content=\"1 minute\" \/>\n<script type=\"application\/ld+json\" class=\"yoast-schema-graph\">{\"@context\":\"https:\/\/schema.org\",\"@graph\":[{\"@type\":\"WebPage\",\"@id\":\"https:\/\/nbcustoms.pt\/product\/laminas-laterais-look-mx-bmw-e90-e91\/\",\"url\":\"https:\/\/nbcustoms.pt\/product\/laminas-laterais-look-mx-bmw-e90-e91\/\",\"name\":\"L\u00e2minas laterais look mx BMW E90\/ E91 - NB Customs - Personaliza\u00e7\u00f5es BMW\",\"isPartOf\":{\"@id\":\"https:\/\/nbcustoms.pt\/#website\"},\"primaryImageOfPage\":{\"@id\":\"https:\/\/nbcustoms.pt\/product\/laminas-laterais-look-mx-bmw-e90-e91\/#primaryimage\"},\"image\":{\"@id\":\"https:\/\/nbcustoms.pt\/product\/laminas-laterais-look-mx-bmw-e90-e91\/#primaryimage\"},\"thumbnailUrl\":\"https:\/\/nbcustoms.pt\/wp-content\/uploads\/2026\/01\/adicoes-laterais-para-bmw-serie-3-e92-pack-m-2006-2010-1.jpg\",\"datePublished\":\"2026-01-13T14:07:30+00:00\",\"dateModified\":\"2026-03-09T11:38:11+00:00\",\"breadcrumb\":{\"@id\":\"https:\/\/nbcustoms.pt\/product\/laminas-laterais-look-mx-bmw-e90-e91\/#breadcrumb\"},\"inLanguage\":\"en-GB\",\"potentialAction\":[{\"@type\":\"ReadAction\",\"target\":[\"https:\/\/nbcustoms.pt\/product\/laminas-laterais-look-mx-bmw-e90-e91\/\"]}]},{\"@type\":\"ImageObject\",\"inLanguage\":\"en-GB\",\"@id\":\"https:\/\/nbcustoms.pt\/product\/laminas-laterais-look-mx-bmw-e90-e91\/#primaryimage\",\"url\":\"https:\/\/nbcustoms.pt\/wp-content\/uploads\/2026\/01\/adicoes-laterais-para-bmw-serie-3-e92-pack-m-2006-2010-1.jpg\",\"contentUrl\":\"https:\/\/nbcustoms.pt\/wp-content\/uploads\/2026\/01\/adicoes-laterais-para-bmw-serie-3-e92-pack-m-2006-2010-1.jpg\",\"width\":800,\"height\":600},{\"@type\":\"BreadcrumbList\",\"@id\":\"https:\/\/nbcustoms.pt\/product\/laminas-laterais-look-mx-bmw-e90-e91\/#breadcrumb\",\"itemListElement\":[{\"@type\":\"ListItem\",\"position\":1,\"name\":\"Home\",\"item\":\"https:\/\/nbcustoms.pt\/\"},{\"@type\":\"ListItem\",\"position\":2,\"name\":\"Loja\",\"item\":\"https:\/\/nbcustoms.pt\/loja\/\"},{\"@type\":\"ListItem\",\"position\":3,\"name\":\"L\u00e2minas laterais look mx BMW E90\/ E91\"}]},{\"@type\":\"WebSite\",\"@id\":\"https:\/\/nbcustoms.pt\/#website\",\"url\":\"https:\/\/nbcustoms.pt\/\",\"name\":\"NB Customs - Personaliza\u00e7\u00f5es BMW\",\"description\":\"Transforma o teu BMW com especialistas.\",\"publisher\":{\"@id\":\"https:\/\/nbcustoms.pt\/#organization\"},\"potentialAction\":[{\"@type\":\"SearchAction\",\"target\":{\"@type\":\"EntryPoint\",\"urlTemplate\":\"https:\/\/nbcustoms.pt\/?s={search_term_string}\"},\"query-input\":{\"@type\":\"PropertyValueSpecification\",\"valueRequired\":true,\"valueName\":\"search_term_string\"}}],\"inLanguage\":\"en-GB\"},{\"@type\":\"Organization\",\"@id\":\"https:\/\/nbcustoms.pt\/#organization\",\"name\":\"NB Customs - Personaliza\u00e7\u00f5es BMW\",\"url\":\"https:\/\/nbcustoms.pt\/\",\"logo\":{\"@type\":\"ImageObject\",\"inLanguage\":\"en-GB\",\"@id\":\"https:\/\/nbcustoms.pt\/#\/schema\/logo\/image\/\",\"url\":\"https:\/\/nbcustoms.pt\/wp-content\/uploads\/2025\/12\/logo.jpg\",\"contentUrl\":\"https:\/\/nbcustoms.pt\/wp-content\/uploads\/2025\/12\/logo.jpg\",\"width\":450,\"height\":450,\"caption\":\"NB Customs - Personaliza\u00e7\u00f5es BMW\"},\"image\":{\"@id\":\"https:\/\/nbcustoms.pt\/#\/schema\/logo\/image\/\"},\"sameAs\":[\"https:\/\/www.instagram.com\/nb_customs__\/\"]}]}<\/script>\n<!-- \/ Yoast SEO Premium plugin. -->","yoast_head_json":{"title":"L\u00e2minas laterais look mx BMW E90\/ E91 - NB Customs - Personaliza\u00e7\u00f5es BMW","robots":{"index":"index","follow":"follow","max-snippet":"max-snippet:-1","max-image-preview":"max-image-preview:large","max-video-preview":"max-video-preview:-1"},"canonical":"https:\/\/nbcustoms.pt\/en\/product\/laminas-laterais-look-mx-bmw-e90-e91\/","og_locale":"en_GB","og_type":"article","og_title":"L\u00e2minas laterais look mx BMW E90\/ E91","og_description":"L\u00c2MINAS LATERAIS LOOK MX BMW E90\/E91 Compat\u00edvel:\u00a0BMW s\u00e9rie 3 E90\/E91\u00a0 (2005-2011) Material: Fibra de vidro Cor: Preto brilhante Plug and play Parafusos para aplica\u00e7\u00e3o incluidos Caso tenha d\u00favidas na compatibilidade do produto com o seu carro entre em contacto Os artigos apresentados apenas s\u00e3o adequados para os modelos descritos Estes n\u00e3o s\u00e3o produtos originais da [&hellip;]","og_url":"https:\/\/nbcustoms.pt\/en\/product\/laminas-laterais-look-mx-bmw-e90-e91\/","og_site_name":"NB Customs - Personaliza\u00e7\u00f5es BMW","article_modified_time":"2026-03-09T11:38:11+00:00","og_image":[{"width":800,"height":600,"url":"https:\/\/nbcustoms.pt\/wp-content\/uploads\/2026\/01\/adicoes-laterais-para-bmw-serie-3-e92-pack-m-2006-2010-1.jpg","type":"image\/jpeg"}],"twitter_card":"summary_large_image","twitter_misc":{"Est. reading time":"1 minute"},"schema":{"@context":"https:\/\/schema.org","@graph":[{"@type":"WebPage","@id":"https:\/\/nbcustoms.pt\/product\/laminas-laterais-look-mx-bmw-e90-e91\/","url":"https:\/\/nbcustoms.pt\/product\/laminas-laterais-look-mx-bmw-e90-e91\/","name":"L\u00e2minas laterais look mx BMW E90\/ E91 - NB Customs - Personaliza\u00e7\u00f5es BMW","isPartOf":{"@id":"https:\/\/nbcustoms.pt\/#website"},"primaryImageOfPage":{"@id":"https:\/\/nbcustoms.pt\/product\/laminas-laterais-look-mx-bmw-e90-e91\/#primaryimage"},"image":{"@id":"https:\/\/nbcustoms.pt\/product\/laminas-laterais-look-mx-bmw-e90-e91\/#primaryimage"},"thumbnailUrl":"https:\/\/nbcustoms.pt\/wp-content\/uploads\/2026\/01\/adicoes-laterais-para-bmw-serie-3-e92-pack-m-2006-2010-1.jpg","datePublished":"2026-01-13T14:07:30+00:00","dateModified":"2026-03-09T11:38:11+00:00","breadcrumb":{"@id":"https:\/\/nbcustoms.pt\/product\/laminas-laterais-look-mx-bmw-e90-e91\/#breadcrumb"},"inLanguage":"en-GB","potentialAction":[{"@type":"ReadAction","target":["https:\/\/nbcustoms.pt\/product\/laminas-laterais-look-mx-bmw-e90-e91\/"]}]},{"@type":"ImageObject","inLanguage":"en-GB","@id":"https:\/\/nbcustoms.pt\/product\/laminas-laterais-look-mx-bmw-e90-e91\/#primaryimage","url":"https:\/\/nbcustoms.pt\/wp-content\/uploads\/2026\/01\/adicoes-laterais-para-bmw-serie-3-e92-pack-m-2006-2010-1.jpg","contentUrl":"https:\/\/nbcustoms.pt\/wp-content\/uploads\/2026\/01\/adicoes-laterais-para-bmw-serie-3-e92-pack-m-2006-2010-1.jpg","width":800,"height":600},{"@type":"BreadcrumbList","@id":"https:\/\/nbcustoms.pt\/product\/laminas-laterais-look-mx-bmw-e90-e91\/#breadcrumb","itemListElement":[{"@type":"ListItem","position":1,"name":"Home","item":"https:\/\/nbcustoms.pt\/"},{"@type":"ListItem","position":2,"name":"Loja","item":"https:\/\/nbcustoms.pt\/loja\/"},{"@type":"ListItem","position":3,"name":"L\u00e2minas laterais look mx BMW E90\/ E91"}]},{"@type":"WebSite","@id":"https:\/\/nbcustoms.pt\/#website","url":"https:\/\/nbcustoms.pt\/","name":"NB Customs - Personaliza\u00e7\u00f5es BMW","description":"Transforma o teu BMW com especialistas.","publisher":{"@id":"https:\/\/nbcustoms.pt\/#organization"},"potentialAction":[{"@type":"SearchAction","target":{"@type":"EntryPoint","urlTemplate":"https:\/\/nbcustoms.pt\/?s={search_term_string}"},"query-input":{"@type":"PropertyValueSpecification","valueRequired":true,"valueName":"search_term_string"}}],"inLanguage":"en-GB"},{"@type":"Organization","@id":"https:\/\/nbcustoms.pt\/#organization","name":"NB Customs - Personaliza\u00e7\u00f5es BMW","url":"https:\/\/nbcustoms.pt\/","logo":{"@type":"ImageObject","inLanguage":"en-GB","@id":"https:\/\/nbcustoms.pt\/#\/schema\/logo\/image\/","url":"https:\/\/nbcustoms.pt\/wp-content\/uploads\/2025\/12\/logo.jpg","contentUrl":"https:\/\/nbcustoms.pt\/wp-content\/uploads\/2025\/12\/logo.jpg","width":450,"height":450,"caption":"NB Customs - Personaliza\u00e7\u00f5es BMW"},"image":{"@id":"https:\/\/nbcustoms.pt\/#\/schema\/logo\/image\/"},"sameAs":["https:\/\/www.instagram.com\/nb_customs__\/"]}]}},"jetpack_sharing_enabled":true,"_links":{"self":[{"href":"https:\/\/nbcustoms.pt\/en\/wp-json\/wp\/v2\/product\/8565","targetHints":{"allow":["GET"]}}],"collection":[{"href":"https:\/\/nbcustoms.pt\/en\/wp-json\/wp\/v2\/product"}],"about":[{"href":"https:\/\/nbcustoms.pt\/en\/wp-json\/wp\/v2\/types\/product"}],"wp:featuredmedia":[{"embeddable":true,"href":"https:\/\/nbcustoms.pt\/en\/wp-json\/wp\/v2\/media\/8567"}],"wp:attachment":[{"href":"https:\/\/nbcustoms.pt\/en\/wp-json\/wp\/v2\/media?parent=8565"}],"wp:term":[{"taxonomy":"product_brand","embeddable":true,"href":"https:\/\/nbcustoms.pt\/en\/wp-json\/wp\/v2\/product_brand?post=8565"},{"taxonomy":"product_cat","embeddable":true,"href":"https:\/\/nbcustoms.pt\/en\/wp-json\/wp\/v2\/product_cat?post=8565"},{"taxonomy":"product_tag","embeddable":true,"href":"https:\/\/nbcustoms.pt\/en\/wp-json\/wp\/v2\/product_tag?post=8565"}],"curies":[{"name":"wp","href":"https:\/\/api.w.org\/{rel}","templated":true}]}}