{"id":8321,"date":"2026-01-12T10:44:06","date_gmt":"2026-01-12T10:44:06","guid":{"rendered":"https:\/\/nbcustoms.pt\/?post_type=product&#038;p=8321"},"modified":"2026-03-09T17:05:51","modified_gmt":"2026-03-09T17:05:51","slug":"capo-look-m3-m4-bmw-f30-f31-f32-f33-f36","status":"publish","type":"product","link":"https:\/\/nbcustoms.pt\/en\/product\/capo-look-m3-m4-bmw-f30-f31-f32-f33-f36\/","title":{"rendered":"Cap\u00f4 look M3\/M4 BMW F30\/F31\/F32\/F33\/F36"},"content":{"rendered":"<p><strong><b>CAP\u00d4 LOOK M3\/M4 BMW F30\/F31\/F32\/F33\/F36<\/b><\/strong><\/p>\n<p><strong><b>Compat\u00edvel:\u00a0<\/b><\/strong>BMW Serie 3 F30\/F31 e s\u00e9rie 4 F32\/F33\/F34 (2012-2020)<\/p>\n<p><strong><b>Modelo:\u00a0<\/b><\/strong>Look M3\/ M4 com mossa<\/p>\n<p><strong><b>Material:\u00a0<\/b><\/strong>Metal<\/p>\n<p>Plug and play\/ Encaixes iguais OEM<\/p>\n<p>Caso tenha d\u00favidas na compatibilidade do produto com o seu carro entre em contacto<\/p>\n<p>Os artigos apresentados apenas s\u00e3o adequados para os modelos descritos<\/p>\n<p>Estes n\u00e3o s\u00e3o produtos originais da marca BMW<\/p>","protected":false},"excerpt":{"rendered":"<p>CAP\u00d4 LOOK M3\/M4 BMW F30\/F31\/F32\/F33\/F36 Compat\u00edvel:\u00a0BMW Serie 3 F30\/F31 e s\u00e9rie 4 F32\/F33\/F34 (2012-2020) Modelo:\u00a0Look M3\/ M4 com mossa Material:\u00a0Metal Plug and play\/ Encaixes iguais OEM Caso tenha d\u00favidas na compatibilidade do produto com o seu carro entre em contacto Os artigos apresentados apenas s\u00e3o adequados para os modelos descritos Estes n\u00e3o s\u00e3o produtos originais [&hellip;]<\/p>\n","protected":false},"featured_media":9993,"template":"","meta":[],"product_brand":[162],"product_cat":[120,121,123,124,174,119,122],"product_tag":[181],"class_list":{"0":"post-8321","1":"product","2":"type-product","3":"status-publish","4":"has-post-thumbnail","6":"product_brand-bmw","7":"product_cat-f30","8":"product_cat-f31","9":"product_cat-f32","10":"product_cat-f33","11":"product_cat-f36","12":"product_cat-serie-3","13":"product_cat-serie-4","14":"product_tag-capot","15":"product_shipping_class-xl","17":"first","18":"instock","19":"taxable","20":"shipping-taxable","21":"purchasable","22":"product-type-simple"},"yoast_head":"<!-- This site is optimized with the Yoast SEO Premium plugin v26.6 (Yoast SEO v26.6) - https:\/\/yoast.com\/wordpress\/plugins\/seo\/ -->\n<title>Cap\u00f4 look M3\/M4 BMW F30\/F31\/F32\/F33\/F36 - NB Customs - Personaliza\u00e7\u00f5es BMW<\/title>\n<meta name=\"robots\" content=\"index, follow, max-snippet:-1, max-image-preview:large, max-video-preview:-1\" \/>\n<link rel=\"canonical\" href=\"https:\/\/nbcustoms.pt\/en\/product\/capo-look-m3-m4-bmw-f30-f31-f32-f33-f36\/\" \/>\n<meta property=\"og:locale\" content=\"en_GB\" \/>\n<meta property=\"og:type\" content=\"article\" \/>\n<meta property=\"og:title\" content=\"Cap\u00f4 look M3\/M4 BMW F30\/F31\/F32\/F33\/F36\" \/>\n<meta property=\"og:description\" content=\"CAP\u00d4 LOOK M3\/M4 BMW F30\/F31\/F32\/F33\/F36 Compat\u00edvel:\u00a0BMW Serie 3 F30\/F31 e s\u00e9rie 4 F32\/F33\/F34 (2012-2020) Modelo:\u00a0Look M3\/ M4 com mossa Material:\u00a0Metal Plug and play\/ Encaixes iguais OEM Caso tenha d\u00favidas na compatibilidade do produto com o seu carro entre em contacto Os artigos apresentados apenas s\u00e3o adequados para os modelos descritos Estes n\u00e3o s\u00e3o produtos originais [&hellip;]\" \/>\n<meta property=\"og:url\" content=\"https:\/\/nbcustoms.pt\/en\/product\/capo-look-m3-m4-bmw-f30-f31-f32-f33-f36\/\" \/>\n<meta property=\"og:site_name\" content=\"NB Customs - Personaliza\u00e7\u00f5es BMW\" \/>\n<meta property=\"article:modified_time\" content=\"2026-03-09T17:05:51+00:00\" \/>\n<meta property=\"og:image\" content=\"https:\/\/nbcustoms.pt\/wp-content\/uploads\/2026\/01\/6474.jpg\" \/>\n\t<meta property=\"og:image:width\" content=\"1024\" \/>\n\t<meta property=\"og:image:height\" content=\"1024\" \/>\n\t<meta property=\"og:image:type\" content=\"image\/jpeg\" \/>\n<meta name=\"twitter:card\" content=\"summary_large_image\" \/>\n<meta name=\"twitter:label1\" content=\"Est. reading time\" \/>\n\t<meta name=\"twitter:data1\" content=\"1 minute\" \/>\n<script type=\"application\/ld+json\" class=\"yoast-schema-graph\">{\"@context\":\"https:\/\/schema.org\",\"@graph\":[{\"@type\":\"WebPage\",\"@id\":\"https:\/\/nbcustoms.pt\/product\/capo-look-m3-m4-bmw-f30-f31-f32-f33-f36\/\",\"url\":\"https:\/\/nbcustoms.pt\/product\/capo-look-m3-m4-bmw-f30-f31-f32-f33-f36\/\",\"name\":\"Cap\u00f4 look M3\/M4 BMW F30\/F31\/F32\/F33\/F36 - NB Customs - Personaliza\u00e7\u00f5es BMW\",\"isPartOf\":{\"@id\":\"https:\/\/nbcustoms.pt\/#website\"},\"primaryImageOfPage\":{\"@id\":\"https:\/\/nbcustoms.pt\/product\/capo-look-m3-m4-bmw-f30-f31-f32-f33-f36\/#primaryimage\"},\"image\":{\"@id\":\"https:\/\/nbcustoms.pt\/product\/capo-look-m3-m4-bmw-f30-f31-f32-f33-f36\/#primaryimage\"},\"thumbnailUrl\":\"https:\/\/nbcustoms.pt\/wp-content\/uploads\/2026\/01\/6474.jpg\",\"datePublished\":\"2026-01-12T10:44:06+00:00\",\"dateModified\":\"2026-03-09T17:05:51+00:00\",\"breadcrumb\":{\"@id\":\"https:\/\/nbcustoms.pt\/product\/capo-look-m3-m4-bmw-f30-f31-f32-f33-f36\/#breadcrumb\"},\"inLanguage\":\"en-GB\",\"potentialAction\":[{\"@type\":\"ReadAction\",\"target\":[\"https:\/\/nbcustoms.pt\/product\/capo-look-m3-m4-bmw-f30-f31-f32-f33-f36\/\"]}]},{\"@type\":\"ImageObject\",\"inLanguage\":\"en-GB\",\"@id\":\"https:\/\/nbcustoms.pt\/product\/capo-look-m3-m4-bmw-f30-f31-f32-f33-f36\/#primaryimage\",\"url\":\"https:\/\/nbcustoms.pt\/wp-content\/uploads\/2026\/01\/6474.jpg\",\"contentUrl\":\"https:\/\/nbcustoms.pt\/wp-content\/uploads\/2026\/01\/6474.jpg\",\"width\":1024,\"height\":1024},{\"@type\":\"BreadcrumbList\",\"@id\":\"https:\/\/nbcustoms.pt\/product\/capo-look-m3-m4-bmw-f30-f31-f32-f33-f36\/#breadcrumb\",\"itemListElement\":[{\"@type\":\"ListItem\",\"position\":1,\"name\":\"Home\",\"item\":\"https:\/\/nbcustoms.pt\/\"},{\"@type\":\"ListItem\",\"position\":2,\"name\":\"Loja\",\"item\":\"https:\/\/nbcustoms.pt\/loja\/\"},{\"@type\":\"ListItem\",\"position\":3,\"name\":\"Cap\u00f4 look M3\/M4 BMW F30\/F31\/F32\/F33\/F36\"}]},{\"@type\":\"WebSite\",\"@id\":\"https:\/\/nbcustoms.pt\/#website\",\"url\":\"https:\/\/nbcustoms.pt\/\",\"name\":\"NB Customs - Personaliza\u00e7\u00f5es BMW\",\"description\":\"Transforma o teu BMW com especialistas.\",\"publisher\":{\"@id\":\"https:\/\/nbcustoms.pt\/#organization\"},\"potentialAction\":[{\"@type\":\"SearchAction\",\"target\":{\"@type\":\"EntryPoint\",\"urlTemplate\":\"https:\/\/nbcustoms.pt\/?s={search_term_string}\"},\"query-input\":{\"@type\":\"PropertyValueSpecification\",\"valueRequired\":true,\"valueName\":\"search_term_string\"}}],\"inLanguage\":\"en-GB\"},{\"@type\":\"Organization\",\"@id\":\"https:\/\/nbcustoms.pt\/#organization\",\"name\":\"NB Customs - Personaliza\u00e7\u00f5es BMW\",\"url\":\"https:\/\/nbcustoms.pt\/\",\"logo\":{\"@type\":\"ImageObject\",\"inLanguage\":\"en-GB\",\"@id\":\"https:\/\/nbcustoms.pt\/#\/schema\/logo\/image\/\",\"url\":\"https:\/\/nbcustoms.pt\/wp-content\/uploads\/2025\/12\/logo.jpg\",\"contentUrl\":\"https:\/\/nbcustoms.pt\/wp-content\/uploads\/2025\/12\/logo.jpg\",\"width\":450,\"height\":450,\"caption\":\"NB Customs - Personaliza\u00e7\u00f5es BMW\"},\"image\":{\"@id\":\"https:\/\/nbcustoms.pt\/#\/schema\/logo\/image\/\"},\"sameAs\":[\"https:\/\/www.instagram.com\/nb_customs__\/\"]}]}<\/script>\n<!-- \/ Yoast SEO Premium plugin. -->","yoast_head_json":{"title":"Cap\u00f4 look M3\/M4 BMW F30\/F31\/F32\/F33\/F36 - NB Customs - Personaliza\u00e7\u00f5es BMW","robots":{"index":"index","follow":"follow","max-snippet":"max-snippet:-1","max-image-preview":"max-image-preview:large","max-video-preview":"max-video-preview:-1"},"canonical":"https:\/\/nbcustoms.pt\/en\/product\/capo-look-m3-m4-bmw-f30-f31-f32-f33-f36\/","og_locale":"en_GB","og_type":"article","og_title":"Cap\u00f4 look M3\/M4 BMW F30\/F31\/F32\/F33\/F36","og_description":"CAP\u00d4 LOOK M3\/M4 BMW F30\/F31\/F32\/F33\/F36 Compat\u00edvel:\u00a0BMW Serie 3 F30\/F31 e s\u00e9rie 4 F32\/F33\/F34 (2012-2020) Modelo:\u00a0Look M3\/ M4 com mossa Material:\u00a0Metal Plug and play\/ Encaixes iguais OEM Caso tenha d\u00favidas na compatibilidade do produto com o seu carro entre em contacto Os artigos apresentados apenas s\u00e3o adequados para os modelos descritos Estes n\u00e3o s\u00e3o produtos originais [&hellip;]","og_url":"https:\/\/nbcustoms.pt\/en\/product\/capo-look-m3-m4-bmw-f30-f31-f32-f33-f36\/","og_site_name":"NB Customs - Personaliza\u00e7\u00f5es BMW","article_modified_time":"2026-03-09T17:05:51+00:00","og_image":[{"width":1024,"height":1024,"url":"https:\/\/nbcustoms.pt\/wp-content\/uploads\/2026\/01\/6474.jpg","type":"image\/jpeg"}],"twitter_card":"summary_large_image","twitter_misc":{"Est. reading time":"1 minute"},"schema":{"@context":"https:\/\/schema.org","@graph":[{"@type":"WebPage","@id":"https:\/\/nbcustoms.pt\/product\/capo-look-m3-m4-bmw-f30-f31-f32-f33-f36\/","url":"https:\/\/nbcustoms.pt\/product\/capo-look-m3-m4-bmw-f30-f31-f32-f33-f36\/","name":"Cap\u00f4 look M3\/M4 BMW F30\/F31\/F32\/F33\/F36 - NB Customs - Personaliza\u00e7\u00f5es BMW","isPartOf":{"@id":"https:\/\/nbcustoms.pt\/#website"},"primaryImageOfPage":{"@id":"https:\/\/nbcustoms.pt\/product\/capo-look-m3-m4-bmw-f30-f31-f32-f33-f36\/#primaryimage"},"image":{"@id":"https:\/\/nbcustoms.pt\/product\/capo-look-m3-m4-bmw-f30-f31-f32-f33-f36\/#primaryimage"},"thumbnailUrl":"https:\/\/nbcustoms.pt\/wp-content\/uploads\/2026\/01\/6474.jpg","datePublished":"2026-01-12T10:44:06+00:00","dateModified":"2026-03-09T17:05:51+00:00","breadcrumb":{"@id":"https:\/\/nbcustoms.pt\/product\/capo-look-m3-m4-bmw-f30-f31-f32-f33-f36\/#breadcrumb"},"inLanguage":"en-GB","potentialAction":[{"@type":"ReadAction","target":["https:\/\/nbcustoms.pt\/product\/capo-look-m3-m4-bmw-f30-f31-f32-f33-f36\/"]}]},{"@type":"ImageObject","inLanguage":"en-GB","@id":"https:\/\/nbcustoms.pt\/product\/capo-look-m3-m4-bmw-f30-f31-f32-f33-f36\/#primaryimage","url":"https:\/\/nbcustoms.pt\/wp-content\/uploads\/2026\/01\/6474.jpg","contentUrl":"https:\/\/nbcustoms.pt\/wp-content\/uploads\/2026\/01\/6474.jpg","width":1024,"height":1024},{"@type":"BreadcrumbList","@id":"https:\/\/nbcustoms.pt\/product\/capo-look-m3-m4-bmw-f30-f31-f32-f33-f36\/#breadcrumb","itemListElement":[{"@type":"ListItem","position":1,"name":"Home","item":"https:\/\/nbcustoms.pt\/"},{"@type":"ListItem","position":2,"name":"Loja","item":"https:\/\/nbcustoms.pt\/loja\/"},{"@type":"ListItem","position":3,"name":"Cap\u00f4 look M3\/M4 BMW F30\/F31\/F32\/F33\/F36"}]},{"@type":"WebSite","@id":"https:\/\/nbcustoms.pt\/#website","url":"https:\/\/nbcustoms.pt\/","name":"NB Customs - Personaliza\u00e7\u00f5es BMW","description":"Transforma o teu BMW com especialistas.","publisher":{"@id":"https:\/\/nbcustoms.pt\/#organization"},"potentialAction":[{"@type":"SearchAction","target":{"@type":"EntryPoint","urlTemplate":"https:\/\/nbcustoms.pt\/?s={search_term_string}"},"query-input":{"@type":"PropertyValueSpecification","valueRequired":true,"valueName":"search_term_string"}}],"inLanguage":"en-GB"},{"@type":"Organization","@id":"https:\/\/nbcustoms.pt\/#organization","name":"NB Customs - Personaliza\u00e7\u00f5es BMW","url":"https:\/\/nbcustoms.pt\/","logo":{"@type":"ImageObject","inLanguage":"en-GB","@id":"https:\/\/nbcustoms.pt\/#\/schema\/logo\/image\/","url":"https:\/\/nbcustoms.pt\/wp-content\/uploads\/2025\/12\/logo.jpg","contentUrl":"https:\/\/nbcustoms.pt\/wp-content\/uploads\/2025\/12\/logo.jpg","width":450,"height":450,"caption":"NB Customs - Personaliza\u00e7\u00f5es BMW"},"image":{"@id":"https:\/\/nbcustoms.pt\/#\/schema\/logo\/image\/"},"sameAs":["https:\/\/www.instagram.com\/nb_customs__\/"]}]}},"jetpack_sharing_enabled":true,"_links":{"self":[{"href":"https:\/\/nbcustoms.pt\/en\/wp-json\/wp\/v2\/product\/8321","targetHints":{"allow":["GET"]}}],"collection":[{"href":"https:\/\/nbcustoms.pt\/en\/wp-json\/wp\/v2\/product"}],"about":[{"href":"https:\/\/nbcustoms.pt\/en\/wp-json\/wp\/v2\/types\/product"}],"wp:featuredmedia":[{"embeddable":true,"href":"https:\/\/nbcustoms.pt\/en\/wp-json\/wp\/v2\/media\/9993"}],"wp:attachment":[{"href":"https:\/\/nbcustoms.pt\/en\/wp-json\/wp\/v2\/media?parent=8321"}],"wp:term":[{"taxonomy":"product_brand","embeddable":true,"href":"https:\/\/nbcustoms.pt\/en\/wp-json\/wp\/v2\/product_brand?post=8321"},{"taxonomy":"product_cat","embeddable":true,"href":"https:\/\/nbcustoms.pt\/en\/wp-json\/wp\/v2\/product_cat?post=8321"},{"taxonomy":"product_tag","embeddable":true,"href":"https:\/\/nbcustoms.pt\/en\/wp-json\/wp\/v2\/product_tag?post=8321"}],"curies":[{"name":"wp","href":"https:\/\/api.w.org\/{rel}","templated":true}]}}