{"id":8189,"date":"2026-01-09T11:06:20","date_gmt":"2026-01-09T11:06:20","guid":{"rendered":"https:\/\/nbcustoms.pt\/?post_type=product&#038;p=8189"},"modified":"2026-03-14T14:26:10","modified_gmt":"2026-03-14T14:26:10","slug":"body-kit-pack-m-bmw-e91pre-look-lci-05-08","status":"publish","type":"product","link":"https:\/\/nbcustoms.pt\/en\/product\/body-kit-pack-m-bmw-e91pre-look-lci-05-08\/","title":{"rendered":"Body kit pack M BMW E91 pr\u00e9 look lci (05-08)"},"content":{"rendered":"<div>\n<p><strong><b>BODY KIT PACK M BMW E91\u00a0<\/b><\/strong><\/p>\n<p><strong><b>Compat\u00edvel:\u00a0<\/b><\/strong>BMW s\u00e9rie 3 E91 touring (2005-2008)<\/p>\n<p><strong><b>Modelo:\u00a0<\/b><\/strong>Pack M <strong>look lci <\/strong>(modelo a seguir)<\/p>\n<p><strong><b>Material:\u00a0<\/b><\/strong>Pl\u00e1stico<\/p>\n<\/div>\n<div>\n<div>\n<p><strong>Kit inclui:<\/strong><\/p>\n<ul>\n<li><strong>Para-choques frontal<\/strong><\/li>\n<li>Grelhas inferiores e acess\u00f3rios apresentados<\/li>\n<li><strong>Embaladeiras<\/strong><\/li>\n<li><strong>Para-choques traseiro<\/strong> pack M<\/li>\n<li><strong>Difusor<\/strong> traseiro M Performance \u00e0 escolha (O\u2013O), (OO\u2014-), (OO\u2013OO)<\/li>\n<\/ul>\n<\/div>\n<div>\n<p>PDC (Fura\u00e7\u00e3o para sensores de estacionamento):\u00a0<strong>SIM<\/strong>\u00a0(caso o seu carro n\u00e3o tenha sensores de estacionamento dever\u00e1 indicar ao efetuar a encomenda)<\/p>\n<p>Plug and play\/ Encaixes iguais OEM<\/p>\n<p>Pre\u00e7o especial de conjunto<\/p>\n<p>Cada produto pode ser vendido separadamente<\/p>\n<p>Caso tenha d\u00favidas na compatibilidade do produto com o seu carro entre em contacto<\/p>\n<p>Os artigos apresentados apenas s\u00e3o adequados para os modelos descritos<\/p>\n<p>Estes n\u00e3o s\u00e3o produtos originais da marca BMW<\/p>\n<\/div>\n<\/div>","protected":false},"excerpt":{"rendered":"<p>BODY KIT PACK M BMW E91\u00a0 Compat\u00edvel:\u00a0BMW s\u00e9rie 3 E91 touring (2005-2008) Modelo:\u00a0Pack M look lci (modelo a seguir) Material:\u00a0Pl\u00e1stico Kit inclui: Para-choques frontal Grelhas inferiores e acess\u00f3rios apresentados Embaladeiras Para-choques traseiro pack M Difusor traseiro M Performance \u00e0 escolha (O\u2013O), (OO\u2014-), (OO\u2013OO) PDC (Fura\u00e7\u00e3o para sensores de estacionamento):\u00a0SIM\u00a0(caso o seu carro n\u00e3o tenha sensores [&hellip;]<\/p>\n","protected":false},"featured_media":9246,"template":"","meta":[],"product_brand":[162],"product_cat":[165,187,119],"product_tag":[113,101,126,173,139],"class_list":{"0":"post-8189","1":"product","2":"type-product","3":"status-publish","4":"has-post-thumbnail","6":"product_brand-bmw","7":"product_cat-bodykit","8":"product_cat-e91","9":"product_cat-serie-3","10":"product_tag-bodykit","11":"product_tag-difusor","12":"product_tag-embaladeiras","13":"product_tag-para-choques-frontal","14":"product_tag-para-choques-traseiro","15":"product_shipping_class-especial","17":"first","18":"instock","19":"taxable","20":"shipping-taxable","21":"purchasable","22":"product-type-variable"},"yoast_head":"<!-- This site is optimized with the Yoast SEO Premium plugin v26.6 (Yoast SEO v26.6) - https:\/\/yoast.com\/wordpress\/plugins\/seo\/ -->\n<title>Body kit pack M BMW E91 pr\u00e9 look lci (05-08) - NB Customs - Personaliza\u00e7\u00f5es BMW<\/title>\n<meta name=\"robots\" content=\"index, follow, max-snippet:-1, max-image-preview:large, max-video-preview:-1\" \/>\n<link rel=\"canonical\" href=\"https:\/\/nbcustoms.pt\/en\/product\/body-kit-pack-m-bmw-e91pre-look-lci-05-08\/\" \/>\n<meta property=\"og:locale\" content=\"en_GB\" \/>\n<meta property=\"og:type\" content=\"article\" \/>\n<meta property=\"og:title\" content=\"Body kit pack M BMW E91 pr\u00e9 look lci (05-08)\" \/>\n<meta property=\"og:description\" content=\"BODY KIT PACK M BMW E91\u00a0 Compat\u00edvel:\u00a0BMW s\u00e9rie 3 E91 touring (2005-2008) Modelo:\u00a0Pack M look lci (modelo a seguir) Material:\u00a0Pl\u00e1stico Kit inclui: Para-choques frontal Grelhas inferiores e acess\u00f3rios apresentados Embaladeiras Para-choques traseiro pack M Difusor traseiro M Performance \u00e0 escolha (O\u2013O), (OO\u2014-), (OO\u2013OO) PDC (Fura\u00e7\u00e3o para sensores de estacionamento):\u00a0SIM\u00a0(caso o seu carro n\u00e3o tenha sensores [&hellip;]\" \/>\n<meta property=\"og:url\" content=\"https:\/\/nbcustoms.pt\/en\/product\/body-kit-pack-m-bmw-e91pre-look-lci-05-08\/\" \/>\n<meta property=\"og:site_name\" content=\"NB Customs - Personaliza\u00e7\u00f5es BMW\" \/>\n<meta property=\"article:modified_time\" content=\"2026-03-14T14:26:10+00:00\" \/>\n<meta property=\"og:image\" content=\"https:\/\/nbcustoms.pt\/wp-content\/uploads\/2026\/01\/IHOPoHIO.jpg\" \/>\n\t<meta property=\"og:image:width\" content=\"800\" \/>\n\t<meta property=\"og:image:height\" content=\"800\" \/>\n\t<meta property=\"og:image:type\" content=\"image\/jpeg\" \/>\n<meta name=\"twitter:card\" content=\"summary_large_image\" \/>\n<meta name=\"twitter:label1\" content=\"Est. reading time\" \/>\n\t<meta name=\"twitter:data1\" content=\"1 minute\" \/>\n<script type=\"application\/ld+json\" class=\"yoast-schema-graph\">{\"@context\":\"https:\/\/schema.org\",\"@graph\":[{\"@type\":\"WebPage\",\"@id\":\"https:\/\/nbcustoms.pt\/product\/body-kit-pack-m-bmw-e91pre-look-lci-05-08\/\",\"url\":\"https:\/\/nbcustoms.pt\/product\/body-kit-pack-m-bmw-e91pre-look-lci-05-08\/\",\"name\":\"Body kit pack M BMW E91 pr\u00e9 look lci (05-08) - NB Customs - Personaliza\u00e7\u00f5es BMW\",\"isPartOf\":{\"@id\":\"https:\/\/nbcustoms.pt\/#website\"},\"primaryImageOfPage\":{\"@id\":\"https:\/\/nbcustoms.pt\/product\/body-kit-pack-m-bmw-e91pre-look-lci-05-08\/#primaryimage\"},\"image\":{\"@id\":\"https:\/\/nbcustoms.pt\/product\/body-kit-pack-m-bmw-e91pre-look-lci-05-08\/#primaryimage\"},\"thumbnailUrl\":\"https:\/\/nbcustoms.pt\/wp-content\/uploads\/2026\/01\/IHOPoHIO.jpg\",\"datePublished\":\"2026-01-09T11:06:20+00:00\",\"dateModified\":\"2026-03-14T14:26:10+00:00\",\"breadcrumb\":{\"@id\":\"https:\/\/nbcustoms.pt\/product\/body-kit-pack-m-bmw-e91pre-look-lci-05-08\/#breadcrumb\"},\"inLanguage\":\"en-GB\",\"potentialAction\":[{\"@type\":\"ReadAction\",\"target\":[\"https:\/\/nbcustoms.pt\/product\/body-kit-pack-m-bmw-e91pre-look-lci-05-08\/\"]}]},{\"@type\":\"ImageObject\",\"inLanguage\":\"en-GB\",\"@id\":\"https:\/\/nbcustoms.pt\/product\/body-kit-pack-m-bmw-e91pre-look-lci-05-08\/#primaryimage\",\"url\":\"https:\/\/nbcustoms.pt\/wp-content\/uploads\/2026\/01\/IHOPoHIO.jpg\",\"contentUrl\":\"https:\/\/nbcustoms.pt\/wp-content\/uploads\/2026\/01\/IHOPoHIO.jpg\",\"width\":800,\"height\":800},{\"@type\":\"BreadcrumbList\",\"@id\":\"https:\/\/nbcustoms.pt\/product\/body-kit-pack-m-bmw-e91pre-look-lci-05-08\/#breadcrumb\",\"itemListElement\":[{\"@type\":\"ListItem\",\"position\":1,\"name\":\"Home\",\"item\":\"https:\/\/nbcustoms.pt\/\"},{\"@type\":\"ListItem\",\"position\":2,\"name\":\"Loja\",\"item\":\"https:\/\/nbcustoms.pt\/loja\/\"},{\"@type\":\"ListItem\",\"position\":3,\"name\":\"Body kit pack M BMW E91 pr\u00e9 look lci (05-08)\"}]},{\"@type\":\"WebSite\",\"@id\":\"https:\/\/nbcustoms.pt\/#website\",\"url\":\"https:\/\/nbcustoms.pt\/\",\"name\":\"NB Customs - Personaliza\u00e7\u00f5es BMW\",\"description\":\"Transforma o teu BMW com especialistas.\",\"publisher\":{\"@id\":\"https:\/\/nbcustoms.pt\/#organization\"},\"potentialAction\":[{\"@type\":\"SearchAction\",\"target\":{\"@type\":\"EntryPoint\",\"urlTemplate\":\"https:\/\/nbcustoms.pt\/?s={search_term_string}\"},\"query-input\":{\"@type\":\"PropertyValueSpecification\",\"valueRequired\":true,\"valueName\":\"search_term_string\"}}],\"inLanguage\":\"en-GB\"},{\"@type\":\"Organization\",\"@id\":\"https:\/\/nbcustoms.pt\/#organization\",\"name\":\"NB Customs - Personaliza\u00e7\u00f5es BMW\",\"url\":\"https:\/\/nbcustoms.pt\/\",\"logo\":{\"@type\":\"ImageObject\",\"inLanguage\":\"en-GB\",\"@id\":\"https:\/\/nbcustoms.pt\/#\/schema\/logo\/image\/\",\"url\":\"https:\/\/nbcustoms.pt\/wp-content\/uploads\/2025\/12\/logo.jpg\",\"contentUrl\":\"https:\/\/nbcustoms.pt\/wp-content\/uploads\/2025\/12\/logo.jpg\",\"width\":450,\"height\":450,\"caption\":\"NB Customs - Personaliza\u00e7\u00f5es BMW\"},\"image\":{\"@id\":\"https:\/\/nbcustoms.pt\/#\/schema\/logo\/image\/\"},\"sameAs\":[\"https:\/\/www.instagram.com\/nb_customs__\/\"]}]}<\/script>\n<!-- \/ Yoast SEO Premium plugin. -->","yoast_head_json":{"title":"Body kit pack M BMW E91 pr\u00e9 look lci (05-08) - NB Customs - Personaliza\u00e7\u00f5es BMW","robots":{"index":"index","follow":"follow","max-snippet":"max-snippet:-1","max-image-preview":"max-image-preview:large","max-video-preview":"max-video-preview:-1"},"canonical":"https:\/\/nbcustoms.pt\/en\/product\/body-kit-pack-m-bmw-e91pre-look-lci-05-08\/","og_locale":"en_GB","og_type":"article","og_title":"Body kit pack M BMW E91 pr\u00e9 look lci (05-08)","og_description":"BODY KIT PACK M BMW E91\u00a0 Compat\u00edvel:\u00a0BMW s\u00e9rie 3 E91 touring (2005-2008) Modelo:\u00a0Pack M look lci (modelo a seguir) Material:\u00a0Pl\u00e1stico Kit inclui: Para-choques frontal Grelhas inferiores e acess\u00f3rios apresentados Embaladeiras Para-choques traseiro pack M Difusor traseiro M Performance \u00e0 escolha (O\u2013O), (OO\u2014-), (OO\u2013OO) PDC (Fura\u00e7\u00e3o para sensores de estacionamento):\u00a0SIM\u00a0(caso o seu carro n\u00e3o tenha sensores [&hellip;]","og_url":"https:\/\/nbcustoms.pt\/en\/product\/body-kit-pack-m-bmw-e91pre-look-lci-05-08\/","og_site_name":"NB Customs - Personaliza\u00e7\u00f5es BMW","article_modified_time":"2026-03-14T14:26:10+00:00","og_image":[{"width":800,"height":800,"url":"https:\/\/nbcustoms.pt\/wp-content\/uploads\/2026\/01\/IHOPoHIO.jpg","type":"image\/jpeg"}],"twitter_card":"summary_large_image","twitter_misc":{"Est. reading time":"1 minute"},"schema":{"@context":"https:\/\/schema.org","@graph":[{"@type":"WebPage","@id":"https:\/\/nbcustoms.pt\/product\/body-kit-pack-m-bmw-e91pre-look-lci-05-08\/","url":"https:\/\/nbcustoms.pt\/product\/body-kit-pack-m-bmw-e91pre-look-lci-05-08\/","name":"Body kit pack M BMW E91 pr\u00e9 look lci (05-08) - NB Customs - Personaliza\u00e7\u00f5es BMW","isPartOf":{"@id":"https:\/\/nbcustoms.pt\/#website"},"primaryImageOfPage":{"@id":"https:\/\/nbcustoms.pt\/product\/body-kit-pack-m-bmw-e91pre-look-lci-05-08\/#primaryimage"},"image":{"@id":"https:\/\/nbcustoms.pt\/product\/body-kit-pack-m-bmw-e91pre-look-lci-05-08\/#primaryimage"},"thumbnailUrl":"https:\/\/nbcustoms.pt\/wp-content\/uploads\/2026\/01\/IHOPoHIO.jpg","datePublished":"2026-01-09T11:06:20+00:00","dateModified":"2026-03-14T14:26:10+00:00","breadcrumb":{"@id":"https:\/\/nbcustoms.pt\/product\/body-kit-pack-m-bmw-e91pre-look-lci-05-08\/#breadcrumb"},"inLanguage":"en-GB","potentialAction":[{"@type":"ReadAction","target":["https:\/\/nbcustoms.pt\/product\/body-kit-pack-m-bmw-e91pre-look-lci-05-08\/"]}]},{"@type":"ImageObject","inLanguage":"en-GB","@id":"https:\/\/nbcustoms.pt\/product\/body-kit-pack-m-bmw-e91pre-look-lci-05-08\/#primaryimage","url":"https:\/\/nbcustoms.pt\/wp-content\/uploads\/2026\/01\/IHOPoHIO.jpg","contentUrl":"https:\/\/nbcustoms.pt\/wp-content\/uploads\/2026\/01\/IHOPoHIO.jpg","width":800,"height":800},{"@type":"BreadcrumbList","@id":"https:\/\/nbcustoms.pt\/product\/body-kit-pack-m-bmw-e91pre-look-lci-05-08\/#breadcrumb","itemListElement":[{"@type":"ListItem","position":1,"name":"Home","item":"https:\/\/nbcustoms.pt\/"},{"@type":"ListItem","position":2,"name":"Loja","item":"https:\/\/nbcustoms.pt\/loja\/"},{"@type":"ListItem","position":3,"name":"Body kit pack M BMW E91 pr\u00e9 look lci (05-08)"}]},{"@type":"WebSite","@id":"https:\/\/nbcustoms.pt\/#website","url":"https:\/\/nbcustoms.pt\/","name":"NB Customs - Personaliza\u00e7\u00f5es BMW","description":"Transforma o teu BMW com especialistas.","publisher":{"@id":"https:\/\/nbcustoms.pt\/#organization"},"potentialAction":[{"@type":"SearchAction","target":{"@type":"EntryPoint","urlTemplate":"https:\/\/nbcustoms.pt\/?s={search_term_string}"},"query-input":{"@type":"PropertyValueSpecification","valueRequired":true,"valueName":"search_term_string"}}],"inLanguage":"en-GB"},{"@type":"Organization","@id":"https:\/\/nbcustoms.pt\/#organization","name":"NB Customs - Personaliza\u00e7\u00f5es BMW","url":"https:\/\/nbcustoms.pt\/","logo":{"@type":"ImageObject","inLanguage":"en-GB","@id":"https:\/\/nbcustoms.pt\/#\/schema\/logo\/image\/","url":"https:\/\/nbcustoms.pt\/wp-content\/uploads\/2025\/12\/logo.jpg","contentUrl":"https:\/\/nbcustoms.pt\/wp-content\/uploads\/2025\/12\/logo.jpg","width":450,"height":450,"caption":"NB Customs - Personaliza\u00e7\u00f5es BMW"},"image":{"@id":"https:\/\/nbcustoms.pt\/#\/schema\/logo\/image\/"},"sameAs":["https:\/\/www.instagram.com\/nb_customs__\/"]}]}},"jetpack_sharing_enabled":true,"_links":{"self":[{"href":"https:\/\/nbcustoms.pt\/en\/wp-json\/wp\/v2\/product\/8189","targetHints":{"allow":["GET"]}}],"collection":[{"href":"https:\/\/nbcustoms.pt\/en\/wp-json\/wp\/v2\/product"}],"about":[{"href":"https:\/\/nbcustoms.pt\/en\/wp-json\/wp\/v2\/types\/product"}],"wp:featuredmedia":[{"embeddable":true,"href":"https:\/\/nbcustoms.pt\/en\/wp-json\/wp\/v2\/media\/9246"}],"wp:attachment":[{"href":"https:\/\/nbcustoms.pt\/en\/wp-json\/wp\/v2\/media?parent=8189"}],"wp:term":[{"taxonomy":"product_brand","embeddable":true,"href":"https:\/\/nbcustoms.pt\/en\/wp-json\/wp\/v2\/product_brand?post=8189"},{"taxonomy":"product_cat","embeddable":true,"href":"https:\/\/nbcustoms.pt\/en\/wp-json\/wp\/v2\/product_cat?post=8189"},{"taxonomy":"product_tag","embeddable":true,"href":"https:\/\/nbcustoms.pt\/en\/wp-json\/wp\/v2\/product_tag?post=8189"}],"curies":[{"name":"wp","href":"https:\/\/api.w.org\/{rel}","templated":true}]}}