{"id":8104,"date":"2026-01-08T10:45:37","date_gmt":"2026-01-08T10:45:37","guid":{"rendered":"https:\/\/nbcustoms.pt\/?post_type=product&#038;p=8104"},"modified":"2026-03-09T17:20:29","modified_gmt":"2026-03-09T17:20:29","slug":"lip-bmw-g80-g81-g82","status":"publish","type":"product","link":"https:\/\/nbcustoms.pt\/en\/product\/lip-bmw-g80-g81-g82\/","title":{"rendered":"Lip BMW G80\/G81\/G82"},"content":{"rendered":"<p><strong><b>LIP BMW G80\/G81\/ G82<\/b><\/strong><\/p>\n<p><strong><b>Compat\u00edvel:\u00a0<\/b><\/strong>BMW M3 G80\/G81 e M4 G82<\/p>\n<p><strong><b>Modelo: <\/b><\/strong>M3\/M4 dividido em 3 partes<\/p>\n<p><strong><b>Material: <\/b><\/strong>Pl\u00e1stico ABS<\/p>\n<p><strong>Cor:<\/strong>\u00a0Preto brilhante<\/p>\n<p>Plug and play<\/p>\n<p>* Caso tenha d\u00favidas na compatibilidade do produto com o seu carro entre em contacto.<\/p>\n<p>Estes n\u00e3o s\u00e3o produtos originais da marca BMW.<\/p>\n<p>Os artigos apresentados apenas s\u00e3o adequados para os modelos descritos.<\/p>","protected":false},"excerpt":{"rendered":"<p>LIP BMW G80\/G81\/ G82 Compat\u00edvel:\u00a0BMW M3 G80\/G81 e M4 G82 Modelo: M3\/M4 dividido em 3 partes Material: Pl\u00e1stico ABS Cor:\u00a0Preto brilhante Plug and play * Caso tenha d\u00favidas na compatibilidade do produto com o seu carro entre em contacto. Estes n\u00e3o s\u00e3o produtos originais da marca BMW. Os artigos apresentados apenas s\u00e3o adequados para os [&hellip;]<\/p>\n","protected":false},"featured_media":8106,"template":"","meta":[],"product_brand":[162],"product_cat":[251,257,168,119,122],"product_tag":[96],"class_list":{"0":"post-8104","1":"product","2":"type-product","3":"status-publish","4":"has-post-thumbnail","6":"product_brand-bmw","7":"product_cat-g80","8":"product_cat-g81","9":"product_cat-g82","10":"product_cat-serie-3","11":"product_cat-serie-4","12":"product_tag-lip","13":"product_shipping_class-xl","15":"first","16":"instock","17":"taxable","18":"shipping-taxable","19":"purchasable","20":"product-type-simple"},"yoast_head":"<!-- This site is optimized with the Yoast SEO Premium plugin v26.6 (Yoast SEO v26.6) - https:\/\/yoast.com\/wordpress\/plugins\/seo\/ -->\n<title>Lip BMW G80\/G81\/G82 - NB Customs - Personaliza\u00e7\u00f5es BMW<\/title>\n<meta name=\"robots\" content=\"index, follow, max-snippet:-1, max-image-preview:large, max-video-preview:-1\" \/>\n<link rel=\"canonical\" href=\"https:\/\/nbcustoms.pt\/en\/product\/lip-bmw-g80-g81-g82\/\" \/>\n<meta property=\"og:locale\" content=\"en_GB\" \/>\n<meta property=\"og:type\" content=\"article\" \/>\n<meta property=\"og:title\" content=\"Lip BMW G80\/G81\/G82\" \/>\n<meta property=\"og:description\" content=\"LIP BMW G80\/G81\/ G82 Compat\u00edvel:\u00a0BMW M3 G80\/G81 e M4 G82 Modelo: M3\/M4 dividido em 3 partes Material: Pl\u00e1stico ABS Cor:\u00a0Preto brilhante Plug and play * Caso tenha d\u00favidas na compatibilidade do produto com o seu carro entre em contacto. Estes n\u00e3o s\u00e3o produtos originais da marca BMW. Os artigos apresentados apenas s\u00e3o adequados para os [&hellip;]\" \/>\n<meta property=\"og:url\" content=\"https:\/\/nbcustoms.pt\/en\/product\/lip-bmw-g80-g81-g82\/\" \/>\n<meta property=\"og:site_name\" content=\"NB Customs - Personaliza\u00e7\u00f5es BMW\" \/>\n<meta property=\"article:modified_time\" content=\"2026-03-09T17:20:29+00:00\" \/>\n<meta property=\"og:image\" content=\"https:\/\/nbcustoms.pt\/wp-content\/uploads\/2026\/01\/43854_01.jpg_1920x1920.jpg\" \/>\n\t<meta property=\"og:image:width\" content=\"1600\" \/>\n\t<meta property=\"og:image:height\" content=\"1600\" \/>\n\t<meta property=\"og:image:type\" content=\"image\/jpeg\" \/>\n<meta name=\"twitter:card\" content=\"summary_large_image\" \/>\n<meta name=\"twitter:label1\" content=\"Estimated reading time\" \/>\n\t<meta name=\"twitter:data1\" content=\"1 minute\" \/>\n<script type=\"application\/ld+json\" class=\"yoast-schema-graph\">{\"@context\":\"https:\/\/schema.org\",\"@graph\":[{\"@type\":\"WebPage\",\"@id\":\"https:\/\/nbcustoms.pt\/product\/lip-bmw-g80-g81-g82\/\",\"url\":\"https:\/\/nbcustoms.pt\/product\/lip-bmw-g80-g81-g82\/\",\"name\":\"Lip BMW G80\/G81\/G82 - NB Customs - Personaliza\u00e7\u00f5es BMW\",\"isPartOf\":{\"@id\":\"https:\/\/nbcustoms.pt\/#website\"},\"primaryImageOfPage\":{\"@id\":\"https:\/\/nbcustoms.pt\/product\/lip-bmw-g80-g81-g82\/#primaryimage\"},\"image\":{\"@id\":\"https:\/\/nbcustoms.pt\/product\/lip-bmw-g80-g81-g82\/#primaryimage\"},\"thumbnailUrl\":\"https:\/\/nbcustoms.pt\/wp-content\/uploads\/2026\/01\/43854_01.jpg_1920x1920.jpg\",\"datePublished\":\"2026-01-08T10:45:37+00:00\",\"dateModified\":\"2026-03-09T17:20:29+00:00\",\"breadcrumb\":{\"@id\":\"https:\/\/nbcustoms.pt\/product\/lip-bmw-g80-g81-g82\/#breadcrumb\"},\"inLanguage\":\"en-GB\",\"potentialAction\":[{\"@type\":\"ReadAction\",\"target\":[\"https:\/\/nbcustoms.pt\/product\/lip-bmw-g80-g81-g82\/\"]}]},{\"@type\":\"ImageObject\",\"inLanguage\":\"en-GB\",\"@id\":\"https:\/\/nbcustoms.pt\/product\/lip-bmw-g80-g81-g82\/#primaryimage\",\"url\":\"https:\/\/nbcustoms.pt\/wp-content\/uploads\/2026\/01\/43854_01.jpg_1920x1920.jpg\",\"contentUrl\":\"https:\/\/nbcustoms.pt\/wp-content\/uploads\/2026\/01\/43854_01.jpg_1920x1920.jpg\",\"width\":1600,\"height\":1600},{\"@type\":\"BreadcrumbList\",\"@id\":\"https:\/\/nbcustoms.pt\/product\/lip-bmw-g80-g81-g82\/#breadcrumb\",\"itemListElement\":[{\"@type\":\"ListItem\",\"position\":1,\"name\":\"Home\",\"item\":\"https:\/\/nbcustoms.pt\/\"},{\"@type\":\"ListItem\",\"position\":2,\"name\":\"Loja\",\"item\":\"https:\/\/nbcustoms.pt\/loja\/\"},{\"@type\":\"ListItem\",\"position\":3,\"name\":\"Lip BMW G80\/G81\/G82\"}]},{\"@type\":\"WebSite\",\"@id\":\"https:\/\/nbcustoms.pt\/#website\",\"url\":\"https:\/\/nbcustoms.pt\/\",\"name\":\"NB Customs - Personaliza\u00e7\u00f5es BMW\",\"description\":\"Transforma o teu BMW com especialistas.\",\"publisher\":{\"@id\":\"https:\/\/nbcustoms.pt\/#organization\"},\"potentialAction\":[{\"@type\":\"SearchAction\",\"target\":{\"@type\":\"EntryPoint\",\"urlTemplate\":\"https:\/\/nbcustoms.pt\/?s={search_term_string}\"},\"query-input\":{\"@type\":\"PropertyValueSpecification\",\"valueRequired\":true,\"valueName\":\"search_term_string\"}}],\"inLanguage\":\"en-GB\"},{\"@type\":\"Organization\",\"@id\":\"https:\/\/nbcustoms.pt\/#organization\",\"name\":\"NB Customs - Personaliza\u00e7\u00f5es BMW\",\"url\":\"https:\/\/nbcustoms.pt\/\",\"logo\":{\"@type\":\"ImageObject\",\"inLanguage\":\"en-GB\",\"@id\":\"https:\/\/nbcustoms.pt\/#\/schema\/logo\/image\/\",\"url\":\"https:\/\/nbcustoms.pt\/wp-content\/uploads\/2025\/12\/logo.jpg\",\"contentUrl\":\"https:\/\/nbcustoms.pt\/wp-content\/uploads\/2025\/12\/logo.jpg\",\"width\":450,\"height\":450,\"caption\":\"NB Customs - Personaliza\u00e7\u00f5es BMW\"},\"image\":{\"@id\":\"https:\/\/nbcustoms.pt\/#\/schema\/logo\/image\/\"},\"sameAs\":[\"https:\/\/www.instagram.com\/nb_customs__\/\"]}]}<\/script>\n<!-- \/ Yoast SEO Premium plugin. -->","yoast_head_json":{"title":"Lip BMW G80\/G81\/G82 - NB Customs - Personaliza\u00e7\u00f5es BMW","robots":{"index":"index","follow":"follow","max-snippet":"max-snippet:-1","max-image-preview":"max-image-preview:large","max-video-preview":"max-video-preview:-1"},"canonical":"https:\/\/nbcustoms.pt\/en\/product\/lip-bmw-g80-g81-g82\/","og_locale":"en_GB","og_type":"article","og_title":"Lip BMW G80\/G81\/G82","og_description":"LIP BMW G80\/G81\/ G82 Compat\u00edvel:\u00a0BMW M3 G80\/G81 e M4 G82 Modelo: M3\/M4 dividido em 3 partes Material: Pl\u00e1stico ABS Cor:\u00a0Preto brilhante Plug and play * Caso tenha d\u00favidas na compatibilidade do produto com o seu carro entre em contacto. Estes n\u00e3o s\u00e3o produtos originais da marca BMW. Os artigos apresentados apenas s\u00e3o adequados para os [&hellip;]","og_url":"https:\/\/nbcustoms.pt\/en\/product\/lip-bmw-g80-g81-g82\/","og_site_name":"NB Customs - Personaliza\u00e7\u00f5es BMW","article_modified_time":"2026-03-09T17:20:29+00:00","og_image":[{"width":1600,"height":1600,"url":"https:\/\/nbcustoms.pt\/wp-content\/uploads\/2026\/01\/43854_01.jpg_1920x1920.jpg","type":"image\/jpeg"}],"twitter_card":"summary_large_image","twitter_misc":{"Estimated reading time":"1 minute"},"schema":{"@context":"https:\/\/schema.org","@graph":[{"@type":"WebPage","@id":"https:\/\/nbcustoms.pt\/product\/lip-bmw-g80-g81-g82\/","url":"https:\/\/nbcustoms.pt\/product\/lip-bmw-g80-g81-g82\/","name":"Lip BMW G80\/G81\/G82 - NB Customs - Personaliza\u00e7\u00f5es BMW","isPartOf":{"@id":"https:\/\/nbcustoms.pt\/#website"},"primaryImageOfPage":{"@id":"https:\/\/nbcustoms.pt\/product\/lip-bmw-g80-g81-g82\/#primaryimage"},"image":{"@id":"https:\/\/nbcustoms.pt\/product\/lip-bmw-g80-g81-g82\/#primaryimage"},"thumbnailUrl":"https:\/\/nbcustoms.pt\/wp-content\/uploads\/2026\/01\/43854_01.jpg_1920x1920.jpg","datePublished":"2026-01-08T10:45:37+00:00","dateModified":"2026-03-09T17:20:29+00:00","breadcrumb":{"@id":"https:\/\/nbcustoms.pt\/product\/lip-bmw-g80-g81-g82\/#breadcrumb"},"inLanguage":"en-GB","potentialAction":[{"@type":"ReadAction","target":["https:\/\/nbcustoms.pt\/product\/lip-bmw-g80-g81-g82\/"]}]},{"@type":"ImageObject","inLanguage":"en-GB","@id":"https:\/\/nbcustoms.pt\/product\/lip-bmw-g80-g81-g82\/#primaryimage","url":"https:\/\/nbcustoms.pt\/wp-content\/uploads\/2026\/01\/43854_01.jpg_1920x1920.jpg","contentUrl":"https:\/\/nbcustoms.pt\/wp-content\/uploads\/2026\/01\/43854_01.jpg_1920x1920.jpg","width":1600,"height":1600},{"@type":"BreadcrumbList","@id":"https:\/\/nbcustoms.pt\/product\/lip-bmw-g80-g81-g82\/#breadcrumb","itemListElement":[{"@type":"ListItem","position":1,"name":"Home","item":"https:\/\/nbcustoms.pt\/"},{"@type":"ListItem","position":2,"name":"Loja","item":"https:\/\/nbcustoms.pt\/loja\/"},{"@type":"ListItem","position":3,"name":"Lip BMW G80\/G81\/G82"}]},{"@type":"WebSite","@id":"https:\/\/nbcustoms.pt\/#website","url":"https:\/\/nbcustoms.pt\/","name":"NB Customs - Personaliza\u00e7\u00f5es BMW","description":"Transforma o teu BMW com especialistas.","publisher":{"@id":"https:\/\/nbcustoms.pt\/#organization"},"potentialAction":[{"@type":"SearchAction","target":{"@type":"EntryPoint","urlTemplate":"https:\/\/nbcustoms.pt\/?s={search_term_string}"},"query-input":{"@type":"PropertyValueSpecification","valueRequired":true,"valueName":"search_term_string"}}],"inLanguage":"en-GB"},{"@type":"Organization","@id":"https:\/\/nbcustoms.pt\/#organization","name":"NB Customs - Personaliza\u00e7\u00f5es BMW","url":"https:\/\/nbcustoms.pt\/","logo":{"@type":"ImageObject","inLanguage":"en-GB","@id":"https:\/\/nbcustoms.pt\/#\/schema\/logo\/image\/","url":"https:\/\/nbcustoms.pt\/wp-content\/uploads\/2025\/12\/logo.jpg","contentUrl":"https:\/\/nbcustoms.pt\/wp-content\/uploads\/2025\/12\/logo.jpg","width":450,"height":450,"caption":"NB Customs - Personaliza\u00e7\u00f5es BMW"},"image":{"@id":"https:\/\/nbcustoms.pt\/#\/schema\/logo\/image\/"},"sameAs":["https:\/\/www.instagram.com\/nb_customs__\/"]}]}},"jetpack_sharing_enabled":true,"_links":{"self":[{"href":"https:\/\/nbcustoms.pt\/en\/wp-json\/wp\/v2\/product\/8104","targetHints":{"allow":["GET"]}}],"collection":[{"href":"https:\/\/nbcustoms.pt\/en\/wp-json\/wp\/v2\/product"}],"about":[{"href":"https:\/\/nbcustoms.pt\/en\/wp-json\/wp\/v2\/types\/product"}],"wp:featuredmedia":[{"embeddable":true,"href":"https:\/\/nbcustoms.pt\/en\/wp-json\/wp\/v2\/media\/8106"}],"wp:attachment":[{"href":"https:\/\/nbcustoms.pt\/en\/wp-json\/wp\/v2\/media?parent=8104"}],"wp:term":[{"taxonomy":"product_brand","embeddable":true,"href":"https:\/\/nbcustoms.pt\/en\/wp-json\/wp\/v2\/product_brand?post=8104"},{"taxonomy":"product_cat","embeddable":true,"href":"https:\/\/nbcustoms.pt\/en\/wp-json\/wp\/v2\/product_cat?post=8104"},{"taxonomy":"product_tag","embeddable":true,"href":"https:\/\/nbcustoms.pt\/en\/wp-json\/wp\/v2\/product_tag?post=8104"}],"curies":[{"name":"wp","href":"https:\/\/api.w.org\/{rel}","templated":true}]}}