{"id":7845,"date":"2026-01-06T11:54:30","date_gmt":"2026-01-06T11:54:30","guid":{"rendered":"https:\/\/nbcustoms.pt\/?post_type=product&#038;p=7845"},"modified":"2026-04-11T15:08:40","modified_gmt":"2026-04-11T15:08:40","slug":"body-kit-look-m2c-pack-m-bmw-f20-f21-lci-15-19","status":"publish","type":"product","link":"https:\/\/nbcustoms.pt\/en\/product\/body-kit-look-m2c-pack-m-bmw-f20-f21-lci-15-19\/","title":{"rendered":"Body Kit look M2C + pack M BMW F20\/F21 lci (15-19)"},"content":{"rendered":"<div>\n<p><strong><b>BODY KIT M2C\/ PACK M BMW F20\/F21<\/b><\/strong><\/p>\n<p><strong><b>Compat\u00edvel:\u00a0<\/b><\/strong>BMW s\u00e9rie 1 F20\/F21 lci (mar\u00e7o de 2015 a 2019). Ter em aten\u00e7\u00e3o ano transi\u00e7\u00e3o 2015<\/p>\n<p><strong><b>Modelo:\u00a0<\/b><\/strong>Look M2C\/ Pack M<\/p>\n<p><strong><b>Material:\u00a0<\/b><\/strong>Pl\u00e1stico<\/p>\n<div>\n<div>\n<div>\n<div>\n<p><strong>Cor:<\/strong> Para-choques e embaladeiras em prim\u00e1rio (prontos a pintar)\/ Difusor em preto brilhante<\/p>\n<\/div>\n<\/div>\n<\/div>\n<\/div>\n<\/div>\n<div>\n<div>\n<p><strong>Kit inclui:<\/strong><\/p>\n<ul>\n<li><strong>Para-choques frontal<\/strong> look M2C<\/li>\n<li>Grelhas superiores, grelhas inferiores e anuladores de far\u00f3is de nevoeiro<\/li>\n<li><strong>Embaladeiras<\/strong> pack M (escolher conforme n\u00ba portas)<\/li>\n<li><strong>Para-choques traseiro<\/strong> pack M<\/li>\n<li><strong>Difusor <\/strong>traseiro M Performance \u00e0 escolha (OO&#8212;-) (O\u2013O), (OO\u2013OO) em preto brilhante<\/li>\n<\/ul>\n<\/div>\n<div>\n<p>PDC (Fura\u00e7\u00e3o para sensores de estacionamento): <strong>SIM<\/strong> (caso n\u00e3o tenha sensores de estacionamento dever\u00e1 indicar ao efetuar a encomenda)<\/p>\n<div>\n<div>\n<p>Nota: Os far\u00f3is de nevoeiro deixam de existir (s\u00e3o anulados), anuladores inclu\u00eddos<\/p>\n<\/div>\n<\/div>\n<p>Plug and play\/ Encaixes iguais OEM<\/p>\n<p>Pre\u00e7o especial de conjunto<\/p>\n<p>Caso tenha d\u00favidas na compatibilidade do produto com o seu carro entre em contacto<\/p>\n<p>Os artigos apresentados apenas s\u00e3o adequados para os modelos descritos<\/p>\n<p>Estes n\u00e3o s\u00e3o produtos originais da marca BMW<\/p>\n<\/div>\n<\/div>","protected":false},"excerpt":{"rendered":"<p>BODY KIT M2C\/ PACK M BMW F20\/F21 Compat\u00edvel:\u00a0BMW s\u00e9rie 1 F20\/F21 lci (mar\u00e7o de 2015 a 2019). Ter em aten\u00e7\u00e3o ano transi\u00e7\u00e3o 2015 Modelo:\u00a0Look M2C\/ Pack M Material:\u00a0Pl\u00e1stico Cor: Para-choques e embaladeiras em prim\u00e1rio (prontos a pintar)\/ Difusor em preto brilhante Kit inclui: Para-choques frontal look M2C Grelhas superiores, grelhas inferiores e anuladores de far\u00f3is [&hellip;]<\/p>\n","protected":false},"featured_media":9286,"template":"","meta":[],"product_brand":[162],"product_cat":[165,95,232,90],"product_tag":[113],"class_list":{"0":"post-7845","1":"product","2":"type-product","3":"status-publish","4":"has-post-thumbnail","6":"product_brand-bmw","7":"product_cat-bodykit","8":"product_cat-f20","9":"product_cat-f21","10":"product_cat-serie-1","11":"product_tag-bodykit","12":"product_shipping_class-especial","14":"first","15":"instock","16":"taxable","17":"shipping-taxable","18":"purchasable","19":"product-type-variable"},"yoast_head":"<!-- This site is optimized with the Yoast SEO Premium plugin v26.6 (Yoast SEO v26.6) - https:\/\/yoast.com\/wordpress\/plugins\/seo\/ -->\n<title>Body Kit look M2C + pack M BMW F20\/F21 lci (15-19) - NB Customs - Personaliza\u00e7\u00f5es BMW<\/title>\n<meta name=\"robots\" content=\"index, follow, max-snippet:-1, max-image-preview:large, max-video-preview:-1\" \/>\n<link rel=\"canonical\" href=\"https:\/\/nbcustoms.pt\/en\/product\/body-kit-look-m2c-pack-m-bmw-f20-f21-lci-15-19\/\" \/>\n<meta property=\"og:locale\" content=\"en_GB\" \/>\n<meta property=\"og:type\" content=\"article\" \/>\n<meta property=\"og:title\" content=\"Body Kit look M2C + pack M BMW F20\/F21 lci (15-19)\" \/>\n<meta property=\"og:description\" content=\"BODY KIT M2C\/ PACK M BMW F20\/F21 Compat\u00edvel:\u00a0BMW s\u00e9rie 1 F20\/F21 lci (mar\u00e7o de 2015 a 2019). Ter em aten\u00e7\u00e3o ano transi\u00e7\u00e3o 2015 Modelo:\u00a0Look M2C\/ Pack M Material:\u00a0Pl\u00e1stico Cor: Para-choques e embaladeiras em prim\u00e1rio (prontos a pintar)\/ Difusor em preto brilhante Kit inclui: Para-choques frontal look M2C Grelhas superiores, grelhas inferiores e anuladores de far\u00f3is [&hellip;]\" \/>\n<meta property=\"og:url\" content=\"https:\/\/nbcustoms.pt\/en\/product\/body-kit-look-m2c-pack-m-bmw-f20-f21-lci-15-19\/\" \/>\n<meta property=\"og:site_name\" content=\"NB Customs - Personaliza\u00e7\u00f5es BMW\" \/>\n<meta property=\"article:modified_time\" content=\"2026-04-11T15:08:40+00:00\" \/>\n<meta property=\"og:image\" content=\"https:\/\/nbcustoms.pt\/wp-content\/uploads\/2026\/01\/434345.jpg\" \/>\n\t<meta property=\"og:image:width\" content=\"800\" \/>\n\t<meta property=\"og:image:height\" content=\"800\" \/>\n\t<meta property=\"og:image:type\" content=\"image\/jpeg\" \/>\n<meta name=\"twitter:card\" content=\"summary_large_image\" \/>\n<meta name=\"twitter:label1\" content=\"Est. reading time\" \/>\n\t<meta name=\"twitter:data1\" content=\"2 minutes\" \/>\n<script type=\"application\/ld+json\" class=\"yoast-schema-graph\">{\"@context\":\"https:\/\/schema.org\",\"@graph\":[{\"@type\":\"WebPage\",\"@id\":\"https:\/\/nbcustoms.pt\/product\/body-kit-look-m2c-pack-m-bmw-f20-f21-lci-15-19\/\",\"url\":\"https:\/\/nbcustoms.pt\/product\/body-kit-look-m2c-pack-m-bmw-f20-f21-lci-15-19\/\",\"name\":\"Body Kit look M2C + pack M BMW F20\/F21 lci (15-19) - NB Customs - Personaliza\u00e7\u00f5es BMW\",\"isPartOf\":{\"@id\":\"https:\/\/nbcustoms.pt\/#website\"},\"primaryImageOfPage\":{\"@id\":\"https:\/\/nbcustoms.pt\/product\/body-kit-look-m2c-pack-m-bmw-f20-f21-lci-15-19\/#primaryimage\"},\"image\":{\"@id\":\"https:\/\/nbcustoms.pt\/product\/body-kit-look-m2c-pack-m-bmw-f20-f21-lci-15-19\/#primaryimage\"},\"thumbnailUrl\":\"https:\/\/nbcustoms.pt\/wp-content\/uploads\/2026\/01\/434345.jpg\",\"datePublished\":\"2026-01-06T11:54:30+00:00\",\"dateModified\":\"2026-04-11T15:08:40+00:00\",\"breadcrumb\":{\"@id\":\"https:\/\/nbcustoms.pt\/product\/body-kit-look-m2c-pack-m-bmw-f20-f21-lci-15-19\/#breadcrumb\"},\"inLanguage\":\"en-GB\",\"potentialAction\":[{\"@type\":\"ReadAction\",\"target\":[\"https:\/\/nbcustoms.pt\/product\/body-kit-look-m2c-pack-m-bmw-f20-f21-lci-15-19\/\"]}]},{\"@type\":\"ImageObject\",\"inLanguage\":\"en-GB\",\"@id\":\"https:\/\/nbcustoms.pt\/product\/body-kit-look-m2c-pack-m-bmw-f20-f21-lci-15-19\/#primaryimage\",\"url\":\"https:\/\/nbcustoms.pt\/wp-content\/uploads\/2026\/01\/434345.jpg\",\"contentUrl\":\"https:\/\/nbcustoms.pt\/wp-content\/uploads\/2026\/01\/434345.jpg\",\"width\":800,\"height\":800},{\"@type\":\"BreadcrumbList\",\"@id\":\"https:\/\/nbcustoms.pt\/product\/body-kit-look-m2c-pack-m-bmw-f20-f21-lci-15-19\/#breadcrumb\",\"itemListElement\":[{\"@type\":\"ListItem\",\"position\":1,\"name\":\"Home\",\"item\":\"https:\/\/nbcustoms.pt\/\"},{\"@type\":\"ListItem\",\"position\":2,\"name\":\"Loja\",\"item\":\"https:\/\/nbcustoms.pt\/loja\/\"},{\"@type\":\"ListItem\",\"position\":3,\"name\":\"Body Kit look M2C + pack M BMW F20\/F21 lci (15-19)\"}]},{\"@type\":\"WebSite\",\"@id\":\"https:\/\/nbcustoms.pt\/#website\",\"url\":\"https:\/\/nbcustoms.pt\/\",\"name\":\"NB Customs - Personaliza\u00e7\u00f5es BMW\",\"description\":\"Transforma o teu BMW com especialistas.\",\"publisher\":{\"@id\":\"https:\/\/nbcustoms.pt\/#organization\"},\"potentialAction\":[{\"@type\":\"SearchAction\",\"target\":{\"@type\":\"EntryPoint\",\"urlTemplate\":\"https:\/\/nbcustoms.pt\/?s={search_term_string}\"},\"query-input\":{\"@type\":\"PropertyValueSpecification\",\"valueRequired\":true,\"valueName\":\"search_term_string\"}}],\"inLanguage\":\"en-GB\"},{\"@type\":\"Organization\",\"@id\":\"https:\/\/nbcustoms.pt\/#organization\",\"name\":\"NB Customs - Personaliza\u00e7\u00f5es BMW\",\"url\":\"https:\/\/nbcustoms.pt\/\",\"logo\":{\"@type\":\"ImageObject\",\"inLanguage\":\"en-GB\",\"@id\":\"https:\/\/nbcustoms.pt\/#\/schema\/logo\/image\/\",\"url\":\"https:\/\/nbcustoms.pt\/wp-content\/uploads\/2025\/12\/logo.jpg\",\"contentUrl\":\"https:\/\/nbcustoms.pt\/wp-content\/uploads\/2025\/12\/logo.jpg\",\"width\":450,\"height\":450,\"caption\":\"NB Customs - Personaliza\u00e7\u00f5es BMW\"},\"image\":{\"@id\":\"https:\/\/nbcustoms.pt\/#\/schema\/logo\/image\/\"},\"sameAs\":[\"https:\/\/www.instagram.com\/nb_customs__\/\"]}]}<\/script>\n<!-- \/ Yoast SEO Premium plugin. -->","yoast_head_json":{"title":"Body Kit look M2C + pack M BMW F20\/F21 lci (15-19) - NB Customs - Personaliza\u00e7\u00f5es BMW","robots":{"index":"index","follow":"follow","max-snippet":"max-snippet:-1","max-image-preview":"max-image-preview:large","max-video-preview":"max-video-preview:-1"},"canonical":"https:\/\/nbcustoms.pt\/en\/product\/body-kit-look-m2c-pack-m-bmw-f20-f21-lci-15-19\/","og_locale":"en_GB","og_type":"article","og_title":"Body Kit look M2C + pack M BMW F20\/F21 lci (15-19)","og_description":"BODY KIT M2C\/ PACK M BMW F20\/F21 Compat\u00edvel:\u00a0BMW s\u00e9rie 1 F20\/F21 lci (mar\u00e7o de 2015 a 2019). Ter em aten\u00e7\u00e3o ano transi\u00e7\u00e3o 2015 Modelo:\u00a0Look M2C\/ Pack M Material:\u00a0Pl\u00e1stico Cor: Para-choques e embaladeiras em prim\u00e1rio (prontos a pintar)\/ Difusor em preto brilhante Kit inclui: Para-choques frontal look M2C Grelhas superiores, grelhas inferiores e anuladores de far\u00f3is [&hellip;]","og_url":"https:\/\/nbcustoms.pt\/en\/product\/body-kit-look-m2c-pack-m-bmw-f20-f21-lci-15-19\/","og_site_name":"NB Customs - Personaliza\u00e7\u00f5es BMW","article_modified_time":"2026-04-11T15:08:40+00:00","og_image":[{"width":800,"height":800,"url":"https:\/\/nbcustoms.pt\/wp-content\/uploads\/2026\/01\/434345.jpg","type":"image\/jpeg"}],"twitter_card":"summary_large_image","twitter_misc":{"Est. reading time":"2 minutes"},"schema":{"@context":"https:\/\/schema.org","@graph":[{"@type":"WebPage","@id":"https:\/\/nbcustoms.pt\/product\/body-kit-look-m2c-pack-m-bmw-f20-f21-lci-15-19\/","url":"https:\/\/nbcustoms.pt\/product\/body-kit-look-m2c-pack-m-bmw-f20-f21-lci-15-19\/","name":"Body Kit look M2C + pack M BMW F20\/F21 lci (15-19) - NB Customs - Personaliza\u00e7\u00f5es BMW","isPartOf":{"@id":"https:\/\/nbcustoms.pt\/#website"},"primaryImageOfPage":{"@id":"https:\/\/nbcustoms.pt\/product\/body-kit-look-m2c-pack-m-bmw-f20-f21-lci-15-19\/#primaryimage"},"image":{"@id":"https:\/\/nbcustoms.pt\/product\/body-kit-look-m2c-pack-m-bmw-f20-f21-lci-15-19\/#primaryimage"},"thumbnailUrl":"https:\/\/nbcustoms.pt\/wp-content\/uploads\/2026\/01\/434345.jpg","datePublished":"2026-01-06T11:54:30+00:00","dateModified":"2026-04-11T15:08:40+00:00","breadcrumb":{"@id":"https:\/\/nbcustoms.pt\/product\/body-kit-look-m2c-pack-m-bmw-f20-f21-lci-15-19\/#breadcrumb"},"inLanguage":"en-GB","potentialAction":[{"@type":"ReadAction","target":["https:\/\/nbcustoms.pt\/product\/body-kit-look-m2c-pack-m-bmw-f20-f21-lci-15-19\/"]}]},{"@type":"ImageObject","inLanguage":"en-GB","@id":"https:\/\/nbcustoms.pt\/product\/body-kit-look-m2c-pack-m-bmw-f20-f21-lci-15-19\/#primaryimage","url":"https:\/\/nbcustoms.pt\/wp-content\/uploads\/2026\/01\/434345.jpg","contentUrl":"https:\/\/nbcustoms.pt\/wp-content\/uploads\/2026\/01\/434345.jpg","width":800,"height":800},{"@type":"BreadcrumbList","@id":"https:\/\/nbcustoms.pt\/product\/body-kit-look-m2c-pack-m-bmw-f20-f21-lci-15-19\/#breadcrumb","itemListElement":[{"@type":"ListItem","position":1,"name":"Home","item":"https:\/\/nbcustoms.pt\/"},{"@type":"ListItem","position":2,"name":"Loja","item":"https:\/\/nbcustoms.pt\/loja\/"},{"@type":"ListItem","position":3,"name":"Body Kit look M2C + pack M BMW F20\/F21 lci (15-19)"}]},{"@type":"WebSite","@id":"https:\/\/nbcustoms.pt\/#website","url":"https:\/\/nbcustoms.pt\/","name":"NB Customs - Personaliza\u00e7\u00f5es BMW","description":"Transforma o teu BMW com especialistas.","publisher":{"@id":"https:\/\/nbcustoms.pt\/#organization"},"potentialAction":[{"@type":"SearchAction","target":{"@type":"EntryPoint","urlTemplate":"https:\/\/nbcustoms.pt\/?s={search_term_string}"},"query-input":{"@type":"PropertyValueSpecification","valueRequired":true,"valueName":"search_term_string"}}],"inLanguage":"en-GB"},{"@type":"Organization","@id":"https:\/\/nbcustoms.pt\/#organization","name":"NB Customs - Personaliza\u00e7\u00f5es BMW","url":"https:\/\/nbcustoms.pt\/","logo":{"@type":"ImageObject","inLanguage":"en-GB","@id":"https:\/\/nbcustoms.pt\/#\/schema\/logo\/image\/","url":"https:\/\/nbcustoms.pt\/wp-content\/uploads\/2025\/12\/logo.jpg","contentUrl":"https:\/\/nbcustoms.pt\/wp-content\/uploads\/2025\/12\/logo.jpg","width":450,"height":450,"caption":"NB Customs - Personaliza\u00e7\u00f5es BMW"},"image":{"@id":"https:\/\/nbcustoms.pt\/#\/schema\/logo\/image\/"},"sameAs":["https:\/\/www.instagram.com\/nb_customs__\/"]}]}},"jetpack_sharing_enabled":true,"_links":{"self":[{"href":"https:\/\/nbcustoms.pt\/en\/wp-json\/wp\/v2\/product\/7845","targetHints":{"allow":["GET"]}}],"collection":[{"href":"https:\/\/nbcustoms.pt\/en\/wp-json\/wp\/v2\/product"}],"about":[{"href":"https:\/\/nbcustoms.pt\/en\/wp-json\/wp\/v2\/types\/product"}],"wp:featuredmedia":[{"embeddable":true,"href":"https:\/\/nbcustoms.pt\/en\/wp-json\/wp\/v2\/media\/9286"}],"wp:attachment":[{"href":"https:\/\/nbcustoms.pt\/en\/wp-json\/wp\/v2\/media?parent=7845"}],"wp:term":[{"taxonomy":"product_brand","embeddable":true,"href":"https:\/\/nbcustoms.pt\/en\/wp-json\/wp\/v2\/product_brand?post=7845"},{"taxonomy":"product_cat","embeddable":true,"href":"https:\/\/nbcustoms.pt\/en\/wp-json\/wp\/v2\/product_cat?post=7845"},{"taxonomy":"product_tag","embeddable":true,"href":"https:\/\/nbcustoms.pt\/en\/wp-json\/wp\/v2\/product_tag?post=7845"}],"curies":[{"name":"wp","href":"https:\/\/api.w.org\/{rel}","templated":true}]}}