{"id":7403,"date":"2025-12-30T17:44:39","date_gmt":"2025-12-30T17:44:39","guid":{"rendered":"https:\/\/nbcustoms.pt\/?post_type=product&#038;p=7403"},"modified":"2026-03-14T16:26:54","modified_gmt":"2026-03-14T16:26:54","slug":"body-kit-m-performance-bmw-f40","status":"publish","type":"product","link":"https:\/\/nbcustoms.pt\/en\/product\/body-kit-m-performance-bmw-f40\/","title":{"rendered":"Body Kit M Performance BMW F40"},"content":{"rendered":"<div>\n<p><strong><b>BODY M PERFORMANCE BMW F40<\/b><\/strong><\/p>\n<p><strong><b>Compat\u00edvel:\u00a0<\/b><\/strong>BMW s\u00e9rie 1 F40\u00a0 (2019-2024)<\/p>\n<p><strong><b>Modelo: <\/b><\/strong>M Performance sem farol de nevoeiro<\/p>\n<p><strong><b>Material:\u00a0<\/b><\/strong>Pl\u00e1stico<\/p>\n<\/div>\n<div>\n<div>\n<p><strong>Kit inclui:<\/strong><\/p>\n<ul>\n<li><strong>Para-choques frontal<\/strong><\/li>\n<li>Grelhas inferiores e acess\u00f3rios apresentados<\/li>\n<li><strong>Embaladeiras<\/strong><\/li>\n<li><strong>Para-choques traseiro<\/strong><\/li>\n<li><strong>Lip<\/strong> frontal em preto brilhante<\/li>\n<li><strong>L\u00e2minas laterais<\/strong> com aba em preto brilhante<\/li>\n<li><strong>Difusor<\/strong> traseiro (O\u2013O) em preto brilhante<\/li>\n<\/ul>\n<p>PDC (Fura\u00e7\u00e3o para sensores de estacionamento):\u00a0<strong>SIM<\/strong>\u00a0(caso n\u00e3o tenha sensores de estacionamento dever\u00e1 indicar ao efetuar a encomenda)<\/p>\n<\/div>\n<div>\n<p>Plug and play\/ Encaixes iguais OEM<\/p>\n<p>Pre\u00e7o especial de conjunto<\/p>\n<p>Caso tenha d\u00favidas na compatibilidade do produto com o seu carro entre em contacto<\/p>\n<p>Os artigos apresentados apenas s\u00e3o adequados para os modelos descritos<\/p>\n<p>Estes n\u00e3o s\u00e3o produtos originais da marca BMW<\/p>\n<\/div>\n<\/div>","protected":false},"excerpt":{"rendered":"<p>BODY M PERFORMANCE BMW F40 Compat\u00edvel:\u00a0BMW s\u00e9rie 1 F40\u00a0 (2019-2024) Modelo: M Performance sem farol de nevoeiro Material:\u00a0Pl\u00e1stico Kit inclui: Para-choques frontal Grelhas inferiores e acess\u00f3rios apresentados Embaladeiras Para-choques traseiro Lip frontal em preto brilhante L\u00e2minas laterais com aba em preto brilhante Difusor traseiro (O\u2013O) em preto brilhante PDC (Fura\u00e7\u00e3o para sensores de estacionamento):\u00a0SIM\u00a0(caso n\u00e3o [&hellip;]<\/p>\n","protected":false},"featured_media":9324,"template":"","meta":[],"product_brand":[162],"product_cat":[165,125,90],"product_tag":[113],"class_list":{"0":"post-7403","1":"product","2":"type-product","3":"status-publish","4":"has-post-thumbnail","6":"product_brand-bmw","7":"product_cat-bodykit","8":"product_cat-f40","9":"product_cat-serie-1","10":"product_tag-bodykit","11":"product_shipping_class-especial","13":"first","14":"instock","15":"taxable","16":"shipping-taxable","17":"purchasable","18":"product-type-simple"},"yoast_head":"<!-- This site is optimized with the Yoast SEO Premium plugin v26.6 (Yoast SEO v26.6) - https:\/\/yoast.com\/wordpress\/plugins\/seo\/ -->\n<title>Body Kit M Performance BMW F40 - NB Customs - Personaliza\u00e7\u00f5es BMW<\/title>\n<meta name=\"robots\" content=\"index, follow, max-snippet:-1, max-image-preview:large, max-video-preview:-1\" \/>\n<link rel=\"canonical\" href=\"https:\/\/nbcustoms.pt\/en\/product\/body-kit-m-performance-bmw-f40\/\" \/>\n<meta property=\"og:locale\" content=\"en_GB\" \/>\n<meta property=\"og:type\" content=\"article\" \/>\n<meta property=\"og:title\" content=\"Body Kit M Performance BMW F40\" \/>\n<meta property=\"og:description\" content=\"BODY M PERFORMANCE BMW F40 Compat\u00edvel:\u00a0BMW s\u00e9rie 1 F40\u00a0 (2019-2024) Modelo: M Performance sem farol de nevoeiro Material:\u00a0Pl\u00e1stico Kit inclui: Para-choques frontal Grelhas inferiores e acess\u00f3rios apresentados Embaladeiras Para-choques traseiro Lip frontal em preto brilhante L\u00e2minas laterais com aba em preto brilhante Difusor traseiro (O\u2013O) em preto brilhante PDC (Fura\u00e7\u00e3o para sensores de estacionamento):\u00a0SIM\u00a0(caso n\u00e3o [&hellip;]\" \/>\n<meta property=\"og:url\" content=\"https:\/\/nbcustoms.pt\/en\/product\/body-kit-m-performance-bmw-f40\/\" \/>\n<meta property=\"og:site_name\" content=\"NB Customs - Personaliza\u00e7\u00f5es BMW\" \/>\n<meta property=\"article:modified_time\" content=\"2026-03-14T16:26:54+00:00\" \/>\n<meta property=\"og:image\" content=\"https:\/\/nbcustoms.pt\/wp-content\/uploads\/2025\/12\/54354534.jpg\" \/>\n\t<meta property=\"og:image:width\" content=\"800\" \/>\n\t<meta property=\"og:image:height\" content=\"800\" \/>\n\t<meta property=\"og:image:type\" content=\"image\/jpeg\" \/>\n<meta name=\"twitter:card\" content=\"summary_large_image\" \/>\n<meta name=\"twitter:label1\" content=\"Est. reading time\" \/>\n\t<meta name=\"twitter:data1\" content=\"1 minute\" \/>\n<script type=\"application\/ld+json\" class=\"yoast-schema-graph\">{\"@context\":\"https:\/\/schema.org\",\"@graph\":[{\"@type\":\"WebPage\",\"@id\":\"https:\/\/nbcustoms.pt\/product\/body-kit-m-performance-bmw-f40\/\",\"url\":\"https:\/\/nbcustoms.pt\/product\/body-kit-m-performance-bmw-f40\/\",\"name\":\"Body Kit M Performance BMW F40 - NB Customs - Personaliza\u00e7\u00f5es BMW\",\"isPartOf\":{\"@id\":\"https:\/\/nbcustoms.pt\/#website\"},\"primaryImageOfPage\":{\"@id\":\"https:\/\/nbcustoms.pt\/product\/body-kit-m-performance-bmw-f40\/#primaryimage\"},\"image\":{\"@id\":\"https:\/\/nbcustoms.pt\/product\/body-kit-m-performance-bmw-f40\/#primaryimage\"},\"thumbnailUrl\":\"https:\/\/nbcustoms.pt\/wp-content\/uploads\/2025\/12\/54354534.jpg\",\"datePublished\":\"2025-12-30T17:44:39+00:00\",\"dateModified\":\"2026-03-14T16:26:54+00:00\",\"breadcrumb\":{\"@id\":\"https:\/\/nbcustoms.pt\/product\/body-kit-m-performance-bmw-f40\/#breadcrumb\"},\"inLanguage\":\"en-GB\",\"potentialAction\":[{\"@type\":\"ReadAction\",\"target\":[\"https:\/\/nbcustoms.pt\/product\/body-kit-m-performance-bmw-f40\/\"]}]},{\"@type\":\"ImageObject\",\"inLanguage\":\"en-GB\",\"@id\":\"https:\/\/nbcustoms.pt\/product\/body-kit-m-performance-bmw-f40\/#primaryimage\",\"url\":\"https:\/\/nbcustoms.pt\/wp-content\/uploads\/2025\/12\/54354534.jpg\",\"contentUrl\":\"https:\/\/nbcustoms.pt\/wp-content\/uploads\/2025\/12\/54354534.jpg\",\"width\":800,\"height\":800},{\"@type\":\"BreadcrumbList\",\"@id\":\"https:\/\/nbcustoms.pt\/product\/body-kit-m-performance-bmw-f40\/#breadcrumb\",\"itemListElement\":[{\"@type\":\"ListItem\",\"position\":1,\"name\":\"Home\",\"item\":\"https:\/\/nbcustoms.pt\/\"},{\"@type\":\"ListItem\",\"position\":2,\"name\":\"Loja\",\"item\":\"https:\/\/nbcustoms.pt\/loja\/\"},{\"@type\":\"ListItem\",\"position\":3,\"name\":\"Body Kit M Performance BMW F40\"}]},{\"@type\":\"WebSite\",\"@id\":\"https:\/\/nbcustoms.pt\/#website\",\"url\":\"https:\/\/nbcustoms.pt\/\",\"name\":\"NB Customs - Personaliza\u00e7\u00f5es BMW\",\"description\":\"Transforma o teu BMW com especialistas.\",\"publisher\":{\"@id\":\"https:\/\/nbcustoms.pt\/#organization\"},\"potentialAction\":[{\"@type\":\"SearchAction\",\"target\":{\"@type\":\"EntryPoint\",\"urlTemplate\":\"https:\/\/nbcustoms.pt\/?s={search_term_string}\"},\"query-input\":{\"@type\":\"PropertyValueSpecification\",\"valueRequired\":true,\"valueName\":\"search_term_string\"}}],\"inLanguage\":\"en-GB\"},{\"@type\":\"Organization\",\"@id\":\"https:\/\/nbcustoms.pt\/#organization\",\"name\":\"NB Customs - Personaliza\u00e7\u00f5es BMW\",\"url\":\"https:\/\/nbcustoms.pt\/\",\"logo\":{\"@type\":\"ImageObject\",\"inLanguage\":\"en-GB\",\"@id\":\"https:\/\/nbcustoms.pt\/#\/schema\/logo\/image\/\",\"url\":\"https:\/\/nbcustoms.pt\/wp-content\/uploads\/2025\/12\/logo.jpg\",\"contentUrl\":\"https:\/\/nbcustoms.pt\/wp-content\/uploads\/2025\/12\/logo.jpg\",\"width\":450,\"height\":450,\"caption\":\"NB Customs - Personaliza\u00e7\u00f5es BMW\"},\"image\":{\"@id\":\"https:\/\/nbcustoms.pt\/#\/schema\/logo\/image\/\"},\"sameAs\":[\"https:\/\/www.instagram.com\/nb_customs__\/\"]}]}<\/script>\n<!-- \/ Yoast SEO Premium plugin. -->","yoast_head_json":{"title":"Body Kit M Performance BMW F40 - NB Customs - Personaliza\u00e7\u00f5es BMW","robots":{"index":"index","follow":"follow","max-snippet":"max-snippet:-1","max-image-preview":"max-image-preview:large","max-video-preview":"max-video-preview:-1"},"canonical":"https:\/\/nbcustoms.pt\/en\/product\/body-kit-m-performance-bmw-f40\/","og_locale":"en_GB","og_type":"article","og_title":"Body Kit M Performance BMW F40","og_description":"BODY M PERFORMANCE BMW F40 Compat\u00edvel:\u00a0BMW s\u00e9rie 1 F40\u00a0 (2019-2024) Modelo: M Performance sem farol de nevoeiro Material:\u00a0Pl\u00e1stico Kit inclui: Para-choques frontal Grelhas inferiores e acess\u00f3rios apresentados Embaladeiras Para-choques traseiro Lip frontal em preto brilhante L\u00e2minas laterais com aba em preto brilhante Difusor traseiro (O\u2013O) em preto brilhante PDC (Fura\u00e7\u00e3o para sensores de estacionamento):\u00a0SIM\u00a0(caso n\u00e3o [&hellip;]","og_url":"https:\/\/nbcustoms.pt\/en\/product\/body-kit-m-performance-bmw-f40\/","og_site_name":"NB Customs - Personaliza\u00e7\u00f5es BMW","article_modified_time":"2026-03-14T16:26:54+00:00","og_image":[{"width":800,"height":800,"url":"https:\/\/nbcustoms.pt\/wp-content\/uploads\/2025\/12\/54354534.jpg","type":"image\/jpeg"}],"twitter_card":"summary_large_image","twitter_misc":{"Est. reading time":"1 minute"},"schema":{"@context":"https:\/\/schema.org","@graph":[{"@type":"WebPage","@id":"https:\/\/nbcustoms.pt\/product\/body-kit-m-performance-bmw-f40\/","url":"https:\/\/nbcustoms.pt\/product\/body-kit-m-performance-bmw-f40\/","name":"Body Kit M Performance BMW F40 - NB Customs - Personaliza\u00e7\u00f5es BMW","isPartOf":{"@id":"https:\/\/nbcustoms.pt\/#website"},"primaryImageOfPage":{"@id":"https:\/\/nbcustoms.pt\/product\/body-kit-m-performance-bmw-f40\/#primaryimage"},"image":{"@id":"https:\/\/nbcustoms.pt\/product\/body-kit-m-performance-bmw-f40\/#primaryimage"},"thumbnailUrl":"https:\/\/nbcustoms.pt\/wp-content\/uploads\/2025\/12\/54354534.jpg","datePublished":"2025-12-30T17:44:39+00:00","dateModified":"2026-03-14T16:26:54+00:00","breadcrumb":{"@id":"https:\/\/nbcustoms.pt\/product\/body-kit-m-performance-bmw-f40\/#breadcrumb"},"inLanguage":"en-GB","potentialAction":[{"@type":"ReadAction","target":["https:\/\/nbcustoms.pt\/product\/body-kit-m-performance-bmw-f40\/"]}]},{"@type":"ImageObject","inLanguage":"en-GB","@id":"https:\/\/nbcustoms.pt\/product\/body-kit-m-performance-bmw-f40\/#primaryimage","url":"https:\/\/nbcustoms.pt\/wp-content\/uploads\/2025\/12\/54354534.jpg","contentUrl":"https:\/\/nbcustoms.pt\/wp-content\/uploads\/2025\/12\/54354534.jpg","width":800,"height":800},{"@type":"BreadcrumbList","@id":"https:\/\/nbcustoms.pt\/product\/body-kit-m-performance-bmw-f40\/#breadcrumb","itemListElement":[{"@type":"ListItem","position":1,"name":"Home","item":"https:\/\/nbcustoms.pt\/"},{"@type":"ListItem","position":2,"name":"Loja","item":"https:\/\/nbcustoms.pt\/loja\/"},{"@type":"ListItem","position":3,"name":"Body Kit M Performance BMW F40"}]},{"@type":"WebSite","@id":"https:\/\/nbcustoms.pt\/#website","url":"https:\/\/nbcustoms.pt\/","name":"NB Customs - Personaliza\u00e7\u00f5es BMW","description":"Transforma o teu BMW com especialistas.","publisher":{"@id":"https:\/\/nbcustoms.pt\/#organization"},"potentialAction":[{"@type":"SearchAction","target":{"@type":"EntryPoint","urlTemplate":"https:\/\/nbcustoms.pt\/?s={search_term_string}"},"query-input":{"@type":"PropertyValueSpecification","valueRequired":true,"valueName":"search_term_string"}}],"inLanguage":"en-GB"},{"@type":"Organization","@id":"https:\/\/nbcustoms.pt\/#organization","name":"NB Customs - Personaliza\u00e7\u00f5es BMW","url":"https:\/\/nbcustoms.pt\/","logo":{"@type":"ImageObject","inLanguage":"en-GB","@id":"https:\/\/nbcustoms.pt\/#\/schema\/logo\/image\/","url":"https:\/\/nbcustoms.pt\/wp-content\/uploads\/2025\/12\/logo.jpg","contentUrl":"https:\/\/nbcustoms.pt\/wp-content\/uploads\/2025\/12\/logo.jpg","width":450,"height":450,"caption":"NB Customs - Personaliza\u00e7\u00f5es BMW"},"image":{"@id":"https:\/\/nbcustoms.pt\/#\/schema\/logo\/image\/"},"sameAs":["https:\/\/www.instagram.com\/nb_customs__\/"]}]}},"jetpack_sharing_enabled":true,"_links":{"self":[{"href":"https:\/\/nbcustoms.pt\/en\/wp-json\/wp\/v2\/product\/7403","targetHints":{"allow":["GET"]}}],"collection":[{"href":"https:\/\/nbcustoms.pt\/en\/wp-json\/wp\/v2\/product"}],"about":[{"href":"https:\/\/nbcustoms.pt\/en\/wp-json\/wp\/v2\/types\/product"}],"wp:featuredmedia":[{"embeddable":true,"href":"https:\/\/nbcustoms.pt\/en\/wp-json\/wp\/v2\/media\/9324"}],"wp:attachment":[{"href":"https:\/\/nbcustoms.pt\/en\/wp-json\/wp\/v2\/media?parent=7403"}],"wp:term":[{"taxonomy":"product_brand","embeddable":true,"href":"https:\/\/nbcustoms.pt\/en\/wp-json\/wp\/v2\/product_brand?post=7403"},{"taxonomy":"product_cat","embeddable":true,"href":"https:\/\/nbcustoms.pt\/en\/wp-json\/wp\/v2\/product_cat?post=7403"},{"taxonomy":"product_tag","embeddable":true,"href":"https:\/\/nbcustoms.pt\/en\/wp-json\/wp\/v2\/product_tag?post=7403"}],"curies":[{"name":"wp","href":"https:\/\/api.w.org\/{rel}","templated":true}]}}