{"id":7352,"date":"2025-12-30T11:28:45","date_gmt":"2025-12-30T11:28:45","guid":{"rendered":"https:\/\/nbcustoms.pt\/?post_type=product&#038;p=7352"},"modified":"2026-03-09T11:24:29","modified_gmt":"2026-03-09T11:24:29","slug":"lip-look-1m-bmw-e81-e82-e87-e88","status":"publish","type":"product","link":"https:\/\/nbcustoms.pt\/en\/product\/lip-look-1m-bmw-e81-e82-e87-e88\/","title":{"rendered":"Lip look 1M BMW E81\/E82\/E87\/E88"},"content":{"rendered":"<div id=\"product-tab\" class=\"woocommerce-tabs woocommerce-tabs-gbta1reu resp-htabs\">\n<div class=\"resp-tabs-container\">\n<div id=\"tab-description\" class=\"tab-content resp-tab-content resp-tab-content-active\" aria-labelledby=\"tab_item-0\">\n<p><strong><b>LIP LOOK 1M BMW E81\/E82\/E87\/E88<\/b><\/strong><\/p>\n<p><strong><b>Compat\u00edvel:\u00a0<\/b><\/strong>BMW Serie 1 E81\/E82\/E87\/E88 (2004-2011) com para-choques look 1M<\/p>\n<p><strong><b>Modelo:\u00a0<\/b><\/strong>Look 1M<\/p>\n<p><strong><b>Material:\u00a0<\/b><\/strong>Fibra de vidro<\/p>\n<p>Plug and play<\/p>\n<p>Caso tenha d\u00favidas na compatibilidade do produto com o seu carro entre em contacto<\/p>\n<p>Os artigos apresentados apenas s\u00e3o adequados para os modelos descritos<\/p>\n<p>Estes n\u00e3o s\u00e3o produtos originais da marca BMW<\/p>\n<\/div>\n<\/div>\n<\/div>","protected":false},"excerpt":{"rendered":"<p>LIP LOOK 1M BMW E81\/E82\/E87\/E88 Compat\u00edvel:\u00a0BMW Serie 1 E81\/E82\/E87\/E88 (2004-2011) com para-choques look 1M Modelo:\u00a0Look 1M Material:\u00a0Fibra de vidro Plug and play Caso tenha d\u00favidas na compatibilidade do produto com o seu carro entre em contacto Os artigos apresentados apenas s\u00e3o adequados para os modelos descritos Estes n\u00e3o s\u00e3o produtos originais da marca BMW<\/p>","protected":false},"featured_media":7356,"template":"","meta":[],"product_brand":[162],"product_cat":[91,179,231,182,90],"product_tag":[96],"class_list":{"0":"post-7352","1":"product","2":"type-product","3":"status-publish","4":"has-post-thumbnail","6":"product_brand-bmw","7":"product_cat-e81","8":"product_cat-e82","9":"product_cat-e87","10":"product_cat-e88","11":"product_cat-serie-1","12":"product_tag-lip","13":"product_shipping_class-xl","15":"first","16":"instock","17":"taxable","18":"shipping-taxable","19":"purchasable","20":"product-type-variable"},"yoast_head":"<!-- This site is optimized with the Yoast SEO Premium plugin v26.6 (Yoast SEO v26.6) - https:\/\/yoast.com\/wordpress\/plugins\/seo\/ -->\n<title>Lip look 1M BMW E81\/E82\/E87\/E88 - NB Customs - Personaliza\u00e7\u00f5es BMW<\/title>\n<meta name=\"robots\" content=\"index, follow, max-snippet:-1, max-image-preview:large, max-video-preview:-1\" \/>\n<link rel=\"canonical\" href=\"https:\/\/nbcustoms.pt\/en\/product\/lip-look-1m-bmw-e81-e82-e87-e88\/\" \/>\n<meta property=\"og:locale\" content=\"en_GB\" \/>\n<meta property=\"og:type\" content=\"article\" \/>\n<meta property=\"og:title\" content=\"Lip look 1M BMW E81\/E82\/E87\/E88\" \/>\n<meta property=\"og:description\" content=\"LIP LOOK 1M BMW E81\/E82\/E87\/E88 Compat\u00edvel:\u00a0BMW Serie 1 E81\/E82\/E87\/E88 (2004-2011) com para-choques look 1M Modelo:\u00a0Look 1M Material:\u00a0Fibra de vidro Plug and play Caso tenha d\u00favidas na compatibilidade do produto com o seu carro entre em contacto Os artigos apresentados apenas s\u00e3o adequados para os modelos descritos Estes n\u00e3o s\u00e3o produtos originais da marca BMW\" \/>\n<meta property=\"og:url\" content=\"https:\/\/nbcustoms.pt\/en\/product\/lip-look-1m-bmw-e81-e82-e87-e88\/\" \/>\n<meta property=\"og:site_name\" content=\"NB Customs - Personaliza\u00e7\u00f5es BMW\" \/>\n<meta property=\"article:modified_time\" content=\"2026-03-09T11:24:29+00:00\" \/>\n<meta property=\"og:image\" content=\"https:\/\/nbcustoms.pt\/wp-content\/uploads\/2025\/12\/lipe800.png\" \/>\n\t<meta property=\"og:image:width\" content=\"1024\" \/>\n\t<meta property=\"og:image:height\" content=\"1024\" \/>\n\t<meta property=\"og:image:type\" content=\"image\/png\" \/>\n<meta name=\"twitter:card\" content=\"summary_large_image\" \/>\n<meta name=\"twitter:label1\" content=\"Est. reading time\" \/>\n\t<meta name=\"twitter:data1\" content=\"1 minute\" \/>\n<script type=\"application\/ld+json\" class=\"yoast-schema-graph\">{\"@context\":\"https:\/\/schema.org\",\"@graph\":[{\"@type\":\"WebPage\",\"@id\":\"https:\/\/nbcustoms.pt\/product\/lip-look-1m-bmw-e81-e82-e87-e88\/\",\"url\":\"https:\/\/nbcustoms.pt\/product\/lip-look-1m-bmw-e81-e82-e87-e88\/\",\"name\":\"Lip look 1M BMW E81\/E82\/E87\/E88 - NB Customs - Personaliza\u00e7\u00f5es BMW\",\"isPartOf\":{\"@id\":\"https:\/\/nbcustoms.pt\/#website\"},\"primaryImageOfPage\":{\"@id\":\"https:\/\/nbcustoms.pt\/product\/lip-look-1m-bmw-e81-e82-e87-e88\/#primaryimage\"},\"image\":{\"@id\":\"https:\/\/nbcustoms.pt\/product\/lip-look-1m-bmw-e81-e82-e87-e88\/#primaryimage\"},\"thumbnailUrl\":\"https:\/\/nbcustoms.pt\/wp-content\/uploads\/2025\/12\/lipe800.png\",\"datePublished\":\"2025-12-30T11:28:45+00:00\",\"dateModified\":\"2026-03-09T11:24:29+00:00\",\"breadcrumb\":{\"@id\":\"https:\/\/nbcustoms.pt\/product\/lip-look-1m-bmw-e81-e82-e87-e88\/#breadcrumb\"},\"inLanguage\":\"en-GB\",\"potentialAction\":[{\"@type\":\"ReadAction\",\"target\":[\"https:\/\/nbcustoms.pt\/product\/lip-look-1m-bmw-e81-e82-e87-e88\/\"]}]},{\"@type\":\"ImageObject\",\"inLanguage\":\"en-GB\",\"@id\":\"https:\/\/nbcustoms.pt\/product\/lip-look-1m-bmw-e81-e82-e87-e88\/#primaryimage\",\"url\":\"https:\/\/nbcustoms.pt\/wp-content\/uploads\/2025\/12\/lipe800.png\",\"contentUrl\":\"https:\/\/nbcustoms.pt\/wp-content\/uploads\/2025\/12\/lipe800.png\",\"width\":1024,\"height\":1024},{\"@type\":\"BreadcrumbList\",\"@id\":\"https:\/\/nbcustoms.pt\/product\/lip-look-1m-bmw-e81-e82-e87-e88\/#breadcrumb\",\"itemListElement\":[{\"@type\":\"ListItem\",\"position\":1,\"name\":\"Home\",\"item\":\"https:\/\/nbcustoms.pt\/\"},{\"@type\":\"ListItem\",\"position\":2,\"name\":\"Loja\",\"item\":\"https:\/\/nbcustoms.pt\/loja\/\"},{\"@type\":\"ListItem\",\"position\":3,\"name\":\"Lip look 1M BMW E81\/E82\/E87\/E88\"}]},{\"@type\":\"WebSite\",\"@id\":\"https:\/\/nbcustoms.pt\/#website\",\"url\":\"https:\/\/nbcustoms.pt\/\",\"name\":\"NB Customs - Personaliza\u00e7\u00f5es BMW\",\"description\":\"Transforma o teu BMW com especialistas.\",\"publisher\":{\"@id\":\"https:\/\/nbcustoms.pt\/#organization\"},\"potentialAction\":[{\"@type\":\"SearchAction\",\"target\":{\"@type\":\"EntryPoint\",\"urlTemplate\":\"https:\/\/nbcustoms.pt\/?s={search_term_string}\"},\"query-input\":{\"@type\":\"PropertyValueSpecification\",\"valueRequired\":true,\"valueName\":\"search_term_string\"}}],\"inLanguage\":\"en-GB\"},{\"@type\":\"Organization\",\"@id\":\"https:\/\/nbcustoms.pt\/#organization\",\"name\":\"NB Customs - Personaliza\u00e7\u00f5es BMW\",\"url\":\"https:\/\/nbcustoms.pt\/\",\"logo\":{\"@type\":\"ImageObject\",\"inLanguage\":\"en-GB\",\"@id\":\"https:\/\/nbcustoms.pt\/#\/schema\/logo\/image\/\",\"url\":\"https:\/\/nbcustoms.pt\/wp-content\/uploads\/2025\/12\/logo.jpg\",\"contentUrl\":\"https:\/\/nbcustoms.pt\/wp-content\/uploads\/2025\/12\/logo.jpg\",\"width\":450,\"height\":450,\"caption\":\"NB Customs - Personaliza\u00e7\u00f5es BMW\"},\"image\":{\"@id\":\"https:\/\/nbcustoms.pt\/#\/schema\/logo\/image\/\"},\"sameAs\":[\"https:\/\/www.instagram.com\/nb_customs__\/\"]}]}<\/script>\n<!-- \/ Yoast SEO Premium plugin. -->","yoast_head_json":{"title":"Lip look 1M BMW E81\/E82\/E87\/E88 - NB Customs - Personaliza\u00e7\u00f5es BMW","robots":{"index":"index","follow":"follow","max-snippet":"max-snippet:-1","max-image-preview":"max-image-preview:large","max-video-preview":"max-video-preview:-1"},"canonical":"https:\/\/nbcustoms.pt\/en\/product\/lip-look-1m-bmw-e81-e82-e87-e88\/","og_locale":"en_GB","og_type":"article","og_title":"Lip look 1M BMW E81\/E82\/E87\/E88","og_description":"LIP LOOK 1M BMW E81\/E82\/E87\/E88 Compat\u00edvel:\u00a0BMW Serie 1 E81\/E82\/E87\/E88 (2004-2011) com para-choques look 1M Modelo:\u00a0Look 1M Material:\u00a0Fibra de vidro Plug and play Caso tenha d\u00favidas na compatibilidade do produto com o seu carro entre em contacto Os artigos apresentados apenas s\u00e3o adequados para os modelos descritos Estes n\u00e3o s\u00e3o produtos originais da marca BMW","og_url":"https:\/\/nbcustoms.pt\/en\/product\/lip-look-1m-bmw-e81-e82-e87-e88\/","og_site_name":"NB Customs - Personaliza\u00e7\u00f5es BMW","article_modified_time":"2026-03-09T11:24:29+00:00","og_image":[{"width":1024,"height":1024,"url":"https:\/\/nbcustoms.pt\/wp-content\/uploads\/2025\/12\/lipe800.png","type":"image\/png"}],"twitter_card":"summary_large_image","twitter_misc":{"Est. reading time":"1 minute"},"schema":{"@context":"https:\/\/schema.org","@graph":[{"@type":"WebPage","@id":"https:\/\/nbcustoms.pt\/product\/lip-look-1m-bmw-e81-e82-e87-e88\/","url":"https:\/\/nbcustoms.pt\/product\/lip-look-1m-bmw-e81-e82-e87-e88\/","name":"Lip look 1M BMW E81\/E82\/E87\/E88 - NB Customs - Personaliza\u00e7\u00f5es BMW","isPartOf":{"@id":"https:\/\/nbcustoms.pt\/#website"},"primaryImageOfPage":{"@id":"https:\/\/nbcustoms.pt\/product\/lip-look-1m-bmw-e81-e82-e87-e88\/#primaryimage"},"image":{"@id":"https:\/\/nbcustoms.pt\/product\/lip-look-1m-bmw-e81-e82-e87-e88\/#primaryimage"},"thumbnailUrl":"https:\/\/nbcustoms.pt\/wp-content\/uploads\/2025\/12\/lipe800.png","datePublished":"2025-12-30T11:28:45+00:00","dateModified":"2026-03-09T11:24:29+00:00","breadcrumb":{"@id":"https:\/\/nbcustoms.pt\/product\/lip-look-1m-bmw-e81-e82-e87-e88\/#breadcrumb"},"inLanguage":"en-GB","potentialAction":[{"@type":"ReadAction","target":["https:\/\/nbcustoms.pt\/product\/lip-look-1m-bmw-e81-e82-e87-e88\/"]}]},{"@type":"ImageObject","inLanguage":"en-GB","@id":"https:\/\/nbcustoms.pt\/product\/lip-look-1m-bmw-e81-e82-e87-e88\/#primaryimage","url":"https:\/\/nbcustoms.pt\/wp-content\/uploads\/2025\/12\/lipe800.png","contentUrl":"https:\/\/nbcustoms.pt\/wp-content\/uploads\/2025\/12\/lipe800.png","width":1024,"height":1024},{"@type":"BreadcrumbList","@id":"https:\/\/nbcustoms.pt\/product\/lip-look-1m-bmw-e81-e82-e87-e88\/#breadcrumb","itemListElement":[{"@type":"ListItem","position":1,"name":"Home","item":"https:\/\/nbcustoms.pt\/"},{"@type":"ListItem","position":2,"name":"Loja","item":"https:\/\/nbcustoms.pt\/loja\/"},{"@type":"ListItem","position":3,"name":"Lip look 1M BMW E81\/E82\/E87\/E88"}]},{"@type":"WebSite","@id":"https:\/\/nbcustoms.pt\/#website","url":"https:\/\/nbcustoms.pt\/","name":"NB Customs - Personaliza\u00e7\u00f5es BMW","description":"Transforma o teu BMW com especialistas.","publisher":{"@id":"https:\/\/nbcustoms.pt\/#organization"},"potentialAction":[{"@type":"SearchAction","target":{"@type":"EntryPoint","urlTemplate":"https:\/\/nbcustoms.pt\/?s={search_term_string}"},"query-input":{"@type":"PropertyValueSpecification","valueRequired":true,"valueName":"search_term_string"}}],"inLanguage":"en-GB"},{"@type":"Organization","@id":"https:\/\/nbcustoms.pt\/#organization","name":"NB Customs - Personaliza\u00e7\u00f5es BMW","url":"https:\/\/nbcustoms.pt\/","logo":{"@type":"ImageObject","inLanguage":"en-GB","@id":"https:\/\/nbcustoms.pt\/#\/schema\/logo\/image\/","url":"https:\/\/nbcustoms.pt\/wp-content\/uploads\/2025\/12\/logo.jpg","contentUrl":"https:\/\/nbcustoms.pt\/wp-content\/uploads\/2025\/12\/logo.jpg","width":450,"height":450,"caption":"NB Customs - Personaliza\u00e7\u00f5es BMW"},"image":{"@id":"https:\/\/nbcustoms.pt\/#\/schema\/logo\/image\/"},"sameAs":["https:\/\/www.instagram.com\/nb_customs__\/"]}]}},"jetpack_sharing_enabled":true,"_links":{"self":[{"href":"https:\/\/nbcustoms.pt\/en\/wp-json\/wp\/v2\/product\/7352","targetHints":{"allow":["GET"]}}],"collection":[{"href":"https:\/\/nbcustoms.pt\/en\/wp-json\/wp\/v2\/product"}],"about":[{"href":"https:\/\/nbcustoms.pt\/en\/wp-json\/wp\/v2\/types\/product"}],"wp:featuredmedia":[{"embeddable":true,"href":"https:\/\/nbcustoms.pt\/en\/wp-json\/wp\/v2\/media\/7356"}],"wp:attachment":[{"href":"https:\/\/nbcustoms.pt\/en\/wp-json\/wp\/v2\/media?parent=7352"}],"wp:term":[{"taxonomy":"product_brand","embeddable":true,"href":"https:\/\/nbcustoms.pt\/en\/wp-json\/wp\/v2\/product_brand?post=7352"},{"taxonomy":"product_cat","embeddable":true,"href":"https:\/\/nbcustoms.pt\/en\/wp-json\/wp\/v2\/product_cat?post=7352"},{"taxonomy":"product_tag","embeddable":true,"href":"https:\/\/nbcustoms.pt\/en\/wp-json\/wp\/v2\/product_tag?post=7352"}],"curies":[{"name":"wp","href":"https:\/\/api.w.org\/{rel}","templated":true}]}}