{"id":5946,"date":"2025-11-20T17:03:42","date_gmt":"2025-11-20T17:03:42","guid":{"rendered":"https:\/\/nbcustoms.pt\/?post_type=product&#038;p=5946"},"modified":"2026-03-10T10:11:35","modified_gmt":"2026-03-10T10:11:35","slug":"para-choques-lip-m-performance-bmw-f20-f21-pre-11-15","status":"publish","type":"product","link":"https:\/\/nbcustoms.pt\/en\/product\/para-choques-lip-m-performance-bmw-f20-f21-pre-11-15\/","title":{"rendered":"Para-choques+lip M Performance BMW F20\/F21 Pr\u00e9 (11-15)"},"content":{"rendered":"<p><strong><b>PARA-CHOQUES + LIP M PERFORMANCE BMW F20\/F21 PR\u00c9\u00a0<\/b><\/strong><\/p>\n<p><strong><b>Compat\u00edvel: <\/b><\/strong>BMW Serie 1 F20\/F21 Pr\u00e9-Lci (2011-2015)<\/p>\n<p><strong><b>Modelo: <\/b><\/strong>M Performance<\/p>\n<p><strong><b>Material: <\/b><\/strong>Pl\u00e1stico<\/p>\n<p>PDC (Fura\u00e7\u00e3o para sensores de estacionamento): N\u00c3O<\/p>\n<p>SRA (Fura\u00e7\u00e3o para sistema de lava-far\u00f3is): SIM<\/p>\n<p><strong><b>Inclui:<\/b><\/strong> Para-choques frontal com prim\u00e1rio + grelhas inferiores e acess\u00f3rios + lip preto brilhante<\/p>\n<p>Pre\u00e7o especial de conjunto<\/p>\n<p>Plug and play\/ Encaixes iguais OEM<\/p>\n<p>* Caso tenha d\u00favidas na compatibilidade do produto com o seu carro entre em contacto.<\/p>\n<p>Estes n\u00e3o s\u00e3o produtos originais da marca BMW.<\/p>\n<p>Os artigos apresentados apenas s\u00e3o adequados para os modelos descritos.<\/p>","protected":false},"excerpt":{"rendered":"<p>PARA-CHOQUES + LIP M PERFORMANCE BMW F20\/F21 PR\u00c9\u00a0 Compat\u00edvel: BMW Serie 1 F20\/F21 Pr\u00e9-Lci (2011-2015) Modelo: M Performance Material: Pl\u00e1stico PDC (Fura\u00e7\u00e3o para sensores de estacionamento): N\u00c3O SRA (Fura\u00e7\u00e3o para sistema de lava-far\u00f3is): SIM Inclui: Para-choques frontal com prim\u00e1rio + grelhas inferiores e acess\u00f3rios + lip preto brilhante Pre\u00e7o especial de conjunto Plug and play\/ [&hellip;]<\/p>\n","protected":false},"featured_media":9488,"template":"","meta":[],"product_brand":[162],"product_cat":[95,232,90],"product_tag":[198],"class_list":{"0":"post-5946","1":"product","2":"type-product","3":"status-publish","4":"has-post-thumbnail","6":"product_brand-bmw","7":"product_cat-f20","8":"product_cat-f21","9":"product_cat-serie-1","10":"product_tag-para-choques-frontal-lip","11":"product_shipping_class-xl","13":"first","14":"instock","15":"taxable","16":"shipping-taxable","17":"purchasable","18":"product-type-variable"},"yoast_head":"<!-- This site is optimized with the Yoast SEO Premium plugin v26.6 (Yoast SEO v26.6) - https:\/\/yoast.com\/wordpress\/plugins\/seo\/ -->\n<title>Para-choques+lip M Performance BMW F20\/F21 Pr\u00e9 (11-15) - NB Customs - Personaliza\u00e7\u00f5es BMW<\/title>\n<meta name=\"robots\" content=\"index, follow, max-snippet:-1, max-image-preview:large, max-video-preview:-1\" \/>\n<link rel=\"canonical\" href=\"https:\/\/nbcustoms.pt\/en\/product\/para-choques-lip-m-performance-bmw-f20-f21-pre-11-15\/\" \/>\n<meta property=\"og:locale\" content=\"en_GB\" \/>\n<meta property=\"og:type\" content=\"article\" \/>\n<meta property=\"og:title\" content=\"Para-choques+lip M Performance BMW F20\/F21 Pr\u00e9 (11-15)\" \/>\n<meta property=\"og:description\" content=\"PARA-CHOQUES + LIP M PERFORMANCE BMW F20\/F21 PR\u00c9\u00a0 Compat\u00edvel: BMW Serie 1 F20\/F21 Pr\u00e9-Lci (2011-2015) Modelo: M Performance Material: Pl\u00e1stico PDC (Fura\u00e7\u00e3o para sensores de estacionamento): N\u00c3O SRA (Fura\u00e7\u00e3o para sistema de lava-far\u00f3is): SIM Inclui: Para-choques frontal com prim\u00e1rio + grelhas inferiores e acess\u00f3rios + lip preto brilhante Pre\u00e7o especial de conjunto Plug and play\/ [&hellip;]\" \/>\n<meta property=\"og:url\" content=\"https:\/\/nbcustoms.pt\/en\/product\/para-choques-lip-m-performance-bmw-f20-f21-pre-11-15\/\" \/>\n<meta property=\"og:site_name\" content=\"NB Customs - Personaliza\u00e7\u00f5es BMW\" \/>\n<meta property=\"article:modified_time\" content=\"2026-03-10T10:11:35+00:00\" \/>\n<meta property=\"og:image\" content=\"https:\/\/nbcustoms.pt\/wp-content\/uploads\/2025\/11\/64546686.jpg\" \/>\n\t<meta property=\"og:image:width\" content=\"1024\" \/>\n\t<meta property=\"og:image:height\" content=\"1024\" \/>\n\t<meta property=\"og:image:type\" content=\"image\/jpeg\" \/>\n<meta name=\"twitter:card\" content=\"summary_large_image\" \/>\n<meta name=\"twitter:label1\" content=\"Est. reading time\" \/>\n\t<meta name=\"twitter:data1\" content=\"1 minute\" \/>\n<script type=\"application\/ld+json\" class=\"yoast-schema-graph\">{\"@context\":\"https:\/\/schema.org\",\"@graph\":[{\"@type\":\"WebPage\",\"@id\":\"https:\/\/nbcustoms.pt\/product\/para-choques-lip-m-performance-bmw-f20-f21-pre-11-15\/\",\"url\":\"https:\/\/nbcustoms.pt\/product\/para-choques-lip-m-performance-bmw-f20-f21-pre-11-15\/\",\"name\":\"Para-choques+lip M Performance BMW F20\/F21 Pr\u00e9 (11-15) - NB Customs - Personaliza\u00e7\u00f5es BMW\",\"isPartOf\":{\"@id\":\"https:\/\/nbcustoms.pt\/#website\"},\"primaryImageOfPage\":{\"@id\":\"https:\/\/nbcustoms.pt\/product\/para-choques-lip-m-performance-bmw-f20-f21-pre-11-15\/#primaryimage\"},\"image\":{\"@id\":\"https:\/\/nbcustoms.pt\/product\/para-choques-lip-m-performance-bmw-f20-f21-pre-11-15\/#primaryimage\"},\"thumbnailUrl\":\"https:\/\/nbcustoms.pt\/wp-content\/uploads\/2025\/11\/64546686.jpg\",\"datePublished\":\"2025-11-20T17:03:42+00:00\",\"dateModified\":\"2026-03-10T10:11:35+00:00\",\"breadcrumb\":{\"@id\":\"https:\/\/nbcustoms.pt\/product\/para-choques-lip-m-performance-bmw-f20-f21-pre-11-15\/#breadcrumb\"},\"inLanguage\":\"en-GB\",\"potentialAction\":[{\"@type\":\"ReadAction\",\"target\":[\"https:\/\/nbcustoms.pt\/product\/para-choques-lip-m-performance-bmw-f20-f21-pre-11-15\/\"]}]},{\"@type\":\"ImageObject\",\"inLanguage\":\"en-GB\",\"@id\":\"https:\/\/nbcustoms.pt\/product\/para-choques-lip-m-performance-bmw-f20-f21-pre-11-15\/#primaryimage\",\"url\":\"https:\/\/nbcustoms.pt\/wp-content\/uploads\/2025\/11\/64546686.jpg\",\"contentUrl\":\"https:\/\/nbcustoms.pt\/wp-content\/uploads\/2025\/11\/64546686.jpg\",\"width\":1024,\"height\":1024},{\"@type\":\"BreadcrumbList\",\"@id\":\"https:\/\/nbcustoms.pt\/product\/para-choques-lip-m-performance-bmw-f20-f21-pre-11-15\/#breadcrumb\",\"itemListElement\":[{\"@type\":\"ListItem\",\"position\":1,\"name\":\"Home\",\"item\":\"https:\/\/nbcustoms.pt\/\"},{\"@type\":\"ListItem\",\"position\":2,\"name\":\"Loja\",\"item\":\"https:\/\/nbcustoms.pt\/loja\/\"},{\"@type\":\"ListItem\",\"position\":3,\"name\":\"Para-choques+lip M Performance BMW F20\/F21 Pr\u00e9 (11-15)\"}]},{\"@type\":\"WebSite\",\"@id\":\"https:\/\/nbcustoms.pt\/#website\",\"url\":\"https:\/\/nbcustoms.pt\/\",\"name\":\"NB Customs - Personaliza\u00e7\u00f5es BMW\",\"description\":\"Transforma o teu BMW com especialistas.\",\"publisher\":{\"@id\":\"https:\/\/nbcustoms.pt\/#organization\"},\"potentialAction\":[{\"@type\":\"SearchAction\",\"target\":{\"@type\":\"EntryPoint\",\"urlTemplate\":\"https:\/\/nbcustoms.pt\/?s={search_term_string}\"},\"query-input\":{\"@type\":\"PropertyValueSpecification\",\"valueRequired\":true,\"valueName\":\"search_term_string\"}}],\"inLanguage\":\"en-GB\"},{\"@type\":\"Organization\",\"@id\":\"https:\/\/nbcustoms.pt\/#organization\",\"name\":\"NB Customs - Personaliza\u00e7\u00f5es BMW\",\"url\":\"https:\/\/nbcustoms.pt\/\",\"logo\":{\"@type\":\"ImageObject\",\"inLanguage\":\"en-GB\",\"@id\":\"https:\/\/nbcustoms.pt\/#\/schema\/logo\/image\/\",\"url\":\"https:\/\/nbcustoms.pt\/wp-content\/uploads\/2025\/12\/logo.jpg\",\"contentUrl\":\"https:\/\/nbcustoms.pt\/wp-content\/uploads\/2025\/12\/logo.jpg\",\"width\":450,\"height\":450,\"caption\":\"NB Customs - Personaliza\u00e7\u00f5es BMW\"},\"image\":{\"@id\":\"https:\/\/nbcustoms.pt\/#\/schema\/logo\/image\/\"},\"sameAs\":[\"https:\/\/www.instagram.com\/nb_customs__\/\"]}]}<\/script>\n<!-- \/ Yoast SEO Premium plugin. -->","yoast_head_json":{"title":"Para-choques+lip M Performance BMW F20\/F21 Pr\u00e9 (11-15) - NB Customs - Personaliza\u00e7\u00f5es BMW","robots":{"index":"index","follow":"follow","max-snippet":"max-snippet:-1","max-image-preview":"max-image-preview:large","max-video-preview":"max-video-preview:-1"},"canonical":"https:\/\/nbcustoms.pt\/en\/product\/para-choques-lip-m-performance-bmw-f20-f21-pre-11-15\/","og_locale":"en_GB","og_type":"article","og_title":"Para-choques+lip M Performance BMW F20\/F21 Pr\u00e9 (11-15)","og_description":"PARA-CHOQUES + LIP M PERFORMANCE BMW F20\/F21 PR\u00c9\u00a0 Compat\u00edvel: BMW Serie 1 F20\/F21 Pr\u00e9-Lci (2011-2015) Modelo: M Performance Material: Pl\u00e1stico PDC (Fura\u00e7\u00e3o para sensores de estacionamento): N\u00c3O SRA (Fura\u00e7\u00e3o para sistema de lava-far\u00f3is): SIM Inclui: Para-choques frontal com prim\u00e1rio + grelhas inferiores e acess\u00f3rios + lip preto brilhante Pre\u00e7o especial de conjunto Plug and play\/ [&hellip;]","og_url":"https:\/\/nbcustoms.pt\/en\/product\/para-choques-lip-m-performance-bmw-f20-f21-pre-11-15\/","og_site_name":"NB Customs - Personaliza\u00e7\u00f5es BMW","article_modified_time":"2026-03-10T10:11:35+00:00","og_image":[{"width":1024,"height":1024,"url":"https:\/\/nbcustoms.pt\/wp-content\/uploads\/2025\/11\/64546686.jpg","type":"image\/jpeg"}],"twitter_card":"summary_large_image","twitter_misc":{"Est. reading time":"1 minute"},"schema":{"@context":"https:\/\/schema.org","@graph":[{"@type":"WebPage","@id":"https:\/\/nbcustoms.pt\/product\/para-choques-lip-m-performance-bmw-f20-f21-pre-11-15\/","url":"https:\/\/nbcustoms.pt\/product\/para-choques-lip-m-performance-bmw-f20-f21-pre-11-15\/","name":"Para-choques+lip M Performance BMW F20\/F21 Pr\u00e9 (11-15) - NB Customs - Personaliza\u00e7\u00f5es BMW","isPartOf":{"@id":"https:\/\/nbcustoms.pt\/#website"},"primaryImageOfPage":{"@id":"https:\/\/nbcustoms.pt\/product\/para-choques-lip-m-performance-bmw-f20-f21-pre-11-15\/#primaryimage"},"image":{"@id":"https:\/\/nbcustoms.pt\/product\/para-choques-lip-m-performance-bmw-f20-f21-pre-11-15\/#primaryimage"},"thumbnailUrl":"https:\/\/nbcustoms.pt\/wp-content\/uploads\/2025\/11\/64546686.jpg","datePublished":"2025-11-20T17:03:42+00:00","dateModified":"2026-03-10T10:11:35+00:00","breadcrumb":{"@id":"https:\/\/nbcustoms.pt\/product\/para-choques-lip-m-performance-bmw-f20-f21-pre-11-15\/#breadcrumb"},"inLanguage":"en-GB","potentialAction":[{"@type":"ReadAction","target":["https:\/\/nbcustoms.pt\/product\/para-choques-lip-m-performance-bmw-f20-f21-pre-11-15\/"]}]},{"@type":"ImageObject","inLanguage":"en-GB","@id":"https:\/\/nbcustoms.pt\/product\/para-choques-lip-m-performance-bmw-f20-f21-pre-11-15\/#primaryimage","url":"https:\/\/nbcustoms.pt\/wp-content\/uploads\/2025\/11\/64546686.jpg","contentUrl":"https:\/\/nbcustoms.pt\/wp-content\/uploads\/2025\/11\/64546686.jpg","width":1024,"height":1024},{"@type":"BreadcrumbList","@id":"https:\/\/nbcustoms.pt\/product\/para-choques-lip-m-performance-bmw-f20-f21-pre-11-15\/#breadcrumb","itemListElement":[{"@type":"ListItem","position":1,"name":"Home","item":"https:\/\/nbcustoms.pt\/"},{"@type":"ListItem","position":2,"name":"Loja","item":"https:\/\/nbcustoms.pt\/loja\/"},{"@type":"ListItem","position":3,"name":"Para-choques+lip M Performance BMW F20\/F21 Pr\u00e9 (11-15)"}]},{"@type":"WebSite","@id":"https:\/\/nbcustoms.pt\/#website","url":"https:\/\/nbcustoms.pt\/","name":"NB Customs - Personaliza\u00e7\u00f5es BMW","description":"Transforma o teu BMW com especialistas.","publisher":{"@id":"https:\/\/nbcustoms.pt\/#organization"},"potentialAction":[{"@type":"SearchAction","target":{"@type":"EntryPoint","urlTemplate":"https:\/\/nbcustoms.pt\/?s={search_term_string}"},"query-input":{"@type":"PropertyValueSpecification","valueRequired":true,"valueName":"search_term_string"}}],"inLanguage":"en-GB"},{"@type":"Organization","@id":"https:\/\/nbcustoms.pt\/#organization","name":"NB Customs - Personaliza\u00e7\u00f5es BMW","url":"https:\/\/nbcustoms.pt\/","logo":{"@type":"ImageObject","inLanguage":"en-GB","@id":"https:\/\/nbcustoms.pt\/#\/schema\/logo\/image\/","url":"https:\/\/nbcustoms.pt\/wp-content\/uploads\/2025\/12\/logo.jpg","contentUrl":"https:\/\/nbcustoms.pt\/wp-content\/uploads\/2025\/12\/logo.jpg","width":450,"height":450,"caption":"NB Customs - Personaliza\u00e7\u00f5es BMW"},"image":{"@id":"https:\/\/nbcustoms.pt\/#\/schema\/logo\/image\/"},"sameAs":["https:\/\/www.instagram.com\/nb_customs__\/"]}]}},"jetpack_sharing_enabled":true,"_links":{"self":[{"href":"https:\/\/nbcustoms.pt\/en\/wp-json\/wp\/v2\/product\/5946","targetHints":{"allow":["GET"]}}],"collection":[{"href":"https:\/\/nbcustoms.pt\/en\/wp-json\/wp\/v2\/product"}],"about":[{"href":"https:\/\/nbcustoms.pt\/en\/wp-json\/wp\/v2\/types\/product"}],"wp:featuredmedia":[{"embeddable":true,"href":"https:\/\/nbcustoms.pt\/en\/wp-json\/wp\/v2\/media\/9488"}],"wp:attachment":[{"href":"https:\/\/nbcustoms.pt\/en\/wp-json\/wp\/v2\/media?parent=5946"}],"wp:term":[{"taxonomy":"product_brand","embeddable":true,"href":"https:\/\/nbcustoms.pt\/en\/wp-json\/wp\/v2\/product_brand?post=5946"},{"taxonomy":"product_cat","embeddable":true,"href":"https:\/\/nbcustoms.pt\/en\/wp-json\/wp\/v2\/product_cat?post=5946"},{"taxonomy":"product_tag","embeddable":true,"href":"https:\/\/nbcustoms.pt\/en\/wp-json\/wp\/v2\/product_tag?post=5946"}],"curies":[{"name":"wp","href":"https:\/\/api.w.org\/{rel}","templated":true}]}}