{"id":5287,"date":"2025-10-23T16:31:36","date_gmt":"2025-10-23T16:31:36","guid":{"rendered":"https:\/\/v3.nbcustoms.pt\/?post_type=product&#038;p=5287"},"modified":"2026-03-12T14:19:58","modified_gmt":"2026-03-12T14:19:58","slug":"farois-de-nevoeiro-led-escurecidos-bmw-f20-f21-f30-f31-f32-f33-f34-f36","status":"publish","type":"product","link":"https:\/\/nbcustoms.pt\/en\/product\/farois-de-nevoeiro-led-escurecidos-bmw-f20-f21-f30-f31-f32-f33-f34-f36\/","title":{"rendered":"Far\u00f3is de nevoeiro LED escurecidos BMW F20\/F21\/ F30\/ F31\/F32\/F33\/F34\/F36"},"content":{"rendered":"<p><strong><b>FAR\u00d3IS DE NEVOEIRO LED TRANSPARENTES F20\/F21\/ F30\/ F31\/F32\/F33\/F34\/F36\u00a0<\/b><\/strong><\/p>\n<p><strong><b>Compat\u00edvel:\u00a0<\/b><\/strong>BMW Serie 1 F20\/F21, s\u00e9rie 3 F30\/ F31\/F34\u00a0 e s\u00e9rie 4 F32\/F33\/\/F36 (2015-2020)<\/p>\n<p><strong><b>Modelo:\u00a0<\/b><\/strong>LED<\/p>\n<p><strong>Cor:<\/strong> Escurecidos<\/p>\n<p><strong><b>Inclui:<\/b><\/strong> C<span dir=\"auto\">onjunto far\u00f3is nevoeiro esquerdo\/direito + respetivas l\u00e2mpadas<\/span><\/p>\n<p>* Caso tenha d\u00favidas na compatibilidade do produto com o seu carro entre em contacto.<\/p>\n<p>Estes n\u00e3o s\u00e3o produtos originais da marca BMW.<\/p>\n<p>Os artigos apresentados apenas s\u00e3o adequados para os modelos descritos.<\/p>","protected":false},"excerpt":{"rendered":"<p>FAR\u00d3IS DE NEVOEIRO LED TRANSPARENTES F20\/F21\/ F30\/ F31\/F32\/F33\/F34\/F36\u00a0 Compat\u00edvel:\u00a0BMW Serie 1 F20\/F21, s\u00e9rie 3 F30\/ F31\/F34\u00a0 e s\u00e9rie 4 F32\/F33\/\/F36 (2015-2020) Modelo:\u00a0LED Cor: Escurecidos Inclui: Conjunto far\u00f3is nevoeiro esquerdo\/direito + respetivas l\u00e2mpadas * Caso tenha d\u00favidas na compatibilidade do produto com o seu carro entre em contacto. Estes n\u00e3o s\u00e3o produtos originais da marca BMW. [&hellip;]<\/p>\n","protected":false},"featured_media":5451,"template":"","meta":[],"product_brand":[162],"product_cat":[95,232,120,121,123,124,141,174,117,90,119,122],"product_tag":[149],"class_list":{"0":"post-5287","1":"product","2":"type-product","3":"status-publish","4":"has-post-thumbnail","6":"product_brand-bmw","7":"product_cat-f20","8":"product_cat-f21","9":"product_cat-f30","10":"product_cat-f31","11":"product_cat-f32","12":"product_cat-f33","13":"product_cat-f34-gt","14":"product_cat-f36","15":"product_cat-iluminacao","16":"product_cat-serie-1","17":"product_cat-serie-3","18":"product_cat-serie-4","19":"product_tag-farois-de-nevoeiro","20":"product_shipping_class-xs","22":"first","23":"instock","24":"taxable","25":"shipping-taxable","26":"purchasable","27":"product-type-simple"},"yoast_head":"<!-- This site is optimized with the Yoast SEO Premium plugin v26.6 (Yoast SEO v26.6) - https:\/\/yoast.com\/wordpress\/plugins\/seo\/ -->\n<title>Far\u00f3is de nevoeiro LED escurecidos BMW F20\/F21\/ F30\/ F31\/F32\/F33\/F34\/F36 - NB Customs - Personaliza\u00e7\u00f5es BMW<\/title>\n<meta name=\"robots\" content=\"index, follow, max-snippet:-1, max-image-preview:large, max-video-preview:-1\" \/>\n<link rel=\"canonical\" href=\"https:\/\/nbcustoms.pt\/en\/product\/farois-de-nevoeiro-led-escurecidos-bmw-f20-f21-f30-f31-f32-f33-f34-f36\/\" \/>\n<meta property=\"og:locale\" content=\"en_GB\" \/>\n<meta property=\"og:type\" content=\"article\" \/>\n<meta property=\"og:title\" content=\"Far\u00f3is de nevoeiro LED escurecidos BMW F20\/F21\/ F30\/ F31\/F32\/F33\/F34\/F36\" \/>\n<meta property=\"og:description\" content=\"FAR\u00d3IS DE NEVOEIRO LED TRANSPARENTES F20\/F21\/ F30\/ F31\/F32\/F33\/F34\/F36\u00a0 Compat\u00edvel:\u00a0BMW Serie 1 F20\/F21, s\u00e9rie 3 F30\/ F31\/F34\u00a0 e s\u00e9rie 4 F32\/F33\/\/F36 (2015-2020) Modelo:\u00a0LED Cor: Escurecidos Inclui: Conjunto far\u00f3is nevoeiro esquerdo\/direito + respetivas l\u00e2mpadas * Caso tenha d\u00favidas na compatibilidade do produto com o seu carro entre em contacto. Estes n\u00e3o s\u00e3o produtos originais da marca BMW. [&hellip;]\" \/>\n<meta property=\"og:url\" content=\"https:\/\/nbcustoms.pt\/en\/product\/farois-de-nevoeiro-led-escurecidos-bmw-f20-f21-f30-f31-f32-f33-f34-f36\/\" \/>\n<meta property=\"og:site_name\" content=\"NB Customs - Personaliza\u00e7\u00f5es BMW\" \/>\n<meta property=\"article:modified_time\" content=\"2026-03-12T14:19:58+00:00\" \/>\n<meta property=\"og:image\" content=\"https:\/\/nbcustoms.pt\/wp-content\/uploads\/2025\/10\/30339.jpg_1920x1920.jpg\" \/>\n\t<meta property=\"og:image:width\" content=\"1600\" \/>\n\t<meta property=\"og:image:height\" content=\"913\" \/>\n\t<meta property=\"og:image:type\" content=\"image\/jpeg\" \/>\n<meta name=\"twitter:card\" content=\"summary_large_image\" \/>\n<meta name=\"twitter:label1\" content=\"Est. reading time\" \/>\n\t<meta name=\"twitter:data1\" content=\"1 minute\" \/>\n<script type=\"application\/ld+json\" class=\"yoast-schema-graph\">{\"@context\":\"https:\/\/schema.org\",\"@graph\":[{\"@type\":\"WebPage\",\"@id\":\"https:\/\/nbcustoms.pt\/product\/farois-de-nevoeiro-led-escurecidos-bmw-f20-f21-f30-f31-f32-f33-f34-f36\/\",\"url\":\"https:\/\/nbcustoms.pt\/product\/farois-de-nevoeiro-led-escurecidos-bmw-f20-f21-f30-f31-f32-f33-f34-f36\/\",\"name\":\"Far\u00f3is de nevoeiro LED escurecidos BMW F20\/F21\/ F30\/ F31\/F32\/F33\/F34\/F36 - NB Customs - Personaliza\u00e7\u00f5es BMW\",\"isPartOf\":{\"@id\":\"https:\/\/nbcustoms.pt\/#website\"},\"primaryImageOfPage\":{\"@id\":\"https:\/\/nbcustoms.pt\/product\/farois-de-nevoeiro-led-escurecidos-bmw-f20-f21-f30-f31-f32-f33-f34-f36\/#primaryimage\"},\"image\":{\"@id\":\"https:\/\/nbcustoms.pt\/product\/farois-de-nevoeiro-led-escurecidos-bmw-f20-f21-f30-f31-f32-f33-f34-f36\/#primaryimage\"},\"thumbnailUrl\":\"https:\/\/nbcustoms.pt\/wp-content\/uploads\/2025\/10\/30339.jpg_1920x1920.jpg\",\"datePublished\":\"2025-10-23T16:31:36+00:00\",\"dateModified\":\"2026-03-12T14:19:58+00:00\",\"breadcrumb\":{\"@id\":\"https:\/\/nbcustoms.pt\/product\/farois-de-nevoeiro-led-escurecidos-bmw-f20-f21-f30-f31-f32-f33-f34-f36\/#breadcrumb\"},\"inLanguage\":\"en-GB\",\"potentialAction\":[{\"@type\":\"ReadAction\",\"target\":[\"https:\/\/nbcustoms.pt\/product\/farois-de-nevoeiro-led-escurecidos-bmw-f20-f21-f30-f31-f32-f33-f34-f36\/\"]}]},{\"@type\":\"ImageObject\",\"inLanguage\":\"en-GB\",\"@id\":\"https:\/\/nbcustoms.pt\/product\/farois-de-nevoeiro-led-escurecidos-bmw-f20-f21-f30-f31-f32-f33-f34-f36\/#primaryimage\",\"url\":\"https:\/\/nbcustoms.pt\/wp-content\/uploads\/2025\/10\/30339.jpg_1920x1920.jpg\",\"contentUrl\":\"https:\/\/nbcustoms.pt\/wp-content\/uploads\/2025\/10\/30339.jpg_1920x1920.jpg\",\"width\":1600,\"height\":913},{\"@type\":\"BreadcrumbList\",\"@id\":\"https:\/\/nbcustoms.pt\/product\/farois-de-nevoeiro-led-escurecidos-bmw-f20-f21-f30-f31-f32-f33-f34-f36\/#breadcrumb\",\"itemListElement\":[{\"@type\":\"ListItem\",\"position\":1,\"name\":\"Home\",\"item\":\"https:\/\/nbcustoms.pt\/\"},{\"@type\":\"ListItem\",\"position\":2,\"name\":\"Loja\",\"item\":\"https:\/\/nbcustoms.pt\/loja\/\"},{\"@type\":\"ListItem\",\"position\":3,\"name\":\"Far\u00f3is de nevoeiro LED escurecidos BMW F20\/F21\/ F30\/ F31\/F32\/F33\/F34\/F36\"}]},{\"@type\":\"WebSite\",\"@id\":\"https:\/\/nbcustoms.pt\/#website\",\"url\":\"https:\/\/nbcustoms.pt\/\",\"name\":\"NB Customs - Personaliza\u00e7\u00f5es BMW\",\"description\":\"Transforma o teu BMW com especialistas.\",\"publisher\":{\"@id\":\"https:\/\/nbcustoms.pt\/#organization\"},\"potentialAction\":[{\"@type\":\"SearchAction\",\"target\":{\"@type\":\"EntryPoint\",\"urlTemplate\":\"https:\/\/nbcustoms.pt\/?s={search_term_string}\"},\"query-input\":{\"@type\":\"PropertyValueSpecification\",\"valueRequired\":true,\"valueName\":\"search_term_string\"}}],\"inLanguage\":\"en-GB\"},{\"@type\":\"Organization\",\"@id\":\"https:\/\/nbcustoms.pt\/#organization\",\"name\":\"NB Customs - Personaliza\u00e7\u00f5es BMW\",\"url\":\"https:\/\/nbcustoms.pt\/\",\"logo\":{\"@type\":\"ImageObject\",\"inLanguage\":\"en-GB\",\"@id\":\"https:\/\/nbcustoms.pt\/#\/schema\/logo\/image\/\",\"url\":\"https:\/\/nbcustoms.pt\/wp-content\/uploads\/2025\/12\/logo.jpg\",\"contentUrl\":\"https:\/\/nbcustoms.pt\/wp-content\/uploads\/2025\/12\/logo.jpg\",\"width\":450,\"height\":450,\"caption\":\"NB Customs - Personaliza\u00e7\u00f5es BMW\"},\"image\":{\"@id\":\"https:\/\/nbcustoms.pt\/#\/schema\/logo\/image\/\"},\"sameAs\":[\"https:\/\/www.instagram.com\/nb_customs__\/\"]}]}<\/script>\n<!-- \/ Yoast SEO Premium plugin. -->","yoast_head_json":{"title":"Far\u00f3is de nevoeiro LED escurecidos BMW F20\/F21\/ F30\/ F31\/F32\/F33\/F34\/F36 - NB Customs - Personaliza\u00e7\u00f5es BMW","robots":{"index":"index","follow":"follow","max-snippet":"max-snippet:-1","max-image-preview":"max-image-preview:large","max-video-preview":"max-video-preview:-1"},"canonical":"https:\/\/nbcustoms.pt\/en\/product\/farois-de-nevoeiro-led-escurecidos-bmw-f20-f21-f30-f31-f32-f33-f34-f36\/","og_locale":"en_GB","og_type":"article","og_title":"Far\u00f3is de nevoeiro LED escurecidos BMW F20\/F21\/ F30\/ F31\/F32\/F33\/F34\/F36","og_description":"FAR\u00d3IS DE NEVOEIRO LED TRANSPARENTES F20\/F21\/ F30\/ F31\/F32\/F33\/F34\/F36\u00a0 Compat\u00edvel:\u00a0BMW Serie 1 F20\/F21, s\u00e9rie 3 F30\/ F31\/F34\u00a0 e s\u00e9rie 4 F32\/F33\/\/F36 (2015-2020) Modelo:\u00a0LED Cor: Escurecidos Inclui: Conjunto far\u00f3is nevoeiro esquerdo\/direito + respetivas l\u00e2mpadas * Caso tenha d\u00favidas na compatibilidade do produto com o seu carro entre em contacto. Estes n\u00e3o s\u00e3o produtos originais da marca BMW. [&hellip;]","og_url":"https:\/\/nbcustoms.pt\/en\/product\/farois-de-nevoeiro-led-escurecidos-bmw-f20-f21-f30-f31-f32-f33-f34-f36\/","og_site_name":"NB Customs - Personaliza\u00e7\u00f5es BMW","article_modified_time":"2026-03-12T14:19:58+00:00","og_image":[{"width":1600,"height":913,"url":"https:\/\/nbcustoms.pt\/wp-content\/uploads\/2025\/10\/30339.jpg_1920x1920.jpg","type":"image\/jpeg"}],"twitter_card":"summary_large_image","twitter_misc":{"Est. reading time":"1 minute"},"schema":{"@context":"https:\/\/schema.org","@graph":[{"@type":"WebPage","@id":"https:\/\/nbcustoms.pt\/product\/farois-de-nevoeiro-led-escurecidos-bmw-f20-f21-f30-f31-f32-f33-f34-f36\/","url":"https:\/\/nbcustoms.pt\/product\/farois-de-nevoeiro-led-escurecidos-bmw-f20-f21-f30-f31-f32-f33-f34-f36\/","name":"Far\u00f3is de nevoeiro LED escurecidos BMW F20\/F21\/ F30\/ F31\/F32\/F33\/F34\/F36 - NB Customs - Personaliza\u00e7\u00f5es BMW","isPartOf":{"@id":"https:\/\/nbcustoms.pt\/#website"},"primaryImageOfPage":{"@id":"https:\/\/nbcustoms.pt\/product\/farois-de-nevoeiro-led-escurecidos-bmw-f20-f21-f30-f31-f32-f33-f34-f36\/#primaryimage"},"image":{"@id":"https:\/\/nbcustoms.pt\/product\/farois-de-nevoeiro-led-escurecidos-bmw-f20-f21-f30-f31-f32-f33-f34-f36\/#primaryimage"},"thumbnailUrl":"https:\/\/nbcustoms.pt\/wp-content\/uploads\/2025\/10\/30339.jpg_1920x1920.jpg","datePublished":"2025-10-23T16:31:36+00:00","dateModified":"2026-03-12T14:19:58+00:00","breadcrumb":{"@id":"https:\/\/nbcustoms.pt\/product\/farois-de-nevoeiro-led-escurecidos-bmw-f20-f21-f30-f31-f32-f33-f34-f36\/#breadcrumb"},"inLanguage":"en-GB","potentialAction":[{"@type":"ReadAction","target":["https:\/\/nbcustoms.pt\/product\/farois-de-nevoeiro-led-escurecidos-bmw-f20-f21-f30-f31-f32-f33-f34-f36\/"]}]},{"@type":"ImageObject","inLanguage":"en-GB","@id":"https:\/\/nbcustoms.pt\/product\/farois-de-nevoeiro-led-escurecidos-bmw-f20-f21-f30-f31-f32-f33-f34-f36\/#primaryimage","url":"https:\/\/nbcustoms.pt\/wp-content\/uploads\/2025\/10\/30339.jpg_1920x1920.jpg","contentUrl":"https:\/\/nbcustoms.pt\/wp-content\/uploads\/2025\/10\/30339.jpg_1920x1920.jpg","width":1600,"height":913},{"@type":"BreadcrumbList","@id":"https:\/\/nbcustoms.pt\/product\/farois-de-nevoeiro-led-escurecidos-bmw-f20-f21-f30-f31-f32-f33-f34-f36\/#breadcrumb","itemListElement":[{"@type":"ListItem","position":1,"name":"Home","item":"https:\/\/nbcustoms.pt\/"},{"@type":"ListItem","position":2,"name":"Loja","item":"https:\/\/nbcustoms.pt\/loja\/"},{"@type":"ListItem","position":3,"name":"Far\u00f3is de nevoeiro LED escurecidos BMW F20\/F21\/ F30\/ F31\/F32\/F33\/F34\/F36"}]},{"@type":"WebSite","@id":"https:\/\/nbcustoms.pt\/#website","url":"https:\/\/nbcustoms.pt\/","name":"NB Customs - Personaliza\u00e7\u00f5es BMW","description":"Transforma o teu BMW com especialistas.","publisher":{"@id":"https:\/\/nbcustoms.pt\/#organization"},"potentialAction":[{"@type":"SearchAction","target":{"@type":"EntryPoint","urlTemplate":"https:\/\/nbcustoms.pt\/?s={search_term_string}"},"query-input":{"@type":"PropertyValueSpecification","valueRequired":true,"valueName":"search_term_string"}}],"inLanguage":"en-GB"},{"@type":"Organization","@id":"https:\/\/nbcustoms.pt\/#organization","name":"NB Customs - Personaliza\u00e7\u00f5es BMW","url":"https:\/\/nbcustoms.pt\/","logo":{"@type":"ImageObject","inLanguage":"en-GB","@id":"https:\/\/nbcustoms.pt\/#\/schema\/logo\/image\/","url":"https:\/\/nbcustoms.pt\/wp-content\/uploads\/2025\/12\/logo.jpg","contentUrl":"https:\/\/nbcustoms.pt\/wp-content\/uploads\/2025\/12\/logo.jpg","width":450,"height":450,"caption":"NB Customs - Personaliza\u00e7\u00f5es BMW"},"image":{"@id":"https:\/\/nbcustoms.pt\/#\/schema\/logo\/image\/"},"sameAs":["https:\/\/www.instagram.com\/nb_customs__\/"]}]}},"jetpack_sharing_enabled":true,"_links":{"self":[{"href":"https:\/\/nbcustoms.pt\/en\/wp-json\/wp\/v2\/product\/5287","targetHints":{"allow":["GET"]}}],"collection":[{"href":"https:\/\/nbcustoms.pt\/en\/wp-json\/wp\/v2\/product"}],"about":[{"href":"https:\/\/nbcustoms.pt\/en\/wp-json\/wp\/v2\/types\/product"}],"wp:featuredmedia":[{"embeddable":true,"href":"https:\/\/nbcustoms.pt\/en\/wp-json\/wp\/v2\/media\/5451"}],"wp:attachment":[{"href":"https:\/\/nbcustoms.pt\/en\/wp-json\/wp\/v2\/media?parent=5287"}],"wp:term":[{"taxonomy":"product_brand","embeddable":true,"href":"https:\/\/nbcustoms.pt\/en\/wp-json\/wp\/v2\/product_brand?post=5287"},{"taxonomy":"product_cat","embeddable":true,"href":"https:\/\/nbcustoms.pt\/en\/wp-json\/wp\/v2\/product_cat?post=5287"},{"taxonomy":"product_tag","embeddable":true,"href":"https:\/\/nbcustoms.pt\/en\/wp-json\/wp\/v2\/product_tag?post=5287"}],"curies":[{"name":"wp","href":"https:\/\/api.w.org\/{rel}","templated":true}]}}