{"id":5270,"date":"2025-10-23T16:31:08","date_gmt":"2025-10-23T16:31:08","guid":{"rendered":"https:\/\/v3.nbcustoms.pt\/?post_type=product&#038;p=5270"},"modified":"2026-03-12T14:20:16","modified_gmt":"2026-03-12T14:20:16","slug":"farois-nevoeiro-transparentes-bmw-e81-e82-e87-e88-e84-e83-e70","status":"publish","type":"product","link":"https:\/\/nbcustoms.pt\/en\/product\/farois-nevoeiro-transparentes-bmw-e81-e82-e87-e88-e84-e83-e70\/","title":{"rendered":"Far\u00f3is de nevoeiro transparentes BMW E81\/E82\/E87\/E88\/E84\/E83\/E70"},"content":{"rendered":"<p><strong><b>FAR\u00d3IS DE NEVOEIRO TRANSPARENTES<\/b><\/strong><\/p>\n<p><strong><b>Compat\u00edvel:\u00a0<\/b><\/strong>BMW Serie 1 E81\/E82\/E87\/E88, <span dir=\"auto\">X1 E84, X3 E83 e X5 E70 <\/span>pack M (2004-2011)<\/p>\n<p><strong><b>Modelo: <\/b><\/strong>Transparentes<\/p>\n<p><strong><b>Inclui:<\/b><\/strong> C<span dir=\"auto\">onjunto far\u00f3is esquerdo\/direito + l<\/span>\u00e2mpadas H11 de 55W\/<span dir=\"auto\">1\u00a0<\/span><\/p>\n<p>Caso tenha d\u00favidas na compatibilidade do produto com o seu carro entre em contacto<\/p>\n<p>Estes n\u00e3o s\u00e3o produtos originais da marca BMW<\/p>\n<p>Os artigos apresentados apenas s\u00e3o adequados para os modelos descritos<\/p>","protected":false},"excerpt":{"rendered":"<p>FAR\u00d3IS DE NEVOEIRO TRANSPARENTES Compat\u00edvel:\u00a0BMW Serie 1 E81\/E82\/E87\/E88, X1 E84, X3 E83 e X5 E70 pack M (2004-2011) Modelo: Transparentes Inclui: Conjunto far\u00f3is esquerdo\/direito + l\u00e2mpadas H11 de 55W\/1\u00a0 Caso tenha d\u00favidas na compatibilidade do produto com o seu carro entre em contacto Estes n\u00e3o s\u00e3o produtos originais da marca BMW Os artigos apresentados apenas [&hellip;]<\/p>\n","protected":false},"featured_media":5437,"template":"","meta":[],"product_brand":[162],"product_cat":[91,179,231,182,117,90],"product_tag":[149],"class_list":{"0":"post-5270","1":"product","2":"type-product","3":"status-publish","4":"has-post-thumbnail","6":"product_brand-bmw","7":"product_cat-e81","8":"product_cat-e82","9":"product_cat-e87","10":"product_cat-e88","11":"product_cat-iluminacao","12":"product_cat-serie-1","13":"product_tag-farois-de-nevoeiro","14":"product_shipping_class-xs","16":"first","17":"instock","18":"taxable","19":"shipping-taxable","20":"purchasable","21":"product-type-simple"},"yoast_head":"<!-- This site is optimized with the Yoast SEO Premium plugin v26.6 (Yoast SEO v26.6) - https:\/\/yoast.com\/wordpress\/plugins\/seo\/ -->\n<title>Far\u00f3is de nevoeiro transparentes BMW E81\/E82\/E87\/E88\/E84\/E83\/E70 - NB Customs - Personaliza\u00e7\u00f5es BMW<\/title>\n<meta name=\"robots\" content=\"index, follow, max-snippet:-1, max-image-preview:large, max-video-preview:-1\" \/>\n<link rel=\"canonical\" href=\"https:\/\/nbcustoms.pt\/en\/product\/farois-nevoeiro-transparentes-bmw-e81-e82-e87-e88-e84-e83-e70\/\" \/>\n<meta property=\"og:locale\" content=\"en_GB\" \/>\n<meta property=\"og:type\" content=\"article\" \/>\n<meta property=\"og:title\" content=\"Far\u00f3is de nevoeiro transparentes BMW E81\/E82\/E87\/E88\/E84\/E83\/E70\" \/>\n<meta property=\"og:description\" content=\"FAR\u00d3IS DE NEVOEIRO TRANSPARENTES Compat\u00edvel:\u00a0BMW Serie 1 E81\/E82\/E87\/E88, X1 E84, X3 E83 e X5 E70 pack M (2004-2011) Modelo: Transparentes Inclui: Conjunto far\u00f3is esquerdo\/direito + l\u00e2mpadas H11 de 55W\/1\u00a0 Caso tenha d\u00favidas na compatibilidade do produto com o seu carro entre em contacto Estes n\u00e3o s\u00e3o produtos originais da marca BMW Os artigos apresentados apenas [&hellip;]\" \/>\n<meta property=\"og:url\" content=\"https:\/\/nbcustoms.pt\/en\/product\/farois-nevoeiro-transparentes-bmw-e81-e82-e87-e88-e84-e83-e70\/\" \/>\n<meta property=\"og:site_name\" content=\"NB Customs - Personaliza\u00e7\u00f5es BMW\" \/>\n<meta property=\"article:modified_time\" content=\"2026-03-12T14:20:16+00:00\" \/>\n<meta property=\"og:image\" content=\"https:\/\/nbcustoms.pt\/wp-content\/uploads\/2025\/10\/29565_02.jpg_800x800.jpg\" \/>\n\t<meta property=\"og:image:width\" content=\"800\" \/>\n\t<meta property=\"og:image:height\" content=\"800\" \/>\n\t<meta property=\"og:image:type\" content=\"image\/jpeg\" \/>\n<meta name=\"twitter:card\" content=\"summary_large_image\" \/>\n<meta name=\"twitter:label1\" content=\"Est. reading time\" \/>\n\t<meta name=\"twitter:data1\" content=\"1 minute\" \/>\n<script type=\"application\/ld+json\" class=\"yoast-schema-graph\">{\"@context\":\"https:\/\/schema.org\",\"@graph\":[{\"@type\":\"WebPage\",\"@id\":\"https:\/\/nbcustoms.pt\/product\/farois-nevoeiro-transparentes-bmw-e81-e82-e87-e88-e84-e83-e70\/\",\"url\":\"https:\/\/nbcustoms.pt\/product\/farois-nevoeiro-transparentes-bmw-e81-e82-e87-e88-e84-e83-e70\/\",\"name\":\"Far\u00f3is de nevoeiro transparentes BMW E81\/E82\/E87\/E88\/E84\/E83\/E70 - NB Customs - Personaliza\u00e7\u00f5es BMW\",\"isPartOf\":{\"@id\":\"https:\/\/nbcustoms.pt\/#website\"},\"primaryImageOfPage\":{\"@id\":\"https:\/\/nbcustoms.pt\/product\/farois-nevoeiro-transparentes-bmw-e81-e82-e87-e88-e84-e83-e70\/#primaryimage\"},\"image\":{\"@id\":\"https:\/\/nbcustoms.pt\/product\/farois-nevoeiro-transparentes-bmw-e81-e82-e87-e88-e84-e83-e70\/#primaryimage\"},\"thumbnailUrl\":\"https:\/\/nbcustoms.pt\/wp-content\/uploads\/2025\/10\/29565_02.jpg_800x800.jpg\",\"datePublished\":\"2025-10-23T16:31:08+00:00\",\"dateModified\":\"2026-03-12T14:20:16+00:00\",\"breadcrumb\":{\"@id\":\"https:\/\/nbcustoms.pt\/product\/farois-nevoeiro-transparentes-bmw-e81-e82-e87-e88-e84-e83-e70\/#breadcrumb\"},\"inLanguage\":\"en-GB\",\"potentialAction\":[{\"@type\":\"ReadAction\",\"target\":[\"https:\/\/nbcustoms.pt\/product\/farois-nevoeiro-transparentes-bmw-e81-e82-e87-e88-e84-e83-e70\/\"]}]},{\"@type\":\"ImageObject\",\"inLanguage\":\"en-GB\",\"@id\":\"https:\/\/nbcustoms.pt\/product\/farois-nevoeiro-transparentes-bmw-e81-e82-e87-e88-e84-e83-e70\/#primaryimage\",\"url\":\"https:\/\/nbcustoms.pt\/wp-content\/uploads\/2025\/10\/29565_02.jpg_800x800.jpg\",\"contentUrl\":\"https:\/\/nbcustoms.pt\/wp-content\/uploads\/2025\/10\/29565_02.jpg_800x800.jpg\",\"width\":800,\"height\":800},{\"@type\":\"BreadcrumbList\",\"@id\":\"https:\/\/nbcustoms.pt\/product\/farois-nevoeiro-transparentes-bmw-e81-e82-e87-e88-e84-e83-e70\/#breadcrumb\",\"itemListElement\":[{\"@type\":\"ListItem\",\"position\":1,\"name\":\"Home\",\"item\":\"https:\/\/nbcustoms.pt\/\"},{\"@type\":\"ListItem\",\"position\":2,\"name\":\"Loja\",\"item\":\"https:\/\/nbcustoms.pt\/loja\/\"},{\"@type\":\"ListItem\",\"position\":3,\"name\":\"Far\u00f3is de nevoeiro transparentes BMW E81\/E82\/E87\/E88\/E84\/E83\/E70\"}]},{\"@type\":\"WebSite\",\"@id\":\"https:\/\/nbcustoms.pt\/#website\",\"url\":\"https:\/\/nbcustoms.pt\/\",\"name\":\"NB Customs - Personaliza\u00e7\u00f5es BMW\",\"description\":\"Transforma o teu BMW com especialistas.\",\"publisher\":{\"@id\":\"https:\/\/nbcustoms.pt\/#organization\"},\"potentialAction\":[{\"@type\":\"SearchAction\",\"target\":{\"@type\":\"EntryPoint\",\"urlTemplate\":\"https:\/\/nbcustoms.pt\/?s={search_term_string}\"},\"query-input\":{\"@type\":\"PropertyValueSpecification\",\"valueRequired\":true,\"valueName\":\"search_term_string\"}}],\"inLanguage\":\"en-GB\"},{\"@type\":\"Organization\",\"@id\":\"https:\/\/nbcustoms.pt\/#organization\",\"name\":\"NB Customs - Personaliza\u00e7\u00f5es BMW\",\"url\":\"https:\/\/nbcustoms.pt\/\",\"logo\":{\"@type\":\"ImageObject\",\"inLanguage\":\"en-GB\",\"@id\":\"https:\/\/nbcustoms.pt\/#\/schema\/logo\/image\/\",\"url\":\"https:\/\/nbcustoms.pt\/wp-content\/uploads\/2025\/12\/logo.jpg\",\"contentUrl\":\"https:\/\/nbcustoms.pt\/wp-content\/uploads\/2025\/12\/logo.jpg\",\"width\":450,\"height\":450,\"caption\":\"NB Customs - Personaliza\u00e7\u00f5es BMW\"},\"image\":{\"@id\":\"https:\/\/nbcustoms.pt\/#\/schema\/logo\/image\/\"},\"sameAs\":[\"https:\/\/www.instagram.com\/nb_customs__\/\"]}]}<\/script>\n<!-- \/ Yoast SEO Premium plugin. -->","yoast_head_json":{"title":"Far\u00f3is de nevoeiro transparentes BMW E81\/E82\/E87\/E88\/E84\/E83\/E70 - NB Customs - Personaliza\u00e7\u00f5es BMW","robots":{"index":"index","follow":"follow","max-snippet":"max-snippet:-1","max-image-preview":"max-image-preview:large","max-video-preview":"max-video-preview:-1"},"canonical":"https:\/\/nbcustoms.pt\/en\/product\/farois-nevoeiro-transparentes-bmw-e81-e82-e87-e88-e84-e83-e70\/","og_locale":"en_GB","og_type":"article","og_title":"Far\u00f3is de nevoeiro transparentes BMW E81\/E82\/E87\/E88\/E84\/E83\/E70","og_description":"FAR\u00d3IS DE NEVOEIRO TRANSPARENTES Compat\u00edvel:\u00a0BMW Serie 1 E81\/E82\/E87\/E88, X1 E84, X3 E83 e X5 E70 pack M (2004-2011) Modelo: Transparentes Inclui: Conjunto far\u00f3is esquerdo\/direito + l\u00e2mpadas H11 de 55W\/1\u00a0 Caso tenha d\u00favidas na compatibilidade do produto com o seu carro entre em contacto Estes n\u00e3o s\u00e3o produtos originais da marca BMW Os artigos apresentados apenas [&hellip;]","og_url":"https:\/\/nbcustoms.pt\/en\/product\/farois-nevoeiro-transparentes-bmw-e81-e82-e87-e88-e84-e83-e70\/","og_site_name":"NB Customs - Personaliza\u00e7\u00f5es BMW","article_modified_time":"2026-03-12T14:20:16+00:00","og_image":[{"width":800,"height":800,"url":"https:\/\/nbcustoms.pt\/wp-content\/uploads\/2025\/10\/29565_02.jpg_800x800.jpg","type":"image\/jpeg"}],"twitter_card":"summary_large_image","twitter_misc":{"Est. reading time":"1 minute"},"schema":{"@context":"https:\/\/schema.org","@graph":[{"@type":"WebPage","@id":"https:\/\/nbcustoms.pt\/product\/farois-nevoeiro-transparentes-bmw-e81-e82-e87-e88-e84-e83-e70\/","url":"https:\/\/nbcustoms.pt\/product\/farois-nevoeiro-transparentes-bmw-e81-e82-e87-e88-e84-e83-e70\/","name":"Far\u00f3is de nevoeiro transparentes BMW E81\/E82\/E87\/E88\/E84\/E83\/E70 - NB Customs - Personaliza\u00e7\u00f5es BMW","isPartOf":{"@id":"https:\/\/nbcustoms.pt\/#website"},"primaryImageOfPage":{"@id":"https:\/\/nbcustoms.pt\/product\/farois-nevoeiro-transparentes-bmw-e81-e82-e87-e88-e84-e83-e70\/#primaryimage"},"image":{"@id":"https:\/\/nbcustoms.pt\/product\/farois-nevoeiro-transparentes-bmw-e81-e82-e87-e88-e84-e83-e70\/#primaryimage"},"thumbnailUrl":"https:\/\/nbcustoms.pt\/wp-content\/uploads\/2025\/10\/29565_02.jpg_800x800.jpg","datePublished":"2025-10-23T16:31:08+00:00","dateModified":"2026-03-12T14:20:16+00:00","breadcrumb":{"@id":"https:\/\/nbcustoms.pt\/product\/farois-nevoeiro-transparentes-bmw-e81-e82-e87-e88-e84-e83-e70\/#breadcrumb"},"inLanguage":"en-GB","potentialAction":[{"@type":"ReadAction","target":["https:\/\/nbcustoms.pt\/product\/farois-nevoeiro-transparentes-bmw-e81-e82-e87-e88-e84-e83-e70\/"]}]},{"@type":"ImageObject","inLanguage":"en-GB","@id":"https:\/\/nbcustoms.pt\/product\/farois-nevoeiro-transparentes-bmw-e81-e82-e87-e88-e84-e83-e70\/#primaryimage","url":"https:\/\/nbcustoms.pt\/wp-content\/uploads\/2025\/10\/29565_02.jpg_800x800.jpg","contentUrl":"https:\/\/nbcustoms.pt\/wp-content\/uploads\/2025\/10\/29565_02.jpg_800x800.jpg","width":800,"height":800},{"@type":"BreadcrumbList","@id":"https:\/\/nbcustoms.pt\/product\/farois-nevoeiro-transparentes-bmw-e81-e82-e87-e88-e84-e83-e70\/#breadcrumb","itemListElement":[{"@type":"ListItem","position":1,"name":"Home","item":"https:\/\/nbcustoms.pt\/"},{"@type":"ListItem","position":2,"name":"Loja","item":"https:\/\/nbcustoms.pt\/loja\/"},{"@type":"ListItem","position":3,"name":"Far\u00f3is de nevoeiro transparentes BMW E81\/E82\/E87\/E88\/E84\/E83\/E70"}]},{"@type":"WebSite","@id":"https:\/\/nbcustoms.pt\/#website","url":"https:\/\/nbcustoms.pt\/","name":"NB Customs - Personaliza\u00e7\u00f5es BMW","description":"Transforma o teu BMW com especialistas.","publisher":{"@id":"https:\/\/nbcustoms.pt\/#organization"},"potentialAction":[{"@type":"SearchAction","target":{"@type":"EntryPoint","urlTemplate":"https:\/\/nbcustoms.pt\/?s={search_term_string}"},"query-input":{"@type":"PropertyValueSpecification","valueRequired":true,"valueName":"search_term_string"}}],"inLanguage":"en-GB"},{"@type":"Organization","@id":"https:\/\/nbcustoms.pt\/#organization","name":"NB Customs - Personaliza\u00e7\u00f5es BMW","url":"https:\/\/nbcustoms.pt\/","logo":{"@type":"ImageObject","inLanguage":"en-GB","@id":"https:\/\/nbcustoms.pt\/#\/schema\/logo\/image\/","url":"https:\/\/nbcustoms.pt\/wp-content\/uploads\/2025\/12\/logo.jpg","contentUrl":"https:\/\/nbcustoms.pt\/wp-content\/uploads\/2025\/12\/logo.jpg","width":450,"height":450,"caption":"NB Customs - Personaliza\u00e7\u00f5es BMW"},"image":{"@id":"https:\/\/nbcustoms.pt\/#\/schema\/logo\/image\/"},"sameAs":["https:\/\/www.instagram.com\/nb_customs__\/"]}]}},"jetpack_sharing_enabled":true,"_links":{"self":[{"href":"https:\/\/nbcustoms.pt\/en\/wp-json\/wp\/v2\/product\/5270","targetHints":{"allow":["GET"]}}],"collection":[{"href":"https:\/\/nbcustoms.pt\/en\/wp-json\/wp\/v2\/product"}],"about":[{"href":"https:\/\/nbcustoms.pt\/en\/wp-json\/wp\/v2\/types\/product"}],"wp:featuredmedia":[{"embeddable":true,"href":"https:\/\/nbcustoms.pt\/en\/wp-json\/wp\/v2\/media\/5437"}],"wp:attachment":[{"href":"https:\/\/nbcustoms.pt\/en\/wp-json\/wp\/v2\/media?parent=5270"}],"wp:term":[{"taxonomy":"product_brand","embeddable":true,"href":"https:\/\/nbcustoms.pt\/en\/wp-json\/wp\/v2\/product_brand?post=5270"},{"taxonomy":"product_cat","embeddable":true,"href":"https:\/\/nbcustoms.pt\/en\/wp-json\/wp\/v2\/product_cat?post=5270"},{"taxonomy":"product_tag","embeddable":true,"href":"https:\/\/nbcustoms.pt\/en\/wp-json\/wp\/v2\/product_tag?post=5270"}],"curies":[{"name":"wp","href":"https:\/\/api.w.org\/{rel}","templated":true}]}}