{"id":4450,"date":"2025-10-23T16:10:51","date_gmt":"2025-10-23T16:10:51","guid":{"rendered":"https:\/\/v3.nbcustoms.pt\/?post_type=product&#038;p=4450"},"modified":"2026-03-10T11:52:47","modified_gmt":"2026-03-10T11:52:47","slug":"piscas-dinamicos-escurecidos-bmw-e81-e82-e87-e88-e90-e91-e92-e93","status":"publish","type":"product","link":"https:\/\/nbcustoms.pt\/en\/product\/piscas-dinamicos-escurecidos-bmw-e81-e82-e87-e88-e90-e91-e92-e93\/","title":{"rendered":"Piscas din\u00e2micos escurecidos BMW E81\/E82\/E87\/E88\/E90\/E91\/E92\/E93"},"content":{"rendered":"<p><strong><b>PISCAS DIN\u00c2MICOS ESCURECIDOS\u00a0<\/b><\/strong><\/p>\n<p><strong><b>Compat\u00edvel:\u00a0<\/b><\/strong>BMW s\u00e9rie 1 E81\/E82\/E87\/E88 e s\u00e9rie 3 E90\/E91\/E92\/E93<\/p>\n<p><strong><b>Material:<\/b><\/strong>\u00a0Pl\u00e1stico ABS<\/p>\n<p><strong>Cor:<\/strong> Escurecidos<\/p>\n<p><strong>Modelo:<\/strong> Din\u00e2micos<\/p>\n<p>Plug and play\/ Encaixes iguais OEM<\/p>\n<p>Caso tenha d\u00favidas na compatibilidade do produto com o seu carro entre em contacto<\/p>\n<p>Os artigos apresentados apenas s\u00e3o adequados para os modelos descritos<\/p>\n<p>Estes n\u00e3o s\u00e3o produtos originais da marca BMW<\/p>","protected":false},"excerpt":{"rendered":"<p>PISCAS DIN\u00c2MICOS ESCURECIDOS\u00a0 Compat\u00edvel:\u00a0BMW s\u00e9rie 1 E81\/E82\/E87\/E88 e s\u00e9rie 3 E90\/E91\/E92\/E93 Material:\u00a0Pl\u00e1stico ABS Cor: Escurecidos Modelo: Din\u00e2micos Plug and play\/ Encaixes iguais OEM Caso tenha d\u00favidas na compatibilidade do produto com o seu carro entre em contacto Os artigos apresentados apenas s\u00e3o adequados para os modelos descritos Estes n\u00e3o s\u00e3o produtos originais da marca BMW<\/p>","protected":false},"featured_media":6790,"template":"","meta":[],"product_brand":[162],"product_cat":[91,179,231,182,188,187,177,128,117],"product_tag":[100],"class_list":{"0":"post-4450","1":"product","2":"type-product","3":"status-publish","4":"has-post-thumbnail","6":"product_brand-bmw","7":"product_cat-e81","8":"product_cat-e82","9":"product_cat-e87","10":"product_cat-e88","11":"product_cat-e90","12":"product_cat-e91","13":"product_cat-e92","14":"product_cat-e93","15":"product_cat-iluminacao","16":"product_tag-piscas","17":"product_shipping_class-xs","19":"first","20":"instock","21":"taxable","22":"shipping-taxable","23":"purchasable","24":"product-type-simple"},"yoast_head":"<!-- This site is optimized with the Yoast SEO Premium plugin v26.6 (Yoast SEO v26.6) - https:\/\/yoast.com\/wordpress\/plugins\/seo\/ -->\n<title>Piscas din\u00e2micos escurecidos BMW E81\/E82\/E87\/E88\/E90\/E91\/E92\/E93 - NB Customs - Personaliza\u00e7\u00f5es BMW<\/title>\n<meta name=\"robots\" content=\"index, follow, max-snippet:-1, max-image-preview:large, max-video-preview:-1\" \/>\n<link rel=\"canonical\" href=\"https:\/\/nbcustoms.pt\/en\/product\/piscas-dinamicos-escurecidos-bmw-e81-e82-e87-e88-e90-e91-e92-e93\/\" \/>\n<meta property=\"og:locale\" content=\"en_GB\" \/>\n<meta property=\"og:type\" content=\"article\" \/>\n<meta property=\"og:title\" content=\"Piscas din\u00e2micos escurecidos BMW E81\/E82\/E87\/E88\/E90\/E91\/E92\/E93\" \/>\n<meta property=\"og:description\" content=\"PISCAS DIN\u00c2MICOS ESCURECIDOS\u00a0 Compat\u00edvel:\u00a0BMW s\u00e9rie 1 E81\/E82\/E87\/E88 e s\u00e9rie 3 E90\/E91\/E92\/E93 Material:\u00a0Pl\u00e1stico ABS Cor: Escurecidos Modelo: Din\u00e2micos Plug and play\/ Encaixes iguais OEM Caso tenha d\u00favidas na compatibilidade do produto com o seu carro entre em contacto Os artigos apresentados apenas s\u00e3o adequados para os modelos descritos Estes n\u00e3o s\u00e3o produtos originais da marca BMW\" \/>\n<meta property=\"og:url\" content=\"https:\/\/nbcustoms.pt\/en\/product\/piscas-dinamicos-escurecidos-bmw-e81-e82-e87-e88-e90-e91-e92-e93\/\" \/>\n<meta property=\"og:site_name\" content=\"NB Customs - Personaliza\u00e7\u00f5es BMW\" \/>\n<meta property=\"article:modified_time\" content=\"2026-03-10T11:52:47+00:00\" \/>\n<meta property=\"og:image\" content=\"https:\/\/nbcustoms.pt\/wp-content\/uploads\/2025\/10\/38200_1_01.jpg_1920x1920.jpg\" \/>\n\t<meta property=\"og:image:width\" content=\"1600\" \/>\n\t<meta property=\"og:image:height\" content=\"1600\" \/>\n\t<meta property=\"og:image:type\" content=\"image\/jpeg\" \/>\n<meta name=\"twitter:card\" content=\"summary_large_image\" \/>\n<meta name=\"twitter:label1\" content=\"Est. reading time\" \/>\n\t<meta name=\"twitter:data1\" content=\"1 minute\" \/>\n<script type=\"application\/ld+json\" class=\"yoast-schema-graph\">{\"@context\":\"https:\/\/schema.org\",\"@graph\":[{\"@type\":\"WebPage\",\"@id\":\"https:\/\/nbcustoms.pt\/product\/piscas-dinamicos-escurecidos-bmw-e81-e82-e87-e88-e90-e91-e92-e93\/\",\"url\":\"https:\/\/nbcustoms.pt\/product\/piscas-dinamicos-escurecidos-bmw-e81-e82-e87-e88-e90-e91-e92-e93\/\",\"name\":\"Piscas din\u00e2micos escurecidos BMW E81\/E82\/E87\/E88\/E90\/E91\/E92\/E93 - NB Customs - Personaliza\u00e7\u00f5es BMW\",\"isPartOf\":{\"@id\":\"https:\/\/nbcustoms.pt\/#website\"},\"primaryImageOfPage\":{\"@id\":\"https:\/\/nbcustoms.pt\/product\/piscas-dinamicos-escurecidos-bmw-e81-e82-e87-e88-e90-e91-e92-e93\/#primaryimage\"},\"image\":{\"@id\":\"https:\/\/nbcustoms.pt\/product\/piscas-dinamicos-escurecidos-bmw-e81-e82-e87-e88-e90-e91-e92-e93\/#primaryimage\"},\"thumbnailUrl\":\"https:\/\/nbcustoms.pt\/wp-content\/uploads\/2025\/10\/38200_1_01.jpg_1920x1920.jpg\",\"datePublished\":\"2025-10-23T16:10:51+00:00\",\"dateModified\":\"2026-03-10T11:52:47+00:00\",\"breadcrumb\":{\"@id\":\"https:\/\/nbcustoms.pt\/product\/piscas-dinamicos-escurecidos-bmw-e81-e82-e87-e88-e90-e91-e92-e93\/#breadcrumb\"},\"inLanguage\":\"en-GB\",\"potentialAction\":[{\"@type\":\"ReadAction\",\"target\":[\"https:\/\/nbcustoms.pt\/product\/piscas-dinamicos-escurecidos-bmw-e81-e82-e87-e88-e90-e91-e92-e93\/\"]}]},{\"@type\":\"ImageObject\",\"inLanguage\":\"en-GB\",\"@id\":\"https:\/\/nbcustoms.pt\/product\/piscas-dinamicos-escurecidos-bmw-e81-e82-e87-e88-e90-e91-e92-e93\/#primaryimage\",\"url\":\"https:\/\/nbcustoms.pt\/wp-content\/uploads\/2025\/10\/38200_1_01.jpg_1920x1920.jpg\",\"contentUrl\":\"https:\/\/nbcustoms.pt\/wp-content\/uploads\/2025\/10\/38200_1_01.jpg_1920x1920.jpg\",\"width\":1600,\"height\":1600},{\"@type\":\"BreadcrumbList\",\"@id\":\"https:\/\/nbcustoms.pt\/product\/piscas-dinamicos-escurecidos-bmw-e81-e82-e87-e88-e90-e91-e92-e93\/#breadcrumb\",\"itemListElement\":[{\"@type\":\"ListItem\",\"position\":1,\"name\":\"Home\",\"item\":\"https:\/\/nbcustoms.pt\/\"},{\"@type\":\"ListItem\",\"position\":2,\"name\":\"Loja\",\"item\":\"https:\/\/nbcustoms.pt\/loja\/\"},{\"@type\":\"ListItem\",\"position\":3,\"name\":\"Piscas din\u00e2micos escurecidos BMW E81\/E82\/E87\/E88\/E90\/E91\/E92\/E93\"}]},{\"@type\":\"WebSite\",\"@id\":\"https:\/\/nbcustoms.pt\/#website\",\"url\":\"https:\/\/nbcustoms.pt\/\",\"name\":\"NB Customs - Personaliza\u00e7\u00f5es BMW\",\"description\":\"Transforma o teu BMW com especialistas.\",\"publisher\":{\"@id\":\"https:\/\/nbcustoms.pt\/#organization\"},\"potentialAction\":[{\"@type\":\"SearchAction\",\"target\":{\"@type\":\"EntryPoint\",\"urlTemplate\":\"https:\/\/nbcustoms.pt\/?s={search_term_string}\"},\"query-input\":{\"@type\":\"PropertyValueSpecification\",\"valueRequired\":true,\"valueName\":\"search_term_string\"}}],\"inLanguage\":\"en-GB\"},{\"@type\":\"Organization\",\"@id\":\"https:\/\/nbcustoms.pt\/#organization\",\"name\":\"NB Customs - Personaliza\u00e7\u00f5es BMW\",\"url\":\"https:\/\/nbcustoms.pt\/\",\"logo\":{\"@type\":\"ImageObject\",\"inLanguage\":\"en-GB\",\"@id\":\"https:\/\/nbcustoms.pt\/#\/schema\/logo\/image\/\",\"url\":\"https:\/\/nbcustoms.pt\/wp-content\/uploads\/2025\/12\/logo.jpg\",\"contentUrl\":\"https:\/\/nbcustoms.pt\/wp-content\/uploads\/2025\/12\/logo.jpg\",\"width\":450,\"height\":450,\"caption\":\"NB Customs - Personaliza\u00e7\u00f5es BMW\"},\"image\":{\"@id\":\"https:\/\/nbcustoms.pt\/#\/schema\/logo\/image\/\"},\"sameAs\":[\"https:\/\/www.instagram.com\/nb_customs__\/\"]}]}<\/script>\n<!-- \/ Yoast SEO Premium plugin. -->","yoast_head_json":{"title":"Piscas din\u00e2micos escurecidos BMW E81\/E82\/E87\/E88\/E90\/E91\/E92\/E93 - NB Customs - Personaliza\u00e7\u00f5es BMW","robots":{"index":"index","follow":"follow","max-snippet":"max-snippet:-1","max-image-preview":"max-image-preview:large","max-video-preview":"max-video-preview:-1"},"canonical":"https:\/\/nbcustoms.pt\/en\/product\/piscas-dinamicos-escurecidos-bmw-e81-e82-e87-e88-e90-e91-e92-e93\/","og_locale":"en_GB","og_type":"article","og_title":"Piscas din\u00e2micos escurecidos BMW E81\/E82\/E87\/E88\/E90\/E91\/E92\/E93","og_description":"PISCAS DIN\u00c2MICOS ESCURECIDOS\u00a0 Compat\u00edvel:\u00a0BMW s\u00e9rie 1 E81\/E82\/E87\/E88 e s\u00e9rie 3 E90\/E91\/E92\/E93 Material:\u00a0Pl\u00e1stico ABS Cor: Escurecidos Modelo: Din\u00e2micos Plug and play\/ Encaixes iguais OEM Caso tenha d\u00favidas na compatibilidade do produto com o seu carro entre em contacto Os artigos apresentados apenas s\u00e3o adequados para os modelos descritos Estes n\u00e3o s\u00e3o produtos originais da marca BMW","og_url":"https:\/\/nbcustoms.pt\/en\/product\/piscas-dinamicos-escurecidos-bmw-e81-e82-e87-e88-e90-e91-e92-e93\/","og_site_name":"NB Customs - Personaliza\u00e7\u00f5es BMW","article_modified_time":"2026-03-10T11:52:47+00:00","og_image":[{"width":1600,"height":1600,"url":"https:\/\/nbcustoms.pt\/wp-content\/uploads\/2025\/10\/38200_1_01.jpg_1920x1920.jpg","type":"image\/jpeg"}],"twitter_card":"summary_large_image","twitter_misc":{"Est. reading time":"1 minute"},"schema":{"@context":"https:\/\/schema.org","@graph":[{"@type":"WebPage","@id":"https:\/\/nbcustoms.pt\/product\/piscas-dinamicos-escurecidos-bmw-e81-e82-e87-e88-e90-e91-e92-e93\/","url":"https:\/\/nbcustoms.pt\/product\/piscas-dinamicos-escurecidos-bmw-e81-e82-e87-e88-e90-e91-e92-e93\/","name":"Piscas din\u00e2micos escurecidos BMW E81\/E82\/E87\/E88\/E90\/E91\/E92\/E93 - NB Customs - Personaliza\u00e7\u00f5es BMW","isPartOf":{"@id":"https:\/\/nbcustoms.pt\/#website"},"primaryImageOfPage":{"@id":"https:\/\/nbcustoms.pt\/product\/piscas-dinamicos-escurecidos-bmw-e81-e82-e87-e88-e90-e91-e92-e93\/#primaryimage"},"image":{"@id":"https:\/\/nbcustoms.pt\/product\/piscas-dinamicos-escurecidos-bmw-e81-e82-e87-e88-e90-e91-e92-e93\/#primaryimage"},"thumbnailUrl":"https:\/\/nbcustoms.pt\/wp-content\/uploads\/2025\/10\/38200_1_01.jpg_1920x1920.jpg","datePublished":"2025-10-23T16:10:51+00:00","dateModified":"2026-03-10T11:52:47+00:00","breadcrumb":{"@id":"https:\/\/nbcustoms.pt\/product\/piscas-dinamicos-escurecidos-bmw-e81-e82-e87-e88-e90-e91-e92-e93\/#breadcrumb"},"inLanguage":"en-GB","potentialAction":[{"@type":"ReadAction","target":["https:\/\/nbcustoms.pt\/product\/piscas-dinamicos-escurecidos-bmw-e81-e82-e87-e88-e90-e91-e92-e93\/"]}]},{"@type":"ImageObject","inLanguage":"en-GB","@id":"https:\/\/nbcustoms.pt\/product\/piscas-dinamicos-escurecidos-bmw-e81-e82-e87-e88-e90-e91-e92-e93\/#primaryimage","url":"https:\/\/nbcustoms.pt\/wp-content\/uploads\/2025\/10\/38200_1_01.jpg_1920x1920.jpg","contentUrl":"https:\/\/nbcustoms.pt\/wp-content\/uploads\/2025\/10\/38200_1_01.jpg_1920x1920.jpg","width":1600,"height":1600},{"@type":"BreadcrumbList","@id":"https:\/\/nbcustoms.pt\/product\/piscas-dinamicos-escurecidos-bmw-e81-e82-e87-e88-e90-e91-e92-e93\/#breadcrumb","itemListElement":[{"@type":"ListItem","position":1,"name":"Home","item":"https:\/\/nbcustoms.pt\/"},{"@type":"ListItem","position":2,"name":"Loja","item":"https:\/\/nbcustoms.pt\/loja\/"},{"@type":"ListItem","position":3,"name":"Piscas din\u00e2micos escurecidos BMW E81\/E82\/E87\/E88\/E90\/E91\/E92\/E93"}]},{"@type":"WebSite","@id":"https:\/\/nbcustoms.pt\/#website","url":"https:\/\/nbcustoms.pt\/","name":"NB Customs - Personaliza\u00e7\u00f5es BMW","description":"Transforma o teu BMW com especialistas.","publisher":{"@id":"https:\/\/nbcustoms.pt\/#organization"},"potentialAction":[{"@type":"SearchAction","target":{"@type":"EntryPoint","urlTemplate":"https:\/\/nbcustoms.pt\/?s={search_term_string}"},"query-input":{"@type":"PropertyValueSpecification","valueRequired":true,"valueName":"search_term_string"}}],"inLanguage":"en-GB"},{"@type":"Organization","@id":"https:\/\/nbcustoms.pt\/#organization","name":"NB Customs - Personaliza\u00e7\u00f5es BMW","url":"https:\/\/nbcustoms.pt\/","logo":{"@type":"ImageObject","inLanguage":"en-GB","@id":"https:\/\/nbcustoms.pt\/#\/schema\/logo\/image\/","url":"https:\/\/nbcustoms.pt\/wp-content\/uploads\/2025\/12\/logo.jpg","contentUrl":"https:\/\/nbcustoms.pt\/wp-content\/uploads\/2025\/12\/logo.jpg","width":450,"height":450,"caption":"NB Customs - Personaliza\u00e7\u00f5es BMW"},"image":{"@id":"https:\/\/nbcustoms.pt\/#\/schema\/logo\/image\/"},"sameAs":["https:\/\/www.instagram.com\/nb_customs__\/"]}]}},"jetpack_sharing_enabled":true,"_links":{"self":[{"href":"https:\/\/nbcustoms.pt\/en\/wp-json\/wp\/v2\/product\/4450","targetHints":{"allow":["GET"]}}],"collection":[{"href":"https:\/\/nbcustoms.pt\/en\/wp-json\/wp\/v2\/product"}],"about":[{"href":"https:\/\/nbcustoms.pt\/en\/wp-json\/wp\/v2\/types\/product"}],"wp:featuredmedia":[{"embeddable":true,"href":"https:\/\/nbcustoms.pt\/en\/wp-json\/wp\/v2\/media\/6790"}],"wp:attachment":[{"href":"https:\/\/nbcustoms.pt\/en\/wp-json\/wp\/v2\/media?parent=4450"}],"wp:term":[{"taxonomy":"product_brand","embeddable":true,"href":"https:\/\/nbcustoms.pt\/en\/wp-json\/wp\/v2\/product_brand?post=4450"},{"taxonomy":"product_cat","embeddable":true,"href":"https:\/\/nbcustoms.pt\/en\/wp-json\/wp\/v2\/product_cat?post=4450"},{"taxonomy":"product_tag","embeddable":true,"href":"https:\/\/nbcustoms.pt\/en\/wp-json\/wp\/v2\/product_tag?post=4450"}],"curies":[{"name":"wp","href":"https:\/\/api.w.org\/{rel}","templated":true}]}}