{"id":11153,"date":"2026-03-18T17:19:16","date_gmt":"2026-03-18T17:19:16","guid":{"rendered":"https:\/\/nbcustoms.pt\/?post_type=product&#038;p=11153"},"modified":"2026-03-28T14:11:18","modified_gmt":"2026-03-28T14:11:18","slug":"body-kit-pack-m-bmw-f10-lci-13-17","status":"publish","type":"product","link":"https:\/\/nbcustoms.pt\/en\/product\/body-kit-pack-m-bmw-f10-lci-13-17\/","title":{"rendered":"Body Kit pack M BMW F10 lci (13-17)"},"content":{"rendered":"<p><strong><b>BODYKIT M PERFORMANCE BMW F10<\/b><\/strong><\/p>\n<p><strong><b>Compat\u00edvel:\u00a0<\/b><\/strong>BMW s\u00e9rie 5 F10 lci (2013-2017)<\/p>\n<p><strong>Modelo:\u00a0<\/strong>M Performance<\/p>\n<p><strong><b>Material:<\/b><\/strong>\u00a0Pl\u00e1stico<\/p>\n<p><strong>Cor:<\/strong>\u00a0Prim\u00e1rio (pronto a pintar)<\/p>\n<p><strong>Kit inclui:<\/strong><\/p>\n<ul>\n<li><strong>Para-choques frontal<\/strong><\/li>\n<li>Grelhas inferiores e acess\u00f3rios apresentados<\/li>\n<li><strong>Far\u00f3is de nevoeiro<\/strong><\/li>\n<li><strong>Embaladeiras<\/strong><\/li>\n<li><strong>Para-choques traseiro\u00a0<\/strong><\/li>\n<li><strong>Difusor\u00a0<\/strong>M Performance \u00e0 escolha (O\u2013O) (OO\u2014-), (OO\u2013OO) em preto brilhante<\/li>\n<li>Grelhas duplas (opcionais) em preto brilhante<\/li>\n<\/ul>\n<p>PDC (Fura\u00e7\u00e3o para sensores de estacionamento):\u00a0<strong>SIM<\/strong>\u00a0(caso n\u00e3o tenha sensores de estacionamento dever\u00e1 indicar ao efetuar a encomenda)<\/p>\n<p>Plug and play\/ Encaixes iguais OEM<\/p>\n<p>Caso tenha d\u00favidas na compatibilidade do produto com o seu carro entre em contacto<\/p>\n<p>Os artigos apresentados apenas s\u00e3o adequados para os modelos descritos<\/p>\n<p>Estes n\u00e3o s\u00e3o produtos originais da marca BMW<\/p>","protected":false},"excerpt":{"rendered":"<p>BODYKIT M PERFORMANCE BMW F10 Compat\u00edvel:\u00a0BMW s\u00e9rie 5 F10 lci (2013-2017) Modelo:\u00a0M Performance Material:\u00a0Pl\u00e1stico Cor:\u00a0Prim\u00e1rio (pronto a pintar) Kit inclui: Para-choques frontal Grelhas inferiores e acess\u00f3rios apresentados Far\u00f3is de nevoeiro Embaladeiras Para-choques traseiro\u00a0 Difusor\u00a0M Performance \u00e0 escolha (O\u2013O) (OO\u2014-), (OO\u2013OO) em preto brilhante Grelhas duplas (opcionais) em preto brilhante PDC (Fura\u00e7\u00e3o para sensores de estacionamento):\u00a0SIM\u00a0(caso [&hellip;]<\/p>\n","protected":false},"featured_media":11157,"template":"","meta":[],"product_brand":[162],"product_cat":[165,130,129],"product_tag":[113],"class_list":{"0":"post-11153","1":"product","2":"type-product","3":"status-publish","4":"has-post-thumbnail","6":"product_brand-bmw","7":"product_cat-bodykit","8":"product_cat-f10","9":"product_cat-serie-5","10":"product_tag-bodykit","12":"first","13":"instock","14":"taxable","15":"shipping-taxable","16":"purchasable","17":"product-type-variable"},"yoast_head":"<!-- This site is optimized with the Yoast SEO Premium plugin v26.6 (Yoast SEO v26.6) - https:\/\/yoast.com\/wordpress\/plugins\/seo\/ -->\n<title>Body Kit pack M BMW F10 lci (13-17) - NB Customs - Personaliza\u00e7\u00f5es BMW<\/title>\n<meta name=\"robots\" content=\"index, follow, max-snippet:-1, max-image-preview:large, max-video-preview:-1\" \/>\n<link rel=\"canonical\" href=\"https:\/\/nbcustoms.pt\/en\/product\/body-kit-pack-m-bmw-f10-lci-13-17\/\" \/>\n<meta property=\"og:locale\" content=\"en_GB\" \/>\n<meta property=\"og:type\" content=\"article\" \/>\n<meta property=\"og:title\" content=\"Body Kit pack M BMW F10 lci (13-17)\" \/>\n<meta property=\"og:description\" content=\"BODYKIT M PERFORMANCE BMW F10 Compat\u00edvel:\u00a0BMW s\u00e9rie 5 F10 lci (2013-2017) Modelo:\u00a0M Performance Material:\u00a0Pl\u00e1stico Cor:\u00a0Prim\u00e1rio (pronto a pintar) Kit inclui: Para-choques frontal Grelhas inferiores e acess\u00f3rios apresentados Far\u00f3is de nevoeiro Embaladeiras Para-choques traseiro\u00a0 Difusor\u00a0M Performance \u00e0 escolha (O\u2013O) (OO\u2014-), (OO\u2013OO) em preto brilhante Grelhas duplas (opcionais) em preto brilhante PDC (Fura\u00e7\u00e3o para sensores de estacionamento):\u00a0SIM\u00a0(caso [&hellip;]\" \/>\n<meta property=\"og:url\" content=\"https:\/\/nbcustoms.pt\/en\/product\/body-kit-pack-m-bmw-f10-lci-13-17\/\" \/>\n<meta property=\"og:site_name\" content=\"NB Customs - Personaliza\u00e7\u00f5es BMW\" \/>\n<meta property=\"article:modified_time\" content=\"2026-03-28T14:11:18+00:00\" \/>\n<meta property=\"og:image\" content=\"https:\/\/nbcustoms.pt\/wp-content\/uploads\/2026\/03\/4567867.jpg\" \/>\n\t<meta property=\"og:image:width\" content=\"800\" \/>\n\t<meta property=\"og:image:height\" content=\"800\" \/>\n\t<meta property=\"og:image:type\" content=\"image\/jpeg\" \/>\n<meta name=\"twitter:card\" content=\"summary_large_image\" \/>\n<meta name=\"twitter:label1\" content=\"Est. reading time\" \/>\n\t<meta name=\"twitter:data1\" content=\"1 minute\" \/>\n<script type=\"application\/ld+json\" class=\"yoast-schema-graph\">{\"@context\":\"https:\/\/schema.org\",\"@graph\":[{\"@type\":\"WebPage\",\"@id\":\"https:\/\/nbcustoms.pt\/product\/body-kit-pack-m-bmw-f10-lci-13-17\/\",\"url\":\"https:\/\/nbcustoms.pt\/product\/body-kit-pack-m-bmw-f10-lci-13-17\/\",\"name\":\"Body Kit pack M BMW F10 lci (13-17) - NB Customs - Personaliza\u00e7\u00f5es BMW\",\"isPartOf\":{\"@id\":\"https:\/\/nbcustoms.pt\/#website\"},\"primaryImageOfPage\":{\"@id\":\"https:\/\/nbcustoms.pt\/product\/body-kit-pack-m-bmw-f10-lci-13-17\/#primaryimage\"},\"image\":{\"@id\":\"https:\/\/nbcustoms.pt\/product\/body-kit-pack-m-bmw-f10-lci-13-17\/#primaryimage\"},\"thumbnailUrl\":\"https:\/\/nbcustoms.pt\/wp-content\/uploads\/2026\/03\/4567867.jpg\",\"datePublished\":\"2026-03-18T17:19:16+00:00\",\"dateModified\":\"2026-03-28T14:11:18+00:00\",\"breadcrumb\":{\"@id\":\"https:\/\/nbcustoms.pt\/product\/body-kit-pack-m-bmw-f10-lci-13-17\/#breadcrumb\"},\"inLanguage\":\"en-GB\",\"potentialAction\":[{\"@type\":\"ReadAction\",\"target\":[\"https:\/\/nbcustoms.pt\/product\/body-kit-pack-m-bmw-f10-lci-13-17\/\"]}]},{\"@type\":\"ImageObject\",\"inLanguage\":\"en-GB\",\"@id\":\"https:\/\/nbcustoms.pt\/product\/body-kit-pack-m-bmw-f10-lci-13-17\/#primaryimage\",\"url\":\"https:\/\/nbcustoms.pt\/wp-content\/uploads\/2026\/03\/4567867.jpg\",\"contentUrl\":\"https:\/\/nbcustoms.pt\/wp-content\/uploads\/2026\/03\/4567867.jpg\",\"width\":800,\"height\":800},{\"@type\":\"BreadcrumbList\",\"@id\":\"https:\/\/nbcustoms.pt\/product\/body-kit-pack-m-bmw-f10-lci-13-17\/#breadcrumb\",\"itemListElement\":[{\"@type\":\"ListItem\",\"position\":1,\"name\":\"Home\",\"item\":\"https:\/\/nbcustoms.pt\/\"},{\"@type\":\"ListItem\",\"position\":2,\"name\":\"Loja\",\"item\":\"https:\/\/nbcustoms.pt\/loja\/\"},{\"@type\":\"ListItem\",\"position\":3,\"name\":\"Body Kit pack M BMW F10 lci (13-17)\"}]},{\"@type\":\"WebSite\",\"@id\":\"https:\/\/nbcustoms.pt\/#website\",\"url\":\"https:\/\/nbcustoms.pt\/\",\"name\":\"NB Customs - Personaliza\u00e7\u00f5es BMW\",\"description\":\"Transforma o teu BMW com especialistas.\",\"publisher\":{\"@id\":\"https:\/\/nbcustoms.pt\/#organization\"},\"potentialAction\":[{\"@type\":\"SearchAction\",\"target\":{\"@type\":\"EntryPoint\",\"urlTemplate\":\"https:\/\/nbcustoms.pt\/?s={search_term_string}\"},\"query-input\":{\"@type\":\"PropertyValueSpecification\",\"valueRequired\":true,\"valueName\":\"search_term_string\"}}],\"inLanguage\":\"en-GB\"},{\"@type\":\"Organization\",\"@id\":\"https:\/\/nbcustoms.pt\/#organization\",\"name\":\"NB Customs - Personaliza\u00e7\u00f5es BMW\",\"url\":\"https:\/\/nbcustoms.pt\/\",\"logo\":{\"@type\":\"ImageObject\",\"inLanguage\":\"en-GB\",\"@id\":\"https:\/\/nbcustoms.pt\/#\/schema\/logo\/image\/\",\"url\":\"https:\/\/nbcustoms.pt\/wp-content\/uploads\/2025\/12\/logo.jpg\",\"contentUrl\":\"https:\/\/nbcustoms.pt\/wp-content\/uploads\/2025\/12\/logo.jpg\",\"width\":450,\"height\":450,\"caption\":\"NB Customs - Personaliza\u00e7\u00f5es BMW\"},\"image\":{\"@id\":\"https:\/\/nbcustoms.pt\/#\/schema\/logo\/image\/\"},\"sameAs\":[\"https:\/\/www.instagram.com\/nb_customs__\/\"]}]}<\/script>\n<!-- \/ Yoast SEO Premium plugin. -->","yoast_head_json":{"title":"Body Kit pack M BMW F10 lci (13-17) - NB Customs - Personaliza\u00e7\u00f5es BMW","robots":{"index":"index","follow":"follow","max-snippet":"max-snippet:-1","max-image-preview":"max-image-preview:large","max-video-preview":"max-video-preview:-1"},"canonical":"https:\/\/nbcustoms.pt\/en\/product\/body-kit-pack-m-bmw-f10-lci-13-17\/","og_locale":"en_GB","og_type":"article","og_title":"Body Kit pack M BMW F10 lci (13-17)","og_description":"BODYKIT M PERFORMANCE BMW F10 Compat\u00edvel:\u00a0BMW s\u00e9rie 5 F10 lci (2013-2017) Modelo:\u00a0M Performance Material:\u00a0Pl\u00e1stico Cor:\u00a0Prim\u00e1rio (pronto a pintar) Kit inclui: Para-choques frontal Grelhas inferiores e acess\u00f3rios apresentados Far\u00f3is de nevoeiro Embaladeiras Para-choques traseiro\u00a0 Difusor\u00a0M Performance \u00e0 escolha (O\u2013O) (OO\u2014-), (OO\u2013OO) em preto brilhante Grelhas duplas (opcionais) em preto brilhante PDC (Fura\u00e7\u00e3o para sensores de estacionamento):\u00a0SIM\u00a0(caso [&hellip;]","og_url":"https:\/\/nbcustoms.pt\/en\/product\/body-kit-pack-m-bmw-f10-lci-13-17\/","og_site_name":"NB Customs - Personaliza\u00e7\u00f5es BMW","article_modified_time":"2026-03-28T14:11:18+00:00","og_image":[{"width":800,"height":800,"url":"https:\/\/nbcustoms.pt\/wp-content\/uploads\/2026\/03\/4567867.jpg","type":"image\/jpeg"}],"twitter_card":"summary_large_image","twitter_misc":{"Est. reading time":"1 minute"},"schema":{"@context":"https:\/\/schema.org","@graph":[{"@type":"WebPage","@id":"https:\/\/nbcustoms.pt\/product\/body-kit-pack-m-bmw-f10-lci-13-17\/","url":"https:\/\/nbcustoms.pt\/product\/body-kit-pack-m-bmw-f10-lci-13-17\/","name":"Body Kit pack M BMW F10 lci (13-17) - NB Customs - Personaliza\u00e7\u00f5es BMW","isPartOf":{"@id":"https:\/\/nbcustoms.pt\/#website"},"primaryImageOfPage":{"@id":"https:\/\/nbcustoms.pt\/product\/body-kit-pack-m-bmw-f10-lci-13-17\/#primaryimage"},"image":{"@id":"https:\/\/nbcustoms.pt\/product\/body-kit-pack-m-bmw-f10-lci-13-17\/#primaryimage"},"thumbnailUrl":"https:\/\/nbcustoms.pt\/wp-content\/uploads\/2026\/03\/4567867.jpg","datePublished":"2026-03-18T17:19:16+00:00","dateModified":"2026-03-28T14:11:18+00:00","breadcrumb":{"@id":"https:\/\/nbcustoms.pt\/product\/body-kit-pack-m-bmw-f10-lci-13-17\/#breadcrumb"},"inLanguage":"en-GB","potentialAction":[{"@type":"ReadAction","target":["https:\/\/nbcustoms.pt\/product\/body-kit-pack-m-bmw-f10-lci-13-17\/"]}]},{"@type":"ImageObject","inLanguage":"en-GB","@id":"https:\/\/nbcustoms.pt\/product\/body-kit-pack-m-bmw-f10-lci-13-17\/#primaryimage","url":"https:\/\/nbcustoms.pt\/wp-content\/uploads\/2026\/03\/4567867.jpg","contentUrl":"https:\/\/nbcustoms.pt\/wp-content\/uploads\/2026\/03\/4567867.jpg","width":800,"height":800},{"@type":"BreadcrumbList","@id":"https:\/\/nbcustoms.pt\/product\/body-kit-pack-m-bmw-f10-lci-13-17\/#breadcrumb","itemListElement":[{"@type":"ListItem","position":1,"name":"Home","item":"https:\/\/nbcustoms.pt\/"},{"@type":"ListItem","position":2,"name":"Loja","item":"https:\/\/nbcustoms.pt\/loja\/"},{"@type":"ListItem","position":3,"name":"Body Kit pack M BMW F10 lci (13-17)"}]},{"@type":"WebSite","@id":"https:\/\/nbcustoms.pt\/#website","url":"https:\/\/nbcustoms.pt\/","name":"NB Customs - Personaliza\u00e7\u00f5es BMW","description":"Transforma o teu BMW com especialistas.","publisher":{"@id":"https:\/\/nbcustoms.pt\/#organization"},"potentialAction":[{"@type":"SearchAction","target":{"@type":"EntryPoint","urlTemplate":"https:\/\/nbcustoms.pt\/?s={search_term_string}"},"query-input":{"@type":"PropertyValueSpecification","valueRequired":true,"valueName":"search_term_string"}}],"inLanguage":"en-GB"},{"@type":"Organization","@id":"https:\/\/nbcustoms.pt\/#organization","name":"NB Customs - Personaliza\u00e7\u00f5es BMW","url":"https:\/\/nbcustoms.pt\/","logo":{"@type":"ImageObject","inLanguage":"en-GB","@id":"https:\/\/nbcustoms.pt\/#\/schema\/logo\/image\/","url":"https:\/\/nbcustoms.pt\/wp-content\/uploads\/2025\/12\/logo.jpg","contentUrl":"https:\/\/nbcustoms.pt\/wp-content\/uploads\/2025\/12\/logo.jpg","width":450,"height":450,"caption":"NB Customs - Personaliza\u00e7\u00f5es BMW"},"image":{"@id":"https:\/\/nbcustoms.pt\/#\/schema\/logo\/image\/"},"sameAs":["https:\/\/www.instagram.com\/nb_customs__\/"]}]}},"jetpack_sharing_enabled":true,"_links":{"self":[{"href":"https:\/\/nbcustoms.pt\/en\/wp-json\/wp\/v2\/product\/11153","targetHints":{"allow":["GET"]}}],"collection":[{"href":"https:\/\/nbcustoms.pt\/en\/wp-json\/wp\/v2\/product"}],"about":[{"href":"https:\/\/nbcustoms.pt\/en\/wp-json\/wp\/v2\/types\/product"}],"wp:featuredmedia":[{"embeddable":true,"href":"https:\/\/nbcustoms.pt\/en\/wp-json\/wp\/v2\/media\/11157"}],"wp:attachment":[{"href":"https:\/\/nbcustoms.pt\/en\/wp-json\/wp\/v2\/media?parent=11153"}],"wp:term":[{"taxonomy":"product_brand","embeddable":true,"href":"https:\/\/nbcustoms.pt\/en\/wp-json\/wp\/v2\/product_brand?post=11153"},{"taxonomy":"product_cat","embeddable":true,"href":"https:\/\/nbcustoms.pt\/en\/wp-json\/wp\/v2\/product_cat?post=11153"},{"taxonomy":"product_tag","embeddable":true,"href":"https:\/\/nbcustoms.pt\/en\/wp-json\/wp\/v2\/product_tag?post=11153"}],"curies":[{"name":"wp","href":"https:\/\/api.w.org\/{rel}","templated":true}]}}