{"id":11000,"date":"2026-03-17T13:53:58","date_gmt":"2026-03-17T13:53:58","guid":{"rendered":"https:\/\/nbcustoms.pt\/?post_type=product&#038;p=11000"},"modified":"2026-03-18T10:58:49","modified_gmt":"2026-03-18T10:58:49","slug":"difusor-nb-performance-oo-oobmw-f20-f21-pre-11-15","status":"publish","type":"product","link":"https:\/\/nbcustoms.pt\/en\/product\/difusor-nb-performance-oo-oobmw-f20-f21-pre-11-15\/","title":{"rendered":"Difusor NB Performance (OO&#8212;OO)BMW F20\/F21 pr\u00e9 (11-15)"},"content":{"rendered":"<p><strong><b>DIFUSOR NB PERFORMANCE BMW F20\/F21\u00a0<\/b><\/strong><\/p>\n<p><strong><b>Compat\u00edvel:\u00a0<\/b><\/strong>BMW s\u00e9rie 1 F20\/F21 pr\u00e9-lci (2011-2015) com para-choques pack M<\/p>\n<p><strong><b>Modelo:\u00a0<\/b><\/strong>NB Performance (OO&#8211;OO)<\/p>\n<p><strong><b>Material:\u00a0<\/b><\/strong>Fibra de vidro<\/p>\n<p><b>Cor:\u00a0<\/b>Preto brilhante<\/p>\n<p>Plug and play\/ Encaixe perfeito\/ iguais OEM<\/p>\n<p>Caso tenha d\u00favidas na compatibilidade do produto com o seu carro entre em contacto<\/p>\n<p>Os artigos apresentados apenas s\u00e3o adequados para os modelos descritos<\/p>\n<p>Estes n\u00e3o s\u00e3o produtos originais da marca BMW<\/p>","protected":false},"excerpt":{"rendered":"<p>DIFUSOR NB PERFORMANCE BMW F20\/F21\u00a0 Compat\u00edvel:\u00a0BMW s\u00e9rie 1 F20\/F21 pr\u00e9-lci (2011-2015) com para-choques pack M Modelo:\u00a0NB Performance (OO&#8211;OO) Material:\u00a0Fibra de vidro Cor:\u00a0Preto brilhante Plug and play\/ Encaixe perfeito\/ iguais OEM Caso tenha d\u00favidas na compatibilidade do produto com o seu carro entre em contacto Os artigos apresentados apenas s\u00e3o adequados para os modelos descritos Estes [&hellip;]<\/p>\n","protected":false},"featured_media":11001,"template":"","meta":[],"product_brand":[166],"product_cat":[95,232,90],"product_tag":[101],"class_list":{"0":"post-11000","1":"product","2":"type-product","3":"status-publish","4":"has-post-thumbnail","6":"product_brand-nb-customs","7":"product_cat-f20","8":"product_cat-f21","9":"product_cat-serie-1","10":"product_tag-difusor","11":"product_shipping_class-xl","13":"first","14":"instock","15":"taxable","16":"shipping-taxable","17":"purchasable","18":"product-type-simple"},"yoast_head":"<!-- This site is optimized with the Yoast SEO Premium plugin v26.6 (Yoast SEO v26.6) - https:\/\/yoast.com\/wordpress\/plugins\/seo\/ -->\n<title>Difusor NB Performance (OO-OO)BMW F20\/F21 pr\u00e9 (11-15) - NB Customs - Personaliza\u00e7\u00f5es BMW<\/title>\n<meta name=\"robots\" content=\"index, follow, max-snippet:-1, max-image-preview:large, max-video-preview:-1\" \/>\n<link rel=\"canonical\" href=\"https:\/\/nbcustoms.pt\/en\/product\/difusor-nb-performance-oo-oobmw-f20-f21-pre-11-15\/\" \/>\n<meta property=\"og:locale\" content=\"en_GB\" \/>\n<meta property=\"og:type\" content=\"article\" \/>\n<meta property=\"og:title\" content=\"Difusor NB Performance (OO---OO)BMW F20\/F21 pr\u00e9 (11-15)\" \/>\n<meta property=\"og:description\" content=\"DIFUSOR NB PERFORMANCE BMW F20\/F21\u00a0 Compat\u00edvel:\u00a0BMW s\u00e9rie 1 F20\/F21 pr\u00e9-lci (2011-2015) com para-choques pack M Modelo:\u00a0NB Performance (OO&#8211;OO) Material:\u00a0Fibra de vidro Cor:\u00a0Preto brilhante Plug and play\/ Encaixe perfeito\/ iguais OEM Caso tenha d\u00favidas na compatibilidade do produto com o seu carro entre em contacto Os artigos apresentados apenas s\u00e3o adequados para os modelos descritos Estes [&hellip;]\" \/>\n<meta property=\"og:url\" content=\"https:\/\/nbcustoms.pt\/en\/product\/difusor-nb-performance-oo-oobmw-f20-f21-pre-11-15\/\" \/>\n<meta property=\"og:site_name\" content=\"NB Customs - Personaliza\u00e7\u00f5es BMW\" \/>\n<meta property=\"article:modified_time\" content=\"2026-03-18T10:58:49+00:00\" \/>\n<meta property=\"og:image\" content=\"https:\/\/nbcustoms.pt\/wp-content\/uploads\/2026\/03\/456786486.jpg\" \/>\n\t<meta property=\"og:image:width\" content=\"1024\" \/>\n\t<meta property=\"og:image:height\" content=\"1024\" \/>\n\t<meta property=\"og:image:type\" content=\"image\/jpeg\" \/>\n<meta name=\"twitter:card\" content=\"summary_large_image\" \/>\n<meta name=\"twitter:label1\" content=\"Est. reading time\" \/>\n\t<meta name=\"twitter:data1\" content=\"1 minute\" \/>\n<script type=\"application\/ld+json\" class=\"yoast-schema-graph\">{\"@context\":\"https:\/\/schema.org\",\"@graph\":[{\"@type\":\"WebPage\",\"@id\":\"https:\/\/nbcustoms.pt\/product\/difusor-nb-performance-oo-oobmw-f20-f21-pre-11-15\/\",\"url\":\"https:\/\/nbcustoms.pt\/product\/difusor-nb-performance-oo-oobmw-f20-f21-pre-11-15\/\",\"name\":\"Difusor NB Performance (OO-OO)BMW F20\/F21 pr\u00e9 (11-15) - NB Customs - Personaliza\u00e7\u00f5es BMW\",\"isPartOf\":{\"@id\":\"https:\/\/nbcustoms.pt\/#website\"},\"primaryImageOfPage\":{\"@id\":\"https:\/\/nbcustoms.pt\/product\/difusor-nb-performance-oo-oobmw-f20-f21-pre-11-15\/#primaryimage\"},\"image\":{\"@id\":\"https:\/\/nbcustoms.pt\/product\/difusor-nb-performance-oo-oobmw-f20-f21-pre-11-15\/#primaryimage\"},\"thumbnailUrl\":\"https:\/\/nbcustoms.pt\/wp-content\/uploads\/2026\/03\/456786486.jpg\",\"datePublished\":\"2026-03-17T13:53:58+00:00\",\"dateModified\":\"2026-03-18T10:58:49+00:00\",\"breadcrumb\":{\"@id\":\"https:\/\/nbcustoms.pt\/product\/difusor-nb-performance-oo-oobmw-f20-f21-pre-11-15\/#breadcrumb\"},\"inLanguage\":\"en-GB\",\"potentialAction\":[{\"@type\":\"ReadAction\",\"target\":[\"https:\/\/nbcustoms.pt\/product\/difusor-nb-performance-oo-oobmw-f20-f21-pre-11-15\/\"]}]},{\"@type\":\"ImageObject\",\"inLanguage\":\"en-GB\",\"@id\":\"https:\/\/nbcustoms.pt\/product\/difusor-nb-performance-oo-oobmw-f20-f21-pre-11-15\/#primaryimage\",\"url\":\"https:\/\/nbcustoms.pt\/wp-content\/uploads\/2026\/03\/456786486.jpg\",\"contentUrl\":\"https:\/\/nbcustoms.pt\/wp-content\/uploads\/2026\/03\/456786486.jpg\",\"width\":1024,\"height\":1024},{\"@type\":\"BreadcrumbList\",\"@id\":\"https:\/\/nbcustoms.pt\/product\/difusor-nb-performance-oo-oobmw-f20-f21-pre-11-15\/#breadcrumb\",\"itemListElement\":[{\"@type\":\"ListItem\",\"position\":1,\"name\":\"Home\",\"item\":\"https:\/\/nbcustoms.pt\/\"},{\"@type\":\"ListItem\",\"position\":2,\"name\":\"Loja\",\"item\":\"https:\/\/nbcustoms.pt\/loja\/\"},{\"@type\":\"ListItem\",\"position\":3,\"name\":\"Difusor NB Performance (OO&#8212;OO)BMW F20\/F21 pr\u00e9 (11-15)\"}]},{\"@type\":\"WebSite\",\"@id\":\"https:\/\/nbcustoms.pt\/#website\",\"url\":\"https:\/\/nbcustoms.pt\/\",\"name\":\"NB Customs - Personaliza\u00e7\u00f5es BMW\",\"description\":\"Transforma o teu BMW com especialistas.\",\"publisher\":{\"@id\":\"https:\/\/nbcustoms.pt\/#organization\"},\"potentialAction\":[{\"@type\":\"SearchAction\",\"target\":{\"@type\":\"EntryPoint\",\"urlTemplate\":\"https:\/\/nbcustoms.pt\/?s={search_term_string}\"},\"query-input\":{\"@type\":\"PropertyValueSpecification\",\"valueRequired\":true,\"valueName\":\"search_term_string\"}}],\"inLanguage\":\"en-GB\"},{\"@type\":\"Organization\",\"@id\":\"https:\/\/nbcustoms.pt\/#organization\",\"name\":\"NB Customs - Personaliza\u00e7\u00f5es BMW\",\"url\":\"https:\/\/nbcustoms.pt\/\",\"logo\":{\"@type\":\"ImageObject\",\"inLanguage\":\"en-GB\",\"@id\":\"https:\/\/nbcustoms.pt\/#\/schema\/logo\/image\/\",\"url\":\"https:\/\/nbcustoms.pt\/wp-content\/uploads\/2025\/12\/logo.jpg\",\"contentUrl\":\"https:\/\/nbcustoms.pt\/wp-content\/uploads\/2025\/12\/logo.jpg\",\"width\":450,\"height\":450,\"caption\":\"NB Customs - Personaliza\u00e7\u00f5es BMW\"},\"image\":{\"@id\":\"https:\/\/nbcustoms.pt\/#\/schema\/logo\/image\/\"},\"sameAs\":[\"https:\/\/www.instagram.com\/nb_customs__\/\"]}]}<\/script>\n<!-- \/ Yoast SEO Premium plugin. -->","yoast_head_json":{"title":"Difusor NB Performance (OO-OO)BMW F20\/F21 pr\u00e9 (11-15) - NB Customs - Personaliza\u00e7\u00f5es BMW","robots":{"index":"index","follow":"follow","max-snippet":"max-snippet:-1","max-image-preview":"max-image-preview:large","max-video-preview":"max-video-preview:-1"},"canonical":"https:\/\/nbcustoms.pt\/en\/product\/difusor-nb-performance-oo-oobmw-f20-f21-pre-11-15\/","og_locale":"en_GB","og_type":"article","og_title":"Difusor NB Performance (OO---OO)BMW F20\/F21 pr\u00e9 (11-15)","og_description":"DIFUSOR NB PERFORMANCE BMW F20\/F21\u00a0 Compat\u00edvel:\u00a0BMW s\u00e9rie 1 F20\/F21 pr\u00e9-lci (2011-2015) com para-choques pack M Modelo:\u00a0NB Performance (OO&#8211;OO) Material:\u00a0Fibra de vidro Cor:\u00a0Preto brilhante Plug and play\/ Encaixe perfeito\/ iguais OEM Caso tenha d\u00favidas na compatibilidade do produto com o seu carro entre em contacto Os artigos apresentados apenas s\u00e3o adequados para os modelos descritos Estes [&hellip;]","og_url":"https:\/\/nbcustoms.pt\/en\/product\/difusor-nb-performance-oo-oobmw-f20-f21-pre-11-15\/","og_site_name":"NB Customs - Personaliza\u00e7\u00f5es BMW","article_modified_time":"2026-03-18T10:58:49+00:00","og_image":[{"width":1024,"height":1024,"url":"https:\/\/nbcustoms.pt\/wp-content\/uploads\/2026\/03\/456786486.jpg","type":"image\/jpeg"}],"twitter_card":"summary_large_image","twitter_misc":{"Est. reading time":"1 minute"},"schema":{"@context":"https:\/\/schema.org","@graph":[{"@type":"WebPage","@id":"https:\/\/nbcustoms.pt\/product\/difusor-nb-performance-oo-oobmw-f20-f21-pre-11-15\/","url":"https:\/\/nbcustoms.pt\/product\/difusor-nb-performance-oo-oobmw-f20-f21-pre-11-15\/","name":"Difusor NB Performance (OO-OO)BMW F20\/F21 pr\u00e9 (11-15) - NB Customs - Personaliza\u00e7\u00f5es BMW","isPartOf":{"@id":"https:\/\/nbcustoms.pt\/#website"},"primaryImageOfPage":{"@id":"https:\/\/nbcustoms.pt\/product\/difusor-nb-performance-oo-oobmw-f20-f21-pre-11-15\/#primaryimage"},"image":{"@id":"https:\/\/nbcustoms.pt\/product\/difusor-nb-performance-oo-oobmw-f20-f21-pre-11-15\/#primaryimage"},"thumbnailUrl":"https:\/\/nbcustoms.pt\/wp-content\/uploads\/2026\/03\/456786486.jpg","datePublished":"2026-03-17T13:53:58+00:00","dateModified":"2026-03-18T10:58:49+00:00","breadcrumb":{"@id":"https:\/\/nbcustoms.pt\/product\/difusor-nb-performance-oo-oobmw-f20-f21-pre-11-15\/#breadcrumb"},"inLanguage":"en-GB","potentialAction":[{"@type":"ReadAction","target":["https:\/\/nbcustoms.pt\/product\/difusor-nb-performance-oo-oobmw-f20-f21-pre-11-15\/"]}]},{"@type":"ImageObject","inLanguage":"en-GB","@id":"https:\/\/nbcustoms.pt\/product\/difusor-nb-performance-oo-oobmw-f20-f21-pre-11-15\/#primaryimage","url":"https:\/\/nbcustoms.pt\/wp-content\/uploads\/2026\/03\/456786486.jpg","contentUrl":"https:\/\/nbcustoms.pt\/wp-content\/uploads\/2026\/03\/456786486.jpg","width":1024,"height":1024},{"@type":"BreadcrumbList","@id":"https:\/\/nbcustoms.pt\/product\/difusor-nb-performance-oo-oobmw-f20-f21-pre-11-15\/#breadcrumb","itemListElement":[{"@type":"ListItem","position":1,"name":"Home","item":"https:\/\/nbcustoms.pt\/"},{"@type":"ListItem","position":2,"name":"Loja","item":"https:\/\/nbcustoms.pt\/loja\/"},{"@type":"ListItem","position":3,"name":"Difusor NB Performance (OO&#8212;OO)BMW F20\/F21 pr\u00e9 (11-15)"}]},{"@type":"WebSite","@id":"https:\/\/nbcustoms.pt\/#website","url":"https:\/\/nbcustoms.pt\/","name":"NB Customs - Personaliza\u00e7\u00f5es BMW","description":"Transforma o teu BMW com especialistas.","publisher":{"@id":"https:\/\/nbcustoms.pt\/#organization"},"potentialAction":[{"@type":"SearchAction","target":{"@type":"EntryPoint","urlTemplate":"https:\/\/nbcustoms.pt\/?s={search_term_string}"},"query-input":{"@type":"PropertyValueSpecification","valueRequired":true,"valueName":"search_term_string"}}],"inLanguage":"en-GB"},{"@type":"Organization","@id":"https:\/\/nbcustoms.pt\/#organization","name":"NB Customs - Personaliza\u00e7\u00f5es BMW","url":"https:\/\/nbcustoms.pt\/","logo":{"@type":"ImageObject","inLanguage":"en-GB","@id":"https:\/\/nbcustoms.pt\/#\/schema\/logo\/image\/","url":"https:\/\/nbcustoms.pt\/wp-content\/uploads\/2025\/12\/logo.jpg","contentUrl":"https:\/\/nbcustoms.pt\/wp-content\/uploads\/2025\/12\/logo.jpg","width":450,"height":450,"caption":"NB Customs - Personaliza\u00e7\u00f5es BMW"},"image":{"@id":"https:\/\/nbcustoms.pt\/#\/schema\/logo\/image\/"},"sameAs":["https:\/\/www.instagram.com\/nb_customs__\/"]}]}},"jetpack_sharing_enabled":true,"_links":{"self":[{"href":"https:\/\/nbcustoms.pt\/en\/wp-json\/wp\/v2\/product\/11000","targetHints":{"allow":["GET"]}}],"collection":[{"href":"https:\/\/nbcustoms.pt\/en\/wp-json\/wp\/v2\/product"}],"about":[{"href":"https:\/\/nbcustoms.pt\/en\/wp-json\/wp\/v2\/types\/product"}],"wp:featuredmedia":[{"embeddable":true,"href":"https:\/\/nbcustoms.pt\/en\/wp-json\/wp\/v2\/media\/11001"}],"wp:attachment":[{"href":"https:\/\/nbcustoms.pt\/en\/wp-json\/wp\/v2\/media?parent=11000"}],"wp:term":[{"taxonomy":"product_brand","embeddable":true,"href":"https:\/\/nbcustoms.pt\/en\/wp-json\/wp\/v2\/product_brand?post=11000"},{"taxonomy":"product_cat","embeddable":true,"href":"https:\/\/nbcustoms.pt\/en\/wp-json\/wp\/v2\/product_cat?post=11000"},{"taxonomy":"product_tag","embeddable":true,"href":"https:\/\/nbcustoms.pt\/en\/wp-json\/wp\/v2\/product_tag?post=11000"}],"curies":[{"name":"wp","href":"https:\/\/api.w.org\/{rel}","templated":true}]}}