{"id":10789,"date":"2026-02-24T12:11:29","date_gmt":"2026-02-24T12:11:29","guid":{"rendered":"https:\/\/nbcustoms.pt\/?post_type=product&#038;p=10789"},"modified":"2026-03-12T15:14:57","modified_gmt":"2026-03-12T15:14:57","slug":"body-kit-m-performance-bmw-f20-f21-pre-11-15","status":"publish","type":"product","link":"https:\/\/nbcustoms.pt\/en\/product\/body-kit-m-performance-bmw-f20-f21-pre-11-15\/","title":{"rendered":"Body Kit M Performance BMW F20\/F21 pr\u00e9 (11-15)"},"content":{"rendered":"<div>\n<p><strong><b>BODY KIT PACK M BMW F20\/ F21<\/b><\/strong><\/p>\n<p><strong><b>Compat\u00edvel:\u00a0<\/b><\/strong>BMW s\u00e9rie 1 F20\/ F21 pr\u00e9-lci (2011-2015)<\/p>\n<p><strong><b>Modelo: <\/b><\/strong>M Performance<\/p>\n<p><strong><b>Material:\u00a0<\/b><\/strong>Pl\u00e1stico\/ L\u00e2minas: Fibra de vidro<\/p>\n<\/div>\n<div>\n<div>\n<p><strong>Kit inclui:<\/strong><\/p>\n<ul>\n<li><strong>Para-choques frontal<\/strong><\/li>\n<li>Grelhas inferiores e acess\u00f3rios apresentados<\/li>\n<li><strong>Embaladeiras<\/strong><\/li>\n<li><strong>Para-choques traseiro<\/strong><\/li>\n<li><strong>Difusor<\/strong> traseiro M Performance \u00e0 escolha (O&#8211;O), (O&#8211;\u2013), (OO\u2013&#8211;) em preto brilhante<\/li>\n<li><strong>L\u00e2minas laterais<\/strong> look mx em preto brilhante<\/li>\n<li><strong>Lip M Performance<\/strong> em preto brilhante<\/li>\n<\/ul>\n<\/div>\n<div>\n<p>PDC (Fura\u00e7\u00e3o para sensores de estacionamento): <strong>SIM<\/strong> (caso n\u00e3o tenha sensores de estacionamento dever\u00e1 indicar ao efetuar a encomenda)<\/p>\n<p>Plug and play\/ Encaixes iguais OEM<\/p>\n<p>Pre\u00e7o especial de conjunto<\/p>\n<p>Caso tenha d\u00favidas na compatibilidade do produto com o seu carro entre em contacto<\/p>\n<p>Os artigos apresentados apenas s\u00e3o adequados para os modelos descritos<\/p>\n<p>Estes n\u00e3o s\u00e3o produtos originais da marca BMW<\/p>\n<\/div>\n<\/div>","protected":false},"excerpt":{"rendered":"<p>BODY KIT PACK M BMW F20\/ F21 Compat\u00edvel:\u00a0BMW s\u00e9rie 1 F20\/ F21 pr\u00e9-lci (2011-2015) Modelo: M Performance Material:\u00a0Pl\u00e1stico\/ L\u00e2minas: Fibra de vidro Kit inclui: Para-choques frontal Grelhas inferiores e acess\u00f3rios apresentados Embaladeiras Para-choques traseiro Difusor traseiro M Performance \u00e0 escolha (O&#8211;O), (O&#8211;\u2013), (OO\u2013&#8211;) em preto brilhante L\u00e2minas laterais look mx em preto brilhante Lip M [&hellip;]<\/p>\n","protected":false},"featured_media":10792,"template":"","meta":[],"product_brand":[162],"product_cat":[165,95,232,90],"product_tag":[113],"class_list":{"0":"post-10789","1":"product","2":"type-product","3":"status-publish","4":"has-post-thumbnail","6":"product_brand-bmw","7":"product_cat-bodykit","8":"product_cat-f20","9":"product_cat-f21","10":"product_cat-serie-1","11":"product_tag-bodykit","12":"product_shipping_class-especial","14":"first","15":"instock","16":"taxable","17":"shipping-taxable","18":"purchasable","19":"product-type-variable"},"yoast_head":"<!-- This site is optimized with the Yoast SEO Premium plugin v26.6 (Yoast SEO v26.6) - https:\/\/yoast.com\/wordpress\/plugins\/seo\/ -->\n<title>Body Kit M Performance BMW F20\/F21 pr\u00e9 (11-15) - NB Customs - Personaliza\u00e7\u00f5es BMW<\/title>\n<meta name=\"robots\" content=\"index, follow, max-snippet:-1, max-image-preview:large, max-video-preview:-1\" \/>\n<link rel=\"canonical\" href=\"https:\/\/nbcustoms.pt\/en\/product\/body-kit-m-performance-bmw-f20-f21-pre-11-15\/\" \/>\n<meta property=\"og:locale\" content=\"en_GB\" \/>\n<meta property=\"og:type\" content=\"article\" \/>\n<meta property=\"og:title\" content=\"Body Kit M Performance BMW F20\/F21 pr\u00e9 (11-15)\" \/>\n<meta property=\"og:description\" content=\"BODY KIT PACK M BMW F20\/ F21 Compat\u00edvel:\u00a0BMW s\u00e9rie 1 F20\/ F21 pr\u00e9-lci (2011-2015) Modelo: M Performance Material:\u00a0Pl\u00e1stico\/ L\u00e2minas: Fibra de vidro Kit inclui: Para-choques frontal Grelhas inferiores e acess\u00f3rios apresentados Embaladeiras Para-choques traseiro Difusor traseiro M Performance \u00e0 escolha (O&#8211;O), (O&#8211;\u2013), (OO\u2013&#8211;) em preto brilhante L\u00e2minas laterais look mx em preto brilhante Lip M [&hellip;]\" \/>\n<meta property=\"og:url\" content=\"https:\/\/nbcustoms.pt\/en\/product\/body-kit-m-performance-bmw-f20-f21-pre-11-15\/\" \/>\n<meta property=\"og:site_name\" content=\"NB Customs - Personaliza\u00e7\u00f5es BMW\" \/>\n<meta property=\"article:modified_time\" content=\"2026-03-12T15:14:57+00:00\" \/>\n<meta property=\"og:image\" content=\"https:\/\/nbcustoms.pt\/wp-content\/uploads\/2026\/02\/465464615.jpg\" \/>\n\t<meta property=\"og:image:width\" content=\"800\" \/>\n\t<meta property=\"og:image:height\" content=\"800\" \/>\n\t<meta property=\"og:image:type\" content=\"image\/jpeg\" \/>\n<meta name=\"twitter:card\" content=\"summary_large_image\" \/>\n<meta name=\"twitter:label1\" content=\"Est. reading time\" \/>\n\t<meta name=\"twitter:data1\" content=\"1 minute\" \/>\n<script type=\"application\/ld+json\" class=\"yoast-schema-graph\">{\"@context\":\"https:\/\/schema.org\",\"@graph\":[{\"@type\":\"WebPage\",\"@id\":\"https:\/\/nbcustoms.pt\/product\/body-kit-m-performance-bmw-f20-f21-pre-11-15\/\",\"url\":\"https:\/\/nbcustoms.pt\/product\/body-kit-m-performance-bmw-f20-f21-pre-11-15\/\",\"name\":\"Body Kit M Performance BMW F20\/F21 pr\u00e9 (11-15) - NB Customs - Personaliza\u00e7\u00f5es BMW\",\"isPartOf\":{\"@id\":\"https:\/\/nbcustoms.pt\/#website\"},\"primaryImageOfPage\":{\"@id\":\"https:\/\/nbcustoms.pt\/product\/body-kit-m-performance-bmw-f20-f21-pre-11-15\/#primaryimage\"},\"image\":{\"@id\":\"https:\/\/nbcustoms.pt\/product\/body-kit-m-performance-bmw-f20-f21-pre-11-15\/#primaryimage\"},\"thumbnailUrl\":\"https:\/\/nbcustoms.pt\/wp-content\/uploads\/2026\/02\/465464615.jpg\",\"datePublished\":\"2026-02-24T12:11:29+00:00\",\"dateModified\":\"2026-03-12T15:14:57+00:00\",\"breadcrumb\":{\"@id\":\"https:\/\/nbcustoms.pt\/product\/body-kit-m-performance-bmw-f20-f21-pre-11-15\/#breadcrumb\"},\"inLanguage\":\"en-GB\",\"potentialAction\":[{\"@type\":\"ReadAction\",\"target\":[\"https:\/\/nbcustoms.pt\/product\/body-kit-m-performance-bmw-f20-f21-pre-11-15\/\"]}]},{\"@type\":\"ImageObject\",\"inLanguage\":\"en-GB\",\"@id\":\"https:\/\/nbcustoms.pt\/product\/body-kit-m-performance-bmw-f20-f21-pre-11-15\/#primaryimage\",\"url\":\"https:\/\/nbcustoms.pt\/wp-content\/uploads\/2026\/02\/465464615.jpg\",\"contentUrl\":\"https:\/\/nbcustoms.pt\/wp-content\/uploads\/2026\/02\/465464615.jpg\",\"width\":800,\"height\":800},{\"@type\":\"BreadcrumbList\",\"@id\":\"https:\/\/nbcustoms.pt\/product\/body-kit-m-performance-bmw-f20-f21-pre-11-15\/#breadcrumb\",\"itemListElement\":[{\"@type\":\"ListItem\",\"position\":1,\"name\":\"Home\",\"item\":\"https:\/\/nbcustoms.pt\/\"},{\"@type\":\"ListItem\",\"position\":2,\"name\":\"Loja\",\"item\":\"https:\/\/nbcustoms.pt\/loja\/\"},{\"@type\":\"ListItem\",\"position\":3,\"name\":\"Body Kit M Performance BMW F20\/F21 pr\u00e9 (11-15)\"}]},{\"@type\":\"WebSite\",\"@id\":\"https:\/\/nbcustoms.pt\/#website\",\"url\":\"https:\/\/nbcustoms.pt\/\",\"name\":\"NB Customs - Personaliza\u00e7\u00f5es BMW\",\"description\":\"Transforma o teu BMW com especialistas.\",\"publisher\":{\"@id\":\"https:\/\/nbcustoms.pt\/#organization\"},\"potentialAction\":[{\"@type\":\"SearchAction\",\"target\":{\"@type\":\"EntryPoint\",\"urlTemplate\":\"https:\/\/nbcustoms.pt\/?s={search_term_string}\"},\"query-input\":{\"@type\":\"PropertyValueSpecification\",\"valueRequired\":true,\"valueName\":\"search_term_string\"}}],\"inLanguage\":\"en-GB\"},{\"@type\":\"Organization\",\"@id\":\"https:\/\/nbcustoms.pt\/#organization\",\"name\":\"NB Customs - Personaliza\u00e7\u00f5es BMW\",\"url\":\"https:\/\/nbcustoms.pt\/\",\"logo\":{\"@type\":\"ImageObject\",\"inLanguage\":\"en-GB\",\"@id\":\"https:\/\/nbcustoms.pt\/#\/schema\/logo\/image\/\",\"url\":\"https:\/\/nbcustoms.pt\/wp-content\/uploads\/2025\/12\/logo.jpg\",\"contentUrl\":\"https:\/\/nbcustoms.pt\/wp-content\/uploads\/2025\/12\/logo.jpg\",\"width\":450,\"height\":450,\"caption\":\"NB Customs - Personaliza\u00e7\u00f5es BMW\"},\"image\":{\"@id\":\"https:\/\/nbcustoms.pt\/#\/schema\/logo\/image\/\"},\"sameAs\":[\"https:\/\/www.instagram.com\/nb_customs__\/\"]}]}<\/script>\n<!-- \/ Yoast SEO Premium plugin. -->","yoast_head_json":{"title":"Body Kit M Performance BMW F20\/F21 pr\u00e9 (11-15) - NB Customs - Personaliza\u00e7\u00f5es BMW","robots":{"index":"index","follow":"follow","max-snippet":"max-snippet:-1","max-image-preview":"max-image-preview:large","max-video-preview":"max-video-preview:-1"},"canonical":"https:\/\/nbcustoms.pt\/en\/product\/body-kit-m-performance-bmw-f20-f21-pre-11-15\/","og_locale":"en_GB","og_type":"article","og_title":"Body Kit M Performance BMW F20\/F21 pr\u00e9 (11-15)","og_description":"BODY KIT PACK M BMW F20\/ F21 Compat\u00edvel:\u00a0BMW s\u00e9rie 1 F20\/ F21 pr\u00e9-lci (2011-2015) Modelo: M Performance Material:\u00a0Pl\u00e1stico\/ L\u00e2minas: Fibra de vidro Kit inclui: Para-choques frontal Grelhas inferiores e acess\u00f3rios apresentados Embaladeiras Para-choques traseiro Difusor traseiro M Performance \u00e0 escolha (O&#8211;O), (O&#8211;\u2013), (OO\u2013&#8211;) em preto brilhante L\u00e2minas laterais look mx em preto brilhante Lip M [&hellip;]","og_url":"https:\/\/nbcustoms.pt\/en\/product\/body-kit-m-performance-bmw-f20-f21-pre-11-15\/","og_site_name":"NB Customs - Personaliza\u00e7\u00f5es BMW","article_modified_time":"2026-03-12T15:14:57+00:00","og_image":[{"width":800,"height":800,"url":"https:\/\/nbcustoms.pt\/wp-content\/uploads\/2026\/02\/465464615.jpg","type":"image\/jpeg"}],"twitter_card":"summary_large_image","twitter_misc":{"Est. reading time":"1 minute"},"schema":{"@context":"https:\/\/schema.org","@graph":[{"@type":"WebPage","@id":"https:\/\/nbcustoms.pt\/product\/body-kit-m-performance-bmw-f20-f21-pre-11-15\/","url":"https:\/\/nbcustoms.pt\/product\/body-kit-m-performance-bmw-f20-f21-pre-11-15\/","name":"Body Kit M Performance BMW F20\/F21 pr\u00e9 (11-15) - NB Customs - Personaliza\u00e7\u00f5es BMW","isPartOf":{"@id":"https:\/\/nbcustoms.pt\/#website"},"primaryImageOfPage":{"@id":"https:\/\/nbcustoms.pt\/product\/body-kit-m-performance-bmw-f20-f21-pre-11-15\/#primaryimage"},"image":{"@id":"https:\/\/nbcustoms.pt\/product\/body-kit-m-performance-bmw-f20-f21-pre-11-15\/#primaryimage"},"thumbnailUrl":"https:\/\/nbcustoms.pt\/wp-content\/uploads\/2026\/02\/465464615.jpg","datePublished":"2026-02-24T12:11:29+00:00","dateModified":"2026-03-12T15:14:57+00:00","breadcrumb":{"@id":"https:\/\/nbcustoms.pt\/product\/body-kit-m-performance-bmw-f20-f21-pre-11-15\/#breadcrumb"},"inLanguage":"en-GB","potentialAction":[{"@type":"ReadAction","target":["https:\/\/nbcustoms.pt\/product\/body-kit-m-performance-bmw-f20-f21-pre-11-15\/"]}]},{"@type":"ImageObject","inLanguage":"en-GB","@id":"https:\/\/nbcustoms.pt\/product\/body-kit-m-performance-bmw-f20-f21-pre-11-15\/#primaryimage","url":"https:\/\/nbcustoms.pt\/wp-content\/uploads\/2026\/02\/465464615.jpg","contentUrl":"https:\/\/nbcustoms.pt\/wp-content\/uploads\/2026\/02\/465464615.jpg","width":800,"height":800},{"@type":"BreadcrumbList","@id":"https:\/\/nbcustoms.pt\/product\/body-kit-m-performance-bmw-f20-f21-pre-11-15\/#breadcrumb","itemListElement":[{"@type":"ListItem","position":1,"name":"Home","item":"https:\/\/nbcustoms.pt\/"},{"@type":"ListItem","position":2,"name":"Loja","item":"https:\/\/nbcustoms.pt\/loja\/"},{"@type":"ListItem","position":3,"name":"Body Kit M Performance BMW F20\/F21 pr\u00e9 (11-15)"}]},{"@type":"WebSite","@id":"https:\/\/nbcustoms.pt\/#website","url":"https:\/\/nbcustoms.pt\/","name":"NB Customs - Personaliza\u00e7\u00f5es BMW","description":"Transforma o teu BMW com especialistas.","publisher":{"@id":"https:\/\/nbcustoms.pt\/#organization"},"potentialAction":[{"@type":"SearchAction","target":{"@type":"EntryPoint","urlTemplate":"https:\/\/nbcustoms.pt\/?s={search_term_string}"},"query-input":{"@type":"PropertyValueSpecification","valueRequired":true,"valueName":"search_term_string"}}],"inLanguage":"en-GB"},{"@type":"Organization","@id":"https:\/\/nbcustoms.pt\/#organization","name":"NB Customs - Personaliza\u00e7\u00f5es BMW","url":"https:\/\/nbcustoms.pt\/","logo":{"@type":"ImageObject","inLanguage":"en-GB","@id":"https:\/\/nbcustoms.pt\/#\/schema\/logo\/image\/","url":"https:\/\/nbcustoms.pt\/wp-content\/uploads\/2025\/12\/logo.jpg","contentUrl":"https:\/\/nbcustoms.pt\/wp-content\/uploads\/2025\/12\/logo.jpg","width":450,"height":450,"caption":"NB Customs - Personaliza\u00e7\u00f5es BMW"},"image":{"@id":"https:\/\/nbcustoms.pt\/#\/schema\/logo\/image\/"},"sameAs":["https:\/\/www.instagram.com\/nb_customs__\/"]}]}},"jetpack_sharing_enabled":true,"_links":{"self":[{"href":"https:\/\/nbcustoms.pt\/en\/wp-json\/wp\/v2\/product\/10789","targetHints":{"allow":["GET"]}}],"collection":[{"href":"https:\/\/nbcustoms.pt\/en\/wp-json\/wp\/v2\/product"}],"about":[{"href":"https:\/\/nbcustoms.pt\/en\/wp-json\/wp\/v2\/types\/product"}],"wp:featuredmedia":[{"embeddable":true,"href":"https:\/\/nbcustoms.pt\/en\/wp-json\/wp\/v2\/media\/10792"}],"wp:attachment":[{"href":"https:\/\/nbcustoms.pt\/en\/wp-json\/wp\/v2\/media?parent=10789"}],"wp:term":[{"taxonomy":"product_brand","embeddable":true,"href":"https:\/\/nbcustoms.pt\/en\/wp-json\/wp\/v2\/product_brand?post=10789"},{"taxonomy":"product_cat","embeddable":true,"href":"https:\/\/nbcustoms.pt\/en\/wp-json\/wp\/v2\/product_cat?post=10789"},{"taxonomy":"product_tag","embeddable":true,"href":"https:\/\/nbcustoms.pt\/en\/wp-json\/wp\/v2\/product_tag?post=10789"}],"curies":[{"name":"wp","href":"https:\/\/api.w.org\/{rel}","templated":true}]}}