{"id":6711,"date":"2025-12-15T12:19:15","date_gmt":"2025-12-15T12:19:15","guid":{"rendered":"https:\/\/nbcustoms.pt\/?page_id=6711"},"modified":"2025-12-15T16:07:58","modified_gmt":"2025-12-15T16:07:58","slug":"encomendas-e-envios","status":"publish","type":"page","link":"https:\/\/nbcustoms.pt\/en\/encomendas-e-envios\/","title":{"rendered":"Orders &amp; Shipping"},"content":{"rendered":"<div data-elementor-type=\"wp-page\" data-elementor-id=\"6711\" class=\"elementor elementor-6711\" data-elementor-settings=\"{&quot;ha_cmc_init_switcher&quot;:&quot;no&quot;}\" data-elementor-post-type=\"page\">\n\t\t\t\t<div class=\"elementor-element elementor-element-8bca97e e-flex e-con-boxed e-con e-parent\" data-id=\"8bca97e\" data-element_type=\"container\" data-e-type=\"container\" data-settings=\"{&quot;_ha_eqh_enable&quot;:false}\">\r\n\t\t\t\t\t<div class=\"e-con-inner\">\r\n\t\t\t\t<div class=\"elementor-element elementor-element-9d62930 elementor-widget elementor-widget-heading\" data-id=\"9d62930\" data-element_type=\"widget\" data-e-type=\"widget\" data-widget_type=\"heading.default\">\n\t\t\t\t\t<h2 class=\"elementor-heading-title elementor-size-default\">Orders &amp; Shipping<\/h2>\t\t\t\t<\/div>\n\t\t\t\t<div class=\"elementor-element elementor-element-b77cd2f elementor-widget-divider--view-line elementor-invisible elementor-widget elementor-widget-divider\" data-id=\"b77cd2f\" data-element_type=\"widget\" data-e-type=\"widget\" data-settings=\"{&quot;_animation&quot;:&quot;fadeInRight&quot;,&quot;_animation_delay&quot;:500}\" data-widget_type=\"divider.default\">\n\t\t\t\t\t\t\t<div class=\"elementor-divider\">\n\t\t\t<span class=\"elementor-divider-separator\">\n\t\t\t\t\t\t<\/span>\n\t\t<\/div>\n\t\t\t\t\t\t<\/div>\n\t\t\t\t<div class=\"elementor-element elementor-element-25f9c76 elementor-widget elementor-widget-text-editor\" data-id=\"25f9c76\" data-element_type=\"widget\" data-e-type=\"widget\" data-widget_type=\"text-editor.default\">\n\t\t\t\t\t\t\t\t\t<p data-path-to-node=\"6\">Na <b>NB CUSTOMS<\/b>, queremos que a sua experi\u00eancia seja perfeita do in\u00edcio ao fim. Aqui est\u00e1 tudo o que precisa de saber sobre como fazemos a sua encomenda chegar at\u00e9 si:<\/p><ul data-path-to-node=\"7\"><li><p data-path-to-node=\"7,0,0\"><b>Processamento da Encomenda:<\/b> Ap\u00f3s a confirma\u00e7\u00e3o do pagamento, precisamos de <b>1 a 2 dias \u00fateis<\/b> para preparar e embalar o seu pedido.<\/p><\/li><li><p data-path-to-node=\"7,1,0\"><b>Prazos de Entrega:<\/b><\/p><ul data-path-to-node=\"7,1,1\"><li><p data-path-to-node=\"7,1,1,0,0\">Portugal Continental: <b>1 a 3 dias \u00fateis<\/b>.<\/p><\/li><li><p data-path-to-node=\"7,1,1,1,0\">Ilhas (A\u00e7ores e Madeira): <b>3 a 10 dias \u00fateis<\/b>.<\/p><\/li><li><p data-path-to-node=\"7,1,1,2,0\">Internacional: Sob consulta.<\/p><\/li><\/ul><\/li><li><p data-path-to-node=\"7,2,0\"><b>Custos de Envio:<\/b> O valor dos portes varia consoante o produto.<\/p><\/li><li><p data-path-to-node=\"7,3,0\"><b>Rastreio:<\/b> Assim que a sua encomenda sair do nosso armaz\u00e9m, receber\u00e1 um e-mail com o c\u00f3digo de rastreio para acompanhar a viagem do seu pacote.<\/p><\/li><\/ul><p data-path-to-node=\"8\">Questions? Talk to us through <b>loja@nbcustoms.pt ou 253 963 231<\/b>.<\/p>\t\t\t\t\t\t\t\t<\/div>\n\t\t\t\t<div class=\"elementor-element elementor-element-21e956d mb-4 elementor-widget-divider--view-line elementor-invisible elementor-widget elementor-widget-divider\" data-id=\"21e956d\" data-element_type=\"widget\" data-e-type=\"widget\" data-settings=\"{&quot;_animation&quot;:&quot;fadeInUp&quot;,&quot;_animation_delay&quot;:300}\" data-widget_type=\"divider.default\">\n\t\t\t\t\t\t\t<div class=\"elementor-divider\">\n\t\t\t<span class=\"elementor-divider-separator\">\n\t\t\t\t\t\t<\/span>\n\t\t<\/div>\n\t\t\t\t\t\t<\/div>\n\t\t\t\t<div class=\"elementor-element elementor-element-20166e8 elementor-widget elementor-widget-heading\" data-id=\"20166e8\" data-element_type=\"widget\" data-e-type=\"widget\" data-widget_type=\"heading.default\">\n\t\t\t\t\t<h2 class=\"elementor-heading-title elementor-size-default\">Envios<\/h2>\t\t\t\t<\/div>\n\t\t\t\t<div class=\"elementor-element elementor-element-423f6b8 elementor-widget elementor-widget-text-editor\" data-id=\"423f6b8\" data-element_type=\"widget\" data-e-type=\"widget\" data-widget_type=\"text-editor.default\">\n\t\t\t\t\t\t\t\t\t<p data-path-to-node=\"4\">Na <b>NB CUSTOMS<\/b>, sabemos que a rapidez e a seguran\u00e7a da entrega s\u00e3o fundamentais. Por isso, estabelecemos parcerias com as principais transportadoras do mercado para garantir que a sua encomenda chega at\u00e9 si nas melhores condi\u00e7\u00f5es, onde quer que esteja.<\/p><h4 data-path-to-node=\"5\">As Nossas Transportadoras Parceiras<\/h4><p data-path-to-node=\"6\">Trabalhamos com diversas empresas de log\u00edstica para otimizar rotas e prazos. Atualmente, os nossos envios s\u00e3o realizados atrav\u00e9s de:<\/p><ul data-path-to-node=\"7\"><li><p data-path-to-node=\"7,0,0\"><b>CTT Expresso.<\/b><\/p><\/li><\/ul><h3 data-path-to-node=\"23\">Notas Importantes:<\/h3><ol start=\"1\" data-path-to-node=\"24\"><li><p data-path-to-node=\"24,0,0\"><b>Imprevistos:<\/b> Em \u00e9pocas de grande volume (como Black Friday ou Natal), os prazos podem sofrer ligeiros atrasos.<\/p><\/li><li><p data-path-to-node=\"24,1,0\"><b>Danos:<\/b> Se verificar que a embalagem est\u00e1 danificada no ato da entrega, pedimos que registe a ocorr\u00eancia junto do estafeta e nos contacte de imediato.<\/p><\/li><\/ol>\t\t\t\t\t\t\t\t<\/div>\n\t\t\t\t\t<\/div>\n\t\t\t\t<\/div>\n\t\t<div class=\"elementor-element elementor-element-c6bed91 e-flex e-con-boxed e-con e-parent\" data-id=\"c6bed91\" data-element_type=\"container\" data-e-type=\"container\" data-settings=\"{&quot;_ha_eqh_enable&quot;:false}\">\r\n\t\t\t\t\t<div class=\"e-con-inner\">\r\n\t\t\t\t\t<\/div>\n\t\t\t\t<\/div>\n\t\t\t\t<\/div>","protected":false},"excerpt":{"rendered":"<p>Encomendas e Envios Na NB CUSTOMS, queremos que a sua experi\u00eancia seja perfeita do in\u00edcio ao fim. Aqui est\u00e1 tudo o que precisa de saber sobre como fazemos a sua encomenda chegar at\u00e9 si: Processamento da Encomenda: Ap\u00f3s a confirma\u00e7\u00e3o do pagamento, precisamos de 1 a 2 dias \u00fateis para preparar e embalar o seu [&hellip;]<\/p>\n","protected":false},"author":2,"featured_media":0,"parent":0,"menu_order":0,"comment_status":"closed","ping_status":"closed","template":"","meta":{"footnotes":""},"class_list":["post-6711","page","type-page","status-publish","hentry"],"yoast_head":"<!-- This site is optimized with the Yoast SEO Premium plugin v26.6 (Yoast SEO v26.6) - https:\/\/yoast.com\/wordpress\/plugins\/seo\/ -->\n<title>Encomendas e Envios - NB Customs - Personaliza\u00e7\u00f5es BMW<\/title>\n<meta name=\"robots\" content=\"index, follow, max-snippet:-1, max-image-preview:large, max-video-preview:-1\" \/>\n<link rel=\"canonical\" href=\"https:\/\/nbcustoms.pt\/en\/encomendas-e-envios\/\" \/>\n<meta property=\"og:locale\" content=\"en_GB\" \/>\n<meta property=\"og:type\" content=\"article\" \/>\n<meta property=\"og:title\" content=\"Encomendas e Envios\" \/>\n<meta property=\"og:description\" content=\"Encomendas e Envios Na NB CUSTOMS, queremos que a sua experi\u00eancia seja perfeita do in\u00edcio ao fim. Aqui est\u00e1 tudo o que precisa de saber sobre como fazemos a sua encomenda chegar at\u00e9 si: Processamento da Encomenda: Ap\u00f3s a confirma\u00e7\u00e3o do pagamento, precisamos de 1 a 2 dias \u00fateis para preparar e embalar o seu [&hellip;]\" \/>\n<meta property=\"og:url\" content=\"https:\/\/nbcustoms.pt\/en\/encomendas-e-envios\/\" \/>\n<meta property=\"og:site_name\" content=\"NB Customs - Personaliza\u00e7\u00f5es BMW\" \/>\n<meta property=\"article:modified_time\" content=\"2025-12-15T16:07:58+00:00\" \/>\n<meta property=\"og:image\" content=\"https:\/\/nbcustoms.pt\/wp-content\/uploads\/2025\/12\/logo-1.jpg\" \/>\n\t<meta property=\"og:image:width\" content=\"450\" \/>\n\t<meta property=\"og:image:height\" content=\"450\" \/>\n\t<meta property=\"og:image:type\" content=\"image\/jpeg\" \/>\n<meta name=\"twitter:card\" content=\"summary_large_image\" \/>\n<meta name=\"twitter:label1\" content=\"Est. reading time\" \/>\n\t<meta name=\"twitter:data1\" content=\"1 minute\" \/>\n<script type=\"application\/ld+json\" class=\"yoast-schema-graph\">{\"@context\":\"https:\/\/schema.org\",\"@graph\":[{\"@type\":\"WebPage\",\"@id\":\"https:\/\/nbcustoms.pt\/encomendas-e-envios\/\",\"url\":\"https:\/\/nbcustoms.pt\/encomendas-e-envios\/\",\"name\":\"Encomendas e Envios - NB Customs - Personaliza\u00e7\u00f5es BMW\",\"isPartOf\":{\"@id\":\"https:\/\/nbcustoms.pt\/#website\"},\"datePublished\":\"2025-12-15T12:19:15+00:00\",\"dateModified\":\"2025-12-15T16:07:58+00:00\",\"breadcrumb\":{\"@id\":\"https:\/\/nbcustoms.pt\/encomendas-e-envios\/#breadcrumb\"},\"inLanguage\":\"en-GB\",\"potentialAction\":[{\"@type\":\"ReadAction\",\"target\":[\"https:\/\/nbcustoms.pt\/encomendas-e-envios\/\"]}]},{\"@type\":\"BreadcrumbList\",\"@id\":\"https:\/\/nbcustoms.pt\/encomendas-e-envios\/#breadcrumb\",\"itemListElement\":[{\"@type\":\"ListItem\",\"position\":1,\"name\":\"Home\",\"item\":\"https:\/\/nbcustoms.pt\/\"},{\"@type\":\"ListItem\",\"position\":2,\"name\":\"Encomendas e Envios\"}]},{\"@type\":\"WebSite\",\"@id\":\"https:\/\/nbcustoms.pt\/#website\",\"url\":\"https:\/\/nbcustoms.pt\/\",\"name\":\"NB Customs - Personaliza\u00e7\u00f5es BMW\",\"description\":\"Transforma o teu BMW com especialistas.\",\"publisher\":{\"@id\":\"https:\/\/nbcustoms.pt\/#organization\"},\"potentialAction\":[{\"@type\":\"SearchAction\",\"target\":{\"@type\":\"EntryPoint\",\"urlTemplate\":\"https:\/\/nbcustoms.pt\/?s={search_term_string}\"},\"query-input\":{\"@type\":\"PropertyValueSpecification\",\"valueRequired\":true,\"valueName\":\"search_term_string\"}}],\"inLanguage\":\"en-GB\"},{\"@type\":\"Organization\",\"@id\":\"https:\/\/nbcustoms.pt\/#organization\",\"name\":\"NB Customs - Personaliza\u00e7\u00f5es BMW\",\"url\":\"https:\/\/nbcustoms.pt\/\",\"logo\":{\"@type\":\"ImageObject\",\"inLanguage\":\"en-GB\",\"@id\":\"https:\/\/nbcustoms.pt\/#\/schema\/logo\/image\/\",\"url\":\"https:\/\/nbcustoms.pt\/wp-content\/uploads\/2025\/12\/logo.jpg\",\"contentUrl\":\"https:\/\/nbcustoms.pt\/wp-content\/uploads\/2025\/12\/logo.jpg\",\"width\":450,\"height\":450,\"caption\":\"NB Customs - Personaliza\u00e7\u00f5es BMW\"},\"image\":{\"@id\":\"https:\/\/nbcustoms.pt\/#\/schema\/logo\/image\/\"},\"sameAs\":[\"https:\/\/www.instagram.com\/nb_customs__\/\"]}]}<\/script>\n<!-- \/ Yoast SEO Premium plugin. -->","yoast_head_json":{"title":"Encomendas e Envios - NB Customs - Personaliza\u00e7\u00f5es BMW","robots":{"index":"index","follow":"follow","max-snippet":"max-snippet:-1","max-image-preview":"max-image-preview:large","max-video-preview":"max-video-preview:-1"},"canonical":"https:\/\/nbcustoms.pt\/en\/encomendas-e-envios\/","og_locale":"en_GB","og_type":"article","og_title":"Encomendas e Envios","og_description":"Encomendas e Envios Na NB CUSTOMS, queremos que a sua experi\u00eancia seja perfeita do in\u00edcio ao fim. Aqui est\u00e1 tudo o que precisa de saber sobre como fazemos a sua encomenda chegar at\u00e9 si: Processamento da Encomenda: Ap\u00f3s a confirma\u00e7\u00e3o do pagamento, precisamos de 1 a 2 dias \u00fateis para preparar e embalar o seu [&hellip;]","og_url":"https:\/\/nbcustoms.pt\/en\/encomendas-e-envios\/","og_site_name":"NB Customs - Personaliza\u00e7\u00f5es BMW","article_modified_time":"2025-12-15T16:07:58+00:00","og_image":[{"width":450,"height":450,"url":"https:\/\/nbcustoms.pt\/wp-content\/uploads\/2025\/12\/logo-1.jpg","type":"image\/jpeg"}],"twitter_card":"summary_large_image","twitter_misc":{"Est. reading time":"1 minute"},"schema":{"@context":"https:\/\/schema.org","@graph":[{"@type":"WebPage","@id":"https:\/\/nbcustoms.pt\/encomendas-e-envios\/","url":"https:\/\/nbcustoms.pt\/encomendas-e-envios\/","name":"Encomendas e Envios - NB Customs - Personaliza\u00e7\u00f5es BMW","isPartOf":{"@id":"https:\/\/nbcustoms.pt\/#website"},"datePublished":"2025-12-15T12:19:15+00:00","dateModified":"2025-12-15T16:07:58+00:00","breadcrumb":{"@id":"https:\/\/nbcustoms.pt\/encomendas-e-envios\/#breadcrumb"},"inLanguage":"en-GB","potentialAction":[{"@type":"ReadAction","target":["https:\/\/nbcustoms.pt\/encomendas-e-envios\/"]}]},{"@type":"BreadcrumbList","@id":"https:\/\/nbcustoms.pt\/encomendas-e-envios\/#breadcrumb","itemListElement":[{"@type":"ListItem","position":1,"name":"Home","item":"https:\/\/nbcustoms.pt\/"},{"@type":"ListItem","position":2,"name":"Encomendas e Envios"}]},{"@type":"WebSite","@id":"https:\/\/nbcustoms.pt\/#website","url":"https:\/\/nbcustoms.pt\/","name":"NB Customs - Personaliza\u00e7\u00f5es BMW","description":"Transforma o teu BMW com especialistas.","publisher":{"@id":"https:\/\/nbcustoms.pt\/#organization"},"potentialAction":[{"@type":"SearchAction","target":{"@type":"EntryPoint","urlTemplate":"https:\/\/nbcustoms.pt\/?s={search_term_string}"},"query-input":{"@type":"PropertyValueSpecification","valueRequired":true,"valueName":"search_term_string"}}],"inLanguage":"en-GB"},{"@type":"Organization","@id":"https:\/\/nbcustoms.pt\/#organization","name":"NB Customs - Personaliza\u00e7\u00f5es BMW","url":"https:\/\/nbcustoms.pt\/","logo":{"@type":"ImageObject","inLanguage":"en-GB","@id":"https:\/\/nbcustoms.pt\/#\/schema\/logo\/image\/","url":"https:\/\/nbcustoms.pt\/wp-content\/uploads\/2025\/12\/logo.jpg","contentUrl":"https:\/\/nbcustoms.pt\/wp-content\/uploads\/2025\/12\/logo.jpg","width":450,"height":450,"caption":"NB Customs - Personaliza\u00e7\u00f5es BMW"},"image":{"@id":"https:\/\/nbcustoms.pt\/#\/schema\/logo\/image\/"},"sameAs":["https:\/\/www.instagram.com\/nb_customs__\/"]}]}},"_hostinger_reach_plugin_has_subscription_block":false,"_hostinger_reach_plugin_is_elementor":false,"jetpack_sharing_enabled":true,"_links":{"self":[{"href":"https:\/\/nbcustoms.pt\/en\/wp-json\/wp\/v2\/pages\/6711","targetHints":{"allow":["GET"]}}],"collection":[{"href":"https:\/\/nbcustoms.pt\/en\/wp-json\/wp\/v2\/pages"}],"about":[{"href":"https:\/\/nbcustoms.pt\/en\/wp-json\/wp\/v2\/types\/page"}],"author":[{"embeddable":true,"href":"https:\/\/nbcustoms.pt\/en\/wp-json\/wp\/v2\/users\/2"}],"replies":[{"embeddable":true,"href":"https:\/\/nbcustoms.pt\/en\/wp-json\/wp\/v2\/comments?post=6711"}],"version-history":[{"count":8,"href":"https:\/\/nbcustoms.pt\/en\/wp-json\/wp\/v2\/pages\/6711\/revisions"}],"predecessor-version":[{"id":6720,"href":"https:\/\/nbcustoms.pt\/en\/wp-json\/wp\/v2\/pages\/6711\/revisions\/6720"}],"wp:attachment":[{"href":"https:\/\/nbcustoms.pt\/en\/wp-json\/wp\/v2\/media?parent=6711"}],"curies":[{"name":"wp","href":"https:\/\/api.w.org\/{rel}","templated":true}]}}