{"id":6465,"date":"2025-12-11T10:24:52","date_gmt":"2025-12-11T10:24:52","guid":{"rendered":"https:\/\/nbcustoms.pt\/?page_id=6465"},"modified":"2025-12-11T10:30:40","modified_gmt":"2025-12-11T10:30:40","slug":"servicos","status":"publish","type":"page","link":"https:\/\/nbcustoms.pt\/en\/servicos\/","title":{"rendered":"Services"},"content":{"rendered":"<div data-elementor-type=\"wp-page\" data-elementor-id=\"6465\" class=\"elementor elementor-6465\" data-elementor-settings=\"{&quot;ha_cmc_init_switcher&quot;:&quot;no&quot;}\" data-elementor-post-type=\"page\">\n\t\t\t\t<div class=\"elementor-element elementor-element-a6685a6 e-flex e-con-boxed e-con e-parent\" data-id=\"a6685a6\" data-element_type=\"container\" data-e-type=\"container\" data-settings=\"{&quot;_ha_eqh_enable&quot;:false}\">\r\n\t\t\t\t\t<div class=\"e-con-inner\">\r\n\t\t\t\t<div class=\"elementor-element elementor-element-f1e8895 elementor-widget elementor-widget-heading\" data-id=\"f1e8895\" data-element_type=\"widget\" data-e-type=\"widget\" data-widget_type=\"heading.default\">\n\t\t\t\t\t<h2 class=\"elementor-heading-title elementor-size-default\">Services<\/h2>\t\t\t\t<\/div>\n\t\t\t\t<div class=\"elementor-element elementor-element-c6a599e elementor-widget-divider--view-line elementor-invisible elementor-widget elementor-widget-divider\" data-id=\"c6a599e\" data-element_type=\"widget\" data-e-type=\"widget\" data-settings=\"{&quot;_animation&quot;:&quot;fadeInRight&quot;,&quot;_animation_delay&quot;:500}\" data-widget_type=\"divider.default\">\n\t\t\t\t\t\t\t<div class=\"elementor-divider\">\n\t\t\t<span class=\"elementor-divider-separator\">\n\t\t\t\t\t\t<\/span>\n\t\t<\/div>\n\t\t\t\t\t\t<\/div>\n\t\t\t\t<div class=\"elementor-element elementor-element-4debf1f5 elementor-widget elementor-widget-text-editor\" data-id=\"4debf1f5\" data-element_type=\"widget\" data-e-type=\"widget\" data-widget_type=\"text-editor.default\">\n\t\t\t\t\t\t\t\t\t\n<p>Aqui pode consultar todos os servi\u00e7os da nossa empresa.<\/p>\n\t\t\t\t\t\t\t\t<\/div>\n\t\t\t\t<div class=\"elementor-element elementor-element-ba7489f elementor-widget elementor-widget-text-editor\" data-id=\"ba7489f\" data-element_type=\"widget\" data-e-type=\"widget\" data-widget_type=\"text-editor.default\">\n\t\t\t\t\t\t\t\t\t<ul>\n<li>Marca\u00e7\u00f5es.<\/li>\n<\/ul>\n<h5>Escapes<\/h5>\n<ul>\n<li>Bifurca\u00e7\u00e3o com linha inox.<\/li>\n<li>Reprograma\u00e7\u00e3o.<\/li>\n<li>Downpipes.<\/li>\n<\/ul>\n<p>Nota;<\/p>\n<p><span style=\"text-decoration: underline;\">Tem de ser marcado com antecedencia pois n\u00e3o \u00e9 feito nas nossas instala\u00e7\u00f5es.<\/span><\/p>\n<h5><strong>Ilumina\u00e7\u00e3o<\/strong><\/h5>\n<ul>\n<li>Aplica\u00e7\u00e3o de \u00d3ticas\/Farolins.<\/li>\n<li>Aplica\u00e7\u00e3o de luz ambiente (4 portas + tablier + p\u00e9s).<\/li>\n<li>Teto estrelado.<\/li>\n<li>Troca de led&#8217;s completa \/ quadrante (Laranja-&gt;Branco).<\/li>\n<\/ul>\n<h5><strong>Pe\u00e7as<\/strong><\/h5>\n<ul>\n<li>Aplica\u00e7\u00e3o Aileron.<\/li>\n<li>Aplica\u00e7\u00e3o Barras Gera\u00e7\u00e3o e Pl\u00e1stico.<\/li>\n<li>Aplica\u00e7\u00e3o Cap\u00f4s.<\/li>\n<li>Aplica\u00e7\u00e3o Difusor \/ c\/luz F1.\u00a0<\/li>\n<li>Aplica\u00e7\u00e3o Guarda lamas.<\/li>\n<li>Aplica\u00e7\u00e3o de Kits (ler nota de pintura).<\/li>\n<li>Aplica\u00e7\u00e3o L\u00e2minas Laterais.<\/li>\n<li>Aplica\u00e7\u00e3o Para-choques \/ BodyKits.<\/li>\n<li>Aplica\u00e7\u00e3o de Volantes.<\/li>\n<\/ul>\n<p>Oferta de aplica\u00e7\u00e3o de alguns produtos como (Capas de espelho\/Piscas (alguns modelos).<\/p>\n<p>Kits pintados s\u00e3o aplicados num dia. (Ler nota de pintura).<\/p>\n<h5><strong>Pintura<\/strong><\/h5>\n<ul>\n<li>Aquaprint Carbono.<\/li>\n<li>Pintura.<\/li>\n<\/ul>\n<p>Nota;<\/p>\n<p><span style=\"text-decoration: underline;\">Todo tipo de pintura tem de ser pedido\/marcado antecipadamente,\u00a0 c\/pagamento pr\u00e9vio porque n\u00e3o \u00e9 feita nas nossas instala\u00e7\u00f5es.<\/span><\/p>\t\t\t\t\t\t\t\t<\/div>\n\t\t\t\t\t<\/div>\n\t\t\t\t<\/div>\n\t\t\t\t<\/div>","protected":false},"excerpt":{"rendered":"<p>Servi\u00e7os Aqui pode consultar todos os servi\u00e7os da nossa empresa. Marca\u00e7\u00f5es. Escapes Bifurca\u00e7\u00e3o com linha inox. Reprograma\u00e7\u00e3o. Downpipes. Nota; Tem de ser marcado com antecedencia pois n\u00e3o \u00e9 feito nas nossas instala\u00e7\u00f5es. Ilumina\u00e7\u00e3o Aplica\u00e7\u00e3o de \u00d3ticas\/Farolins. Aplica\u00e7\u00e3o de luz ambiente (4 portas + tablier + p\u00e9s). Teto estrelado. Troca de led&#8217;s completa \/ quadrante (Laranja-&gt;Branco). [&hellip;]<\/p>\n","protected":false},"author":2,"featured_media":0,"parent":0,"menu_order":0,"comment_status":"closed","ping_status":"closed","template":"","meta":{"footnotes":""},"class_list":["post-6465","page","type-page","status-publish","hentry"],"yoast_head":"<!-- This site is optimized with the Yoast SEO Premium plugin v26.6 (Yoast SEO v26.6) - https:\/\/yoast.com\/wordpress\/plugins\/seo\/ -->\n<title>Servi\u00e7os - NB Customs - Personaliza\u00e7\u00f5es BMW<\/title>\n<meta name=\"robots\" content=\"index, follow, max-snippet:-1, max-image-preview:large, max-video-preview:-1\" \/>\n<link rel=\"canonical\" href=\"https:\/\/nbcustoms.pt\/en\/servicos\/\" \/>\n<meta property=\"og:locale\" content=\"en_GB\" \/>\n<meta property=\"og:type\" content=\"article\" \/>\n<meta property=\"og:title\" content=\"Servi\u00e7os\" \/>\n<meta property=\"og:description\" content=\"Servi\u00e7os Aqui pode consultar todos os servi\u00e7os da nossa empresa. Marca\u00e7\u00f5es. Escapes Bifurca\u00e7\u00e3o com linha inox. Reprograma\u00e7\u00e3o. Downpipes. Nota; Tem de ser marcado com antecedencia pois n\u00e3o \u00e9 feito nas nossas instala\u00e7\u00f5es. Ilumina\u00e7\u00e3o Aplica\u00e7\u00e3o de \u00d3ticas\/Farolins. Aplica\u00e7\u00e3o de luz ambiente (4 portas + tablier + p\u00e9s). Teto estrelado. Troca de led&#8217;s completa \/ quadrante (Laranja-&gt;Branco). [&hellip;]\" \/>\n<meta property=\"og:url\" content=\"https:\/\/nbcustoms.pt\/en\/servicos\/\" \/>\n<meta property=\"og:site_name\" content=\"NB Customs - Personaliza\u00e7\u00f5es BMW\" \/>\n<meta property=\"article:modified_time\" content=\"2025-12-11T10:30:40+00:00\" \/>\n<meta property=\"og:image\" content=\"https:\/\/nbcustoms.pt\/wp-content\/uploads\/2025\/12\/logo-1.jpg\" \/>\n\t<meta property=\"og:image:width\" content=\"450\" \/>\n\t<meta property=\"og:image:height\" content=\"450\" \/>\n\t<meta property=\"og:image:type\" content=\"image\/jpeg\" \/>\n<meta name=\"twitter:card\" content=\"summary_large_image\" \/>\n<meta name=\"twitter:label1\" content=\"Est. reading time\" \/>\n\t<meta name=\"twitter:data1\" content=\"1 minute\" \/>\n<script type=\"application\/ld+json\" class=\"yoast-schema-graph\">{\"@context\":\"https:\/\/schema.org\",\"@graph\":[{\"@type\":\"WebPage\",\"@id\":\"https:\/\/nbcustoms.pt\/servicos\/\",\"url\":\"https:\/\/nbcustoms.pt\/servicos\/\",\"name\":\"Servi\u00e7os - NB Customs - Personaliza\u00e7\u00f5es BMW\",\"isPartOf\":{\"@id\":\"https:\/\/nbcustoms.pt\/#website\"},\"datePublished\":\"2025-12-11T10:24:52+00:00\",\"dateModified\":\"2025-12-11T10:30:40+00:00\",\"breadcrumb\":{\"@id\":\"https:\/\/nbcustoms.pt\/servicos\/#breadcrumb\"},\"inLanguage\":\"en-GB\",\"potentialAction\":[{\"@type\":\"ReadAction\",\"target\":[\"https:\/\/nbcustoms.pt\/servicos\/\"]}]},{\"@type\":\"BreadcrumbList\",\"@id\":\"https:\/\/nbcustoms.pt\/servicos\/#breadcrumb\",\"itemListElement\":[{\"@type\":\"ListItem\",\"position\":1,\"name\":\"Home\",\"item\":\"https:\/\/nbcustoms.pt\/\"},{\"@type\":\"ListItem\",\"position\":2,\"name\":\"Servi\u00e7os\"}]},{\"@type\":\"WebSite\",\"@id\":\"https:\/\/nbcustoms.pt\/#website\",\"url\":\"https:\/\/nbcustoms.pt\/\",\"name\":\"NB Customs - Personaliza\u00e7\u00f5es BMW\",\"description\":\"Transforma o teu BMW com especialistas.\",\"publisher\":{\"@id\":\"https:\/\/nbcustoms.pt\/#organization\"},\"potentialAction\":[{\"@type\":\"SearchAction\",\"target\":{\"@type\":\"EntryPoint\",\"urlTemplate\":\"https:\/\/nbcustoms.pt\/?s={search_term_string}\"},\"query-input\":{\"@type\":\"PropertyValueSpecification\",\"valueRequired\":true,\"valueName\":\"search_term_string\"}}],\"inLanguage\":\"en-GB\"},{\"@type\":\"Organization\",\"@id\":\"https:\/\/nbcustoms.pt\/#organization\",\"name\":\"NB Customs - Personaliza\u00e7\u00f5es BMW\",\"url\":\"https:\/\/nbcustoms.pt\/\",\"logo\":{\"@type\":\"ImageObject\",\"inLanguage\":\"en-GB\",\"@id\":\"https:\/\/nbcustoms.pt\/#\/schema\/logo\/image\/\",\"url\":\"https:\/\/nbcustoms.pt\/wp-content\/uploads\/2025\/12\/logo.jpg\",\"contentUrl\":\"https:\/\/nbcustoms.pt\/wp-content\/uploads\/2025\/12\/logo.jpg\",\"width\":450,\"height\":450,\"caption\":\"NB Customs - Personaliza\u00e7\u00f5es BMW\"},\"image\":{\"@id\":\"https:\/\/nbcustoms.pt\/#\/schema\/logo\/image\/\"},\"sameAs\":[\"https:\/\/www.instagram.com\/nb_customs__\/\"]}]}<\/script>\n<!-- \/ Yoast SEO Premium plugin. -->","yoast_head_json":{"title":"Servi\u00e7os - NB Customs - Personaliza\u00e7\u00f5es BMW","robots":{"index":"index","follow":"follow","max-snippet":"max-snippet:-1","max-image-preview":"max-image-preview:large","max-video-preview":"max-video-preview:-1"},"canonical":"https:\/\/nbcustoms.pt\/en\/servicos\/","og_locale":"en_GB","og_type":"article","og_title":"Servi\u00e7os","og_description":"Servi\u00e7os Aqui pode consultar todos os servi\u00e7os da nossa empresa. Marca\u00e7\u00f5es. Escapes Bifurca\u00e7\u00e3o com linha inox. Reprograma\u00e7\u00e3o. Downpipes. Nota; Tem de ser marcado com antecedencia pois n\u00e3o \u00e9 feito nas nossas instala\u00e7\u00f5es. Ilumina\u00e7\u00e3o Aplica\u00e7\u00e3o de \u00d3ticas\/Farolins. Aplica\u00e7\u00e3o de luz ambiente (4 portas + tablier + p\u00e9s). Teto estrelado. Troca de led&#8217;s completa \/ quadrante (Laranja-&gt;Branco). [&hellip;]","og_url":"https:\/\/nbcustoms.pt\/en\/servicos\/","og_site_name":"NB Customs - Personaliza\u00e7\u00f5es BMW","article_modified_time":"2025-12-11T10:30:40+00:00","og_image":[{"width":450,"height":450,"url":"https:\/\/nbcustoms.pt\/wp-content\/uploads\/2025\/12\/logo-1.jpg","type":"image\/jpeg"}],"twitter_card":"summary_large_image","twitter_misc":{"Est. reading time":"1 minute"},"schema":{"@context":"https:\/\/schema.org","@graph":[{"@type":"WebPage","@id":"https:\/\/nbcustoms.pt\/servicos\/","url":"https:\/\/nbcustoms.pt\/servicos\/","name":"Servi\u00e7os - NB Customs - Personaliza\u00e7\u00f5es BMW","isPartOf":{"@id":"https:\/\/nbcustoms.pt\/#website"},"datePublished":"2025-12-11T10:24:52+00:00","dateModified":"2025-12-11T10:30:40+00:00","breadcrumb":{"@id":"https:\/\/nbcustoms.pt\/servicos\/#breadcrumb"},"inLanguage":"en-GB","potentialAction":[{"@type":"ReadAction","target":["https:\/\/nbcustoms.pt\/servicos\/"]}]},{"@type":"BreadcrumbList","@id":"https:\/\/nbcustoms.pt\/servicos\/#breadcrumb","itemListElement":[{"@type":"ListItem","position":1,"name":"Home","item":"https:\/\/nbcustoms.pt\/"},{"@type":"ListItem","position":2,"name":"Servi\u00e7os"}]},{"@type":"WebSite","@id":"https:\/\/nbcustoms.pt\/#website","url":"https:\/\/nbcustoms.pt\/","name":"NB Customs - Personaliza\u00e7\u00f5es BMW","description":"Transforma o teu BMW com especialistas.","publisher":{"@id":"https:\/\/nbcustoms.pt\/#organization"},"potentialAction":[{"@type":"SearchAction","target":{"@type":"EntryPoint","urlTemplate":"https:\/\/nbcustoms.pt\/?s={search_term_string}"},"query-input":{"@type":"PropertyValueSpecification","valueRequired":true,"valueName":"search_term_string"}}],"inLanguage":"en-GB"},{"@type":"Organization","@id":"https:\/\/nbcustoms.pt\/#organization","name":"NB Customs - Personaliza\u00e7\u00f5es BMW","url":"https:\/\/nbcustoms.pt\/","logo":{"@type":"ImageObject","inLanguage":"en-GB","@id":"https:\/\/nbcustoms.pt\/#\/schema\/logo\/image\/","url":"https:\/\/nbcustoms.pt\/wp-content\/uploads\/2025\/12\/logo.jpg","contentUrl":"https:\/\/nbcustoms.pt\/wp-content\/uploads\/2025\/12\/logo.jpg","width":450,"height":450,"caption":"NB Customs - Personaliza\u00e7\u00f5es BMW"},"image":{"@id":"https:\/\/nbcustoms.pt\/#\/schema\/logo\/image\/"},"sameAs":["https:\/\/www.instagram.com\/nb_customs__\/"]}]}},"_hostinger_reach_plugin_has_subscription_block":false,"_hostinger_reach_plugin_is_elementor":false,"jetpack_sharing_enabled":true,"_links":{"self":[{"href":"https:\/\/nbcustoms.pt\/en\/wp-json\/wp\/v2\/pages\/6465","targetHints":{"allow":["GET"]}}],"collection":[{"href":"https:\/\/nbcustoms.pt\/en\/wp-json\/wp\/v2\/pages"}],"about":[{"href":"https:\/\/nbcustoms.pt\/en\/wp-json\/wp\/v2\/types\/page"}],"author":[{"embeddable":true,"href":"https:\/\/nbcustoms.pt\/en\/wp-json\/wp\/v2\/users\/2"}],"replies":[{"embeddable":true,"href":"https:\/\/nbcustoms.pt\/en\/wp-json\/wp\/v2\/comments?post=6465"}],"version-history":[{"count":6,"href":"https:\/\/nbcustoms.pt\/en\/wp-json\/wp\/v2\/pages\/6465\/revisions"}],"predecessor-version":[{"id":6471,"href":"https:\/\/nbcustoms.pt\/en\/wp-json\/wp\/v2\/pages\/6465\/revisions\/6471"}],"wp:attachment":[{"href":"https:\/\/nbcustoms.pt\/en\/wp-json\/wp\/v2\/media?parent=6465"}],"curies":[{"name":"wp","href":"https:\/\/api.w.org\/{rel}","templated":true}]}}