{"id":12,"date":"2025-12-05T14:56:19","date_gmt":"2025-12-05T14:56:19","guid":{"rendered":"https:\/\/v3.nbcustoms.pt\/?page_id=12"},"modified":"2025-12-10T09:17:54","modified_gmt":"2025-12-10T09:17:54","slug":"devolucoes-garantias","status":"publish","type":"page","link":"https:\/\/nbcustoms.pt\/en\/devolucoes-garantias\/","title":{"rendered":"Returns &amp; Warranty"},"content":{"rendered":"<div data-elementor-type=\"wp-page\" data-elementor-id=\"12\" class=\"elementor elementor-12\" data-elementor-settings=\"{&quot;ha_cmc_init_switcher&quot;:&quot;no&quot;}\" data-elementor-post-type=\"page\">\n\t\t\t\t<div class=\"elementor-element elementor-element-3fa4ee87 e-flex e-con-boxed e-con e-parent\" data-id=\"3fa4ee87\" data-element_type=\"container\" data-e-type=\"container\" data-settings=\"{&quot;_ha_eqh_enable&quot;:false}\">\r\n\t\t\t\t\t<div class=\"e-con-inner\">\r\n\t\t\t\t<div class=\"elementor-element elementor-element-3a571672 elementor-widget elementor-widget-text-editor\" data-id=\"3a571672\" data-element_type=\"widget\" data-e-type=\"widget\" data-widget_type=\"text-editor.default\">\n\t\t\t\t\t\t\t\t\t\n<h1>Devulo\u00e7\u00f5es e Garantias<\/h1>\n<p>Obrigado por comprar em <strong>NB Customs \u2013 Personaliza\u00e7\u00f5es Bmw!<\/strong><\/p>\n\n<p>Oferecemos o reembolso e\/ou troca dentro dos primeiros 30 dias da sua compra. Se j\u00e1 tiverem passado 30 dias desde a data da sua compra, n\u00e3o lhe ser\u00e1 oferecido um reembolso e\/ou troca de qualquer tipo.<\/p>\n\n<p>Elegibilidade para Reembolsos e Trocas<\/p>\n\n<ul class=\"wp-block-list\">\n<li>O seu artigo deve estar por usar e nas mesmas condi\u00e7\u00f5es em que o recebeu.<\/li>\n\n<li>O artigo deve estar na embalagem original.<\/li>\n\n<li>Para completar a devolu\u00e7\u00e3o, exigimos um recibo ou prova de compra.<\/li>\n\n<li>Apenas oferecemos o reembolso de artigos vendidos ao pre\u00e7o normal, artigos em promo\u00e7\u00e3o n\u00e3o podem ser devolvidos.<\/li>\n\n<li>Se o artigo em quest\u00e3o for marcado como uma prenda no ato da compra e enviado diretamente para si, receber\u00e1 um cr\u00e9dito de oferta no valor da sua devolu\u00e7\u00e3o.<\/li>\n<\/ul>\n\n<p>Trocas\u00a0<em>(se aplic\u00e1vel)<\/em><\/p>\n\n<p>S\u00f3 substitu\u00edmos artigos se se encontrarem com defeitos ou danificados. Se precisar de trocar algo por um artigo igual, envie-nos um email para (geral@nbcustoms.pt) e envie-o para: (Rua do Norte n 1 \u2013 4740-142 Ap\u00falia, Esposende)<\/p>\n\n<p>Bens N\u00e3o Abrangidos<\/p>\n\n<p>Os seguintes bens n\u00e3o se encontram ao abrigo da pol\u00edtica de devolu\u00e7\u00f5es:<\/p>\n\n<ul class=\"wp-block-list\">\n<li>Cart\u00f5es de oferta<\/li>\n<\/ul>\n\n<p>S\u00e3o concedidos reembolsos parciais\u00a0<em>(se aplic\u00e1vel)<\/em><\/p>\n\n<ul class=\"wp-block-list\">\n<li>Qualquer artigo que n\u00e3o se encontre na sua condi\u00e7\u00e3o original, danificado, ou ao qual faltem pe\u00e7as por motivos que n\u00e3o sejam devido a erro nosso.<\/li>\n\n<li>Qualquer artigo que seja devolvido mais de 30 dias ap\u00f3s a entrega.<\/li>\n<\/ul>\n\n<p>Assim que a devolu\u00e7\u00e3o seja recebida e inspecionada, enviar-lhe-emos um email para o notificar que recebemos o seu artigo devolvido. Tamb\u00e9m o notificaremos da aprova\u00e7\u00e3o ou rejei\u00e7\u00e3o do seu reembolso.<\/p>\n\n<p>Se for aprovado, o seu reembolso ser\u00e1 processado e ser\u00e1 automaticamente aplicado um cr\u00e9dito ao seu cart\u00e3o de cr\u00e9dito ou m\u00e9todo original de pagamento, dentro de um certo n\u00famero de dias.<\/p>\n\n<p>Reembolsos atrasados ou em falta<\/p>\n\n<ul class=\"wp-block-list\">\n<li>Caso ainda n\u00e3o tenha recebido um reembolso, verifique primeiro a sua conta banc\u00e1ria. De seguida, contacte a empresa do seu cart\u00e3o de cr\u00e9dito, pode demorar algum tempo at\u00e9 o seu reembolso ser creditado oficialmente.<\/li>\n\n<li>Se j\u00e1 fez tudo isto e ainda n\u00e3o recebeu o seu reembolso, por favor contacte-nos (geral@nbcustoms.pt e ou +351 253 963 231)<\/li>\n<\/ul>\n\n<p>Envio<\/p>\n\n<ul class=\"wp-block-list\">\n<li>Por favor, n\u00e3o envie o produto de volta para o fabricante. Deve ser enviado para o seguinte endere\u00e7o (Rua do Norte n 1 \u2013 4740-142 Ap\u00falia, Esposende)<\/li>\n\n<li>Ser\u00e1 respons\u00e1vel por pagar os custos de envio para a devolu\u00e7\u00e3o do artigo.<\/li>\n\n<li>Os custos de envio n\u00e3o est\u00e3o sujeitos a reembolso! Se receber um reembolso, o custo da devolu\u00e7\u00e3o ser\u00e1 deduzido do seu reembolso.<\/li>\n\n<li>Dependendo de onde morar, o tempo que poder\u00e1 demorar at\u00e9 o seu produto chegar at\u00e9 si poder\u00e1 variar.<\/li>\n\n<li>Tenha em aten\u00e7\u00e3o que n\u00e3o podemos garantir que receberemos o seu artigo devolvido.<\/li>\n<\/ul>\n\n<p>\u00a0<\/p>\n\t\t\t\t\t\t\t\t<\/div>\n\t\t\t\t\t<\/div>\n\t\t\t\t<\/div>\n\t\t\t\t<\/div>","protected":false},"excerpt":{"rendered":"<p>Devulo\u00e7\u00f5es e Garantias Obrigado por comprar em NB Customs \u2013 Personaliza\u00e7\u00f5es Bmw! Oferecemos o reembolso e\/ou troca dentro dos primeiros 30 dias da sua compra. Se j\u00e1 tiverem passado 30 dias desde a data da sua compra, n\u00e3o lhe ser\u00e1 oferecido um reembolso e\/ou troca de qualquer tipo. Elegibilidade para Reembolsos e Trocas Trocas\u00a0(se aplic\u00e1vel) [&hellip;]<\/p>\n","protected":false},"author":1,"featured_media":0,"parent":0,"menu_order":0,"comment_status":"closed","ping_status":"closed","template":"","meta":{"footnotes":""},"class_list":["post-12","page","type-page","status-publish","hentry"],"yoast_head":"<!-- This site is optimized with the Yoast SEO Premium plugin v26.6 (Yoast SEO v26.6) - https:\/\/yoast.com\/wordpress\/plugins\/seo\/ -->\n<title>Devolu\u00e7\u00f5es e Garantias - NB Customs - Personaliza\u00e7\u00f5es BMW<\/title>\n<meta name=\"robots\" content=\"index, follow, max-snippet:-1, max-image-preview:large, max-video-preview:-1\" \/>\n<link rel=\"canonical\" href=\"https:\/\/nbcustoms.pt\/en\/devolucoes-garantias\/\" \/>\n<meta property=\"og:locale\" content=\"en_GB\" \/>\n<meta property=\"og:type\" content=\"article\" \/>\n<meta property=\"og:title\" content=\"Devolu\u00e7\u00f5es e Garantias\" \/>\n<meta property=\"og:description\" content=\"Devulo\u00e7\u00f5es e Garantias Obrigado por comprar em NB Customs \u2013 Personaliza\u00e7\u00f5es Bmw! Oferecemos o reembolso e\/ou troca dentro dos primeiros 30 dias da sua compra. Se j\u00e1 tiverem passado 30 dias desde a data da sua compra, n\u00e3o lhe ser\u00e1 oferecido um reembolso e\/ou troca de qualquer tipo. Elegibilidade para Reembolsos e Trocas Trocas\u00a0(se aplic\u00e1vel) [&hellip;]\" \/>\n<meta property=\"og:url\" content=\"https:\/\/nbcustoms.pt\/en\/devolucoes-garantias\/\" \/>\n<meta property=\"og:site_name\" content=\"NB Customs - Personaliza\u00e7\u00f5es BMW\" \/>\n<meta property=\"article:modified_time\" content=\"2025-12-10T09:17:54+00:00\" \/>\n<meta property=\"og:image\" content=\"https:\/\/nbcustoms.pt\/wp-content\/uploads\/2025\/12\/logo-1.jpg\" \/>\n\t<meta property=\"og:image:width\" content=\"450\" \/>\n\t<meta property=\"og:image:height\" content=\"450\" \/>\n\t<meta property=\"og:image:type\" content=\"image\/jpeg\" \/>\n<meta name=\"twitter:card\" content=\"summary_large_image\" \/>\n<meta name=\"twitter:label1\" content=\"Est. reading time\" \/>\n\t<meta name=\"twitter:data1\" content=\"2 minutes\" \/>\n<script type=\"application\/ld+json\" class=\"yoast-schema-graph\">{\"@context\":\"https:\/\/schema.org\",\"@graph\":[{\"@type\":\"WebPage\",\"@id\":\"https:\/\/nbcustoms.pt\/devolucoes-garantias\/\",\"url\":\"https:\/\/nbcustoms.pt\/devolucoes-garantias\/\",\"name\":\"Devolu\u00e7\u00f5es e Garantias - NB Customs - Personaliza\u00e7\u00f5es BMW\",\"isPartOf\":{\"@id\":\"https:\/\/nbcustoms.pt\/#website\"},\"datePublished\":\"2025-12-05T14:56:19+00:00\",\"dateModified\":\"2025-12-10T09:17:54+00:00\",\"breadcrumb\":{\"@id\":\"https:\/\/nbcustoms.pt\/devolucoes-garantias\/#breadcrumb\"},\"inLanguage\":\"en-GB\",\"potentialAction\":[{\"@type\":\"ReadAction\",\"target\":[\"https:\/\/nbcustoms.pt\/devolucoes-garantias\/\"]}]},{\"@type\":\"BreadcrumbList\",\"@id\":\"https:\/\/nbcustoms.pt\/devolucoes-garantias\/#breadcrumb\",\"itemListElement\":[{\"@type\":\"ListItem\",\"position\":1,\"name\":\"Home\",\"item\":\"https:\/\/nbcustoms.pt\/\"},{\"@type\":\"ListItem\",\"position\":2,\"name\":\"Devolu\u00e7\u00f5es e Garantias\"}]},{\"@type\":\"WebSite\",\"@id\":\"https:\/\/nbcustoms.pt\/#website\",\"url\":\"https:\/\/nbcustoms.pt\/\",\"name\":\"NB Customs - Personaliza\u00e7\u00f5es BMW\",\"description\":\"Transforma o teu BMW com especialistas.\",\"publisher\":{\"@id\":\"https:\/\/nbcustoms.pt\/#organization\"},\"potentialAction\":[{\"@type\":\"SearchAction\",\"target\":{\"@type\":\"EntryPoint\",\"urlTemplate\":\"https:\/\/nbcustoms.pt\/?s={search_term_string}\"},\"query-input\":{\"@type\":\"PropertyValueSpecification\",\"valueRequired\":true,\"valueName\":\"search_term_string\"}}],\"inLanguage\":\"en-GB\"},{\"@type\":\"Organization\",\"@id\":\"https:\/\/nbcustoms.pt\/#organization\",\"name\":\"NB Customs - Personaliza\u00e7\u00f5es BMW\",\"url\":\"https:\/\/nbcustoms.pt\/\",\"logo\":{\"@type\":\"ImageObject\",\"inLanguage\":\"en-GB\",\"@id\":\"https:\/\/nbcustoms.pt\/#\/schema\/logo\/image\/\",\"url\":\"https:\/\/nbcustoms.pt\/wp-content\/uploads\/2025\/12\/logo.jpg\",\"contentUrl\":\"https:\/\/nbcustoms.pt\/wp-content\/uploads\/2025\/12\/logo.jpg\",\"width\":450,\"height\":450,\"caption\":\"NB Customs - Personaliza\u00e7\u00f5es BMW\"},\"image\":{\"@id\":\"https:\/\/nbcustoms.pt\/#\/schema\/logo\/image\/\"},\"sameAs\":[\"https:\/\/www.instagram.com\/nb_customs__\/\"]}]}<\/script>\n<!-- \/ Yoast SEO Premium plugin. -->","yoast_head_json":{"title":"Devolu\u00e7\u00f5es e Garantias - NB Customs - Personaliza\u00e7\u00f5es BMW","robots":{"index":"index","follow":"follow","max-snippet":"max-snippet:-1","max-image-preview":"max-image-preview:large","max-video-preview":"max-video-preview:-1"},"canonical":"https:\/\/nbcustoms.pt\/en\/devolucoes-garantias\/","og_locale":"en_GB","og_type":"article","og_title":"Devolu\u00e7\u00f5es e Garantias","og_description":"Devulo\u00e7\u00f5es e Garantias Obrigado por comprar em NB Customs \u2013 Personaliza\u00e7\u00f5es Bmw! Oferecemos o reembolso e\/ou troca dentro dos primeiros 30 dias da sua compra. Se j\u00e1 tiverem passado 30 dias desde a data da sua compra, n\u00e3o lhe ser\u00e1 oferecido um reembolso e\/ou troca de qualquer tipo. Elegibilidade para Reembolsos e Trocas Trocas\u00a0(se aplic\u00e1vel) [&hellip;]","og_url":"https:\/\/nbcustoms.pt\/en\/devolucoes-garantias\/","og_site_name":"NB Customs - Personaliza\u00e7\u00f5es BMW","article_modified_time":"2025-12-10T09:17:54+00:00","og_image":[{"width":450,"height":450,"url":"https:\/\/nbcustoms.pt\/wp-content\/uploads\/2025\/12\/logo-1.jpg","type":"image\/jpeg"}],"twitter_card":"summary_large_image","twitter_misc":{"Est. reading time":"2 minutes"},"schema":{"@context":"https:\/\/schema.org","@graph":[{"@type":"WebPage","@id":"https:\/\/nbcustoms.pt\/devolucoes-garantias\/","url":"https:\/\/nbcustoms.pt\/devolucoes-garantias\/","name":"Devolu\u00e7\u00f5es e Garantias - NB Customs - Personaliza\u00e7\u00f5es BMW","isPartOf":{"@id":"https:\/\/nbcustoms.pt\/#website"},"datePublished":"2025-12-05T14:56:19+00:00","dateModified":"2025-12-10T09:17:54+00:00","breadcrumb":{"@id":"https:\/\/nbcustoms.pt\/devolucoes-garantias\/#breadcrumb"},"inLanguage":"en-GB","potentialAction":[{"@type":"ReadAction","target":["https:\/\/nbcustoms.pt\/devolucoes-garantias\/"]}]},{"@type":"BreadcrumbList","@id":"https:\/\/nbcustoms.pt\/devolucoes-garantias\/#breadcrumb","itemListElement":[{"@type":"ListItem","position":1,"name":"Home","item":"https:\/\/nbcustoms.pt\/"},{"@type":"ListItem","position":2,"name":"Devolu\u00e7\u00f5es e Garantias"}]},{"@type":"WebSite","@id":"https:\/\/nbcustoms.pt\/#website","url":"https:\/\/nbcustoms.pt\/","name":"NB Customs - Personaliza\u00e7\u00f5es BMW","description":"Transforma o teu BMW com especialistas.","publisher":{"@id":"https:\/\/nbcustoms.pt\/#organization"},"potentialAction":[{"@type":"SearchAction","target":{"@type":"EntryPoint","urlTemplate":"https:\/\/nbcustoms.pt\/?s={search_term_string}"},"query-input":{"@type":"PropertyValueSpecification","valueRequired":true,"valueName":"search_term_string"}}],"inLanguage":"en-GB"},{"@type":"Organization","@id":"https:\/\/nbcustoms.pt\/#organization","name":"NB Customs - Personaliza\u00e7\u00f5es BMW","url":"https:\/\/nbcustoms.pt\/","logo":{"@type":"ImageObject","inLanguage":"en-GB","@id":"https:\/\/nbcustoms.pt\/#\/schema\/logo\/image\/","url":"https:\/\/nbcustoms.pt\/wp-content\/uploads\/2025\/12\/logo.jpg","contentUrl":"https:\/\/nbcustoms.pt\/wp-content\/uploads\/2025\/12\/logo.jpg","width":450,"height":450,"caption":"NB Customs - Personaliza\u00e7\u00f5es BMW"},"image":{"@id":"https:\/\/nbcustoms.pt\/#\/schema\/logo\/image\/"},"sameAs":["https:\/\/www.instagram.com\/nb_customs__\/"]}]}},"_hostinger_reach_plugin_has_subscription_block":false,"_hostinger_reach_plugin_is_elementor":false,"jetpack_sharing_enabled":true,"_links":{"self":[{"href":"https:\/\/nbcustoms.pt\/en\/wp-json\/wp\/v2\/pages\/12","targetHints":{"allow":["GET"]}}],"collection":[{"href":"https:\/\/nbcustoms.pt\/en\/wp-json\/wp\/v2\/pages"}],"about":[{"href":"https:\/\/nbcustoms.pt\/en\/wp-json\/wp\/v2\/types\/page"}],"author":[{"embeddable":true,"href":"https:\/\/nbcustoms.pt\/en\/wp-json\/wp\/v2\/users\/1"}],"replies":[{"embeddable":true,"href":"https:\/\/nbcustoms.pt\/en\/wp-json\/wp\/v2\/comments?post=12"}],"version-history":[{"count":9,"href":"https:\/\/nbcustoms.pt\/en\/wp-json\/wp\/v2\/pages\/12\/revisions"}],"predecessor-version":[{"id":6390,"href":"https:\/\/nbcustoms.pt\/en\/wp-json\/wp\/v2\/pages\/12\/revisions\/6390"}],"wp:attachment":[{"href":"https:\/\/nbcustoms.pt\/en\/wp-json\/wp\/v2\/media?parent=12"}],"curies":[{"name":"wp","href":"https:\/\/api.w.org\/{rel}","templated":true}]}}